{"id":1778,"date":"2025-01-13T13:06:43","date_gmt":"2025-01-13T12:06:43","guid":{"rendered":"https:\/\/okm.si\/kompanija\/team\/"},"modified":"2025-04-09T12:18:02","modified_gmt":"2025-04-09T10:18:02","slug":"nas-tim","status":"publish","type":"page","link":"https:\/\/okm.si\/sr\/kompanija\/nas-tim\/","title":{"rendered":"Na\u0161 tim"},"content":{"rendered":"\n<div class=\"wp-block-columns is-layout-flex wp-container-core-columns-is-layout-9d6595d7 wp-block-columns-is-layout-flex\">\n<div class=\"wp-block-column is-layout-flow wp-block-column-is-layout-flow\" style=\"flex-basis:60%\">\n<h2 class=\"wp-block-heading\">Team<\/h2>\n\n\n\n<p><br><strong>Na\u0161 tim: Stru\u010dnjaci kojima mo\u017eete verovati<\/strong><\/p>\n\n\n\n<p><br>U O.K.M.-u, na\u0161 tim je srce svega \u0161to radimo. Svaki \u010dlan donosi stru\u010dnost, kreativnost i strast u svoj rad, kombinuju\u0107i godine iskustva sa sve\u017eim perspektivama kako bi pokretao inovacije u oblasti korektivnih nao\u010dara. Na\u0161 tim, koji je kao porodica, podsti\u010de saradnju i poverenje, odra\u017eavaju\u0107i vrednosti porodi\u010dne firme, a u isto vreme ispunjavaju\u0107i zahteve globalne industrije.<\/p>\n\n\n\n<p>Zajedno, mi ne stvaramo samo proizvode; gradimo dugoro\u010dna partnerstva i osna\u017eujemo opti\u010dare i profesionalce u oblasti nao\u010dara da postignu uspeh.<\/p>\n\n\n\n<p><br><strong>Stvaramo preciznost, osna\u017eujemo vid.<\/strong><\/p>\n<\/div>\n\n\n\n<div class=\"wp-block-column is-layout-flow wp-block-column-is-layout-flow\" style=\"flex-basis:40%\">\n<p><\/p>\n<\/div>\n<\/div>\n\n\n\n<p><\/p>\n","protected":false},"excerpt":{"rendered":"<p>Team Na\u0161 tim: Stru\u010dnjaci kojima mo\u017eete verovati U O.K.M.-u, na\u0161 tim je srce svega \u0161to radimo. Svaki \u010dlan donosi stru\u010dnost, kreativnost i strast u svoj rad, kombinuju\u0107i godine iskustva sa sve\u017eim perspektivama kako bi pokretao inovacije u oblasti korektivnih nao\u010dara. Na\u0161 tim, koji je kao porodica, podsti\u010de saradnju i poverenje, odra\u017eavaju\u0107i vrednosti porodi\u010dne firme, a [&hellip;]<\/p>\n","protected":false},"author":2,"featured_media":0,"parent":1765,"menu_order":47,"comment_status":"closed","ping_status":"closed","template":"","meta":{"_acf_changed":false,"inline_featured_image":false,"footnotes":""},"class_list":["post-1778","page","type-page","status-publish","hentry"],"acf":[],"yoast_head":"<!-- This site is optimized with the Yoast SEO plugin v27.4 - https:\/\/yoast.com\/product\/yoast-seo-wordpress\/ -->\n<title>Na\u0161 tim - OKM<\/title>\n<meta name=\"robots\" content=\"index, follow, max-snippet:-1, max-image-preview:large, max-video-preview:-1\" \/>\n<link rel=\"canonical\" href=\"https:\/\/okm.si\/sr\/kompanija\/nas-tim\/\" \/>\n<meta property=\"og:locale\" content=\"en_US\" \/>\n<meta property=\"og:type\" content=\"article\" \/>\n<meta property=\"og:title\" content=\"Na\u0161 tim - OKM\" \/>\n<meta property=\"og:description\" content=\"Team Na\u0161 tim: Stru\u010dnjaci kojima mo\u017eete verovati U O.K.M.-u, na\u0161 tim je srce svega \u0161to radimo. Svaki \u010dlan donosi stru\u010dnost, kreativnost i strast u svoj rad, kombinuju\u0107i godine iskustva sa sve\u017eim perspektivama kako bi pokretao inovacije u oblasti korektivnih nao\u010dara. Na\u0161 tim, koji je kao porodica, podsti\u010de saradnju i poverenje, odra\u017eavaju\u0107i vrednosti porodi\u010dne firme, a [&hellip;]\" \/>\n<meta property=\"og:url\" content=\"https:\/\/okm.si\/sr\/kompanija\/nas-tim\/\" \/>\n<meta property=\"og:site_name\" content=\"OKM\" \/>\n<meta property=\"article:modified_time\" content=\"2025-04-09T10:18:02+00:00\" \/>\n<meta name=\"twitter:card\" content=\"summary_large_image\" \/>\n<meta name=\"twitter:label1\" content=\"Est. reading time\" \/>\n\t<meta name=\"twitter:data1\" content=\"1 minute\" \/>\n<script type=\"application\/ld+json\" class=\"yoast-schema-graph\">{\"@context\":\"https:\\\/\\\/schema.org\",\"@graph\":[{\"@type\":\"WebPage\",\"@id\":\"https:\\\/\\\/okm.si\\\/sr\\\/kompanija\\\/nas-tim\\\/\",\"url\":\"https:\\\/\\\/okm.si\\\/sr\\\/kompanija\\\/nas-tim\\\/\",\"name\":\"Na\u0161 tim - OKM\",\"isPartOf\":{\"@id\":\"https:\\\/\\\/okm.si\\\/sl\\\/#website\"},\"datePublished\":\"2025-01-13T12:06:43+00:00\",\"dateModified\":\"2025-04-09T10:18:02+00:00\",\"breadcrumb\":{\"@id\":\"https:\\\/\\\/okm.si\\\/sr\\\/kompanija\\\/nas-tim\\\/#breadcrumb\"},\"inLanguage\":\"sr-latn\",\"potentialAction\":[{\"@type\":\"ReadAction\",\"target\":[\"https:\\\/\\\/okm.si\\\/sr\\\/kompanija\\\/nas-tim\\\/\"]}]},{\"@type\":\"BreadcrumbList\",\"@id\":\"https:\\\/\\\/okm.si\\\/sr\\\/kompanija\\\/nas-tim\\\/#breadcrumb\",\"itemListElement\":[{\"@type\":\"ListItem\",\"position\":1,\"name\":\"Home\",\"item\":\"https:\\\/\\\/okm.si\\\/sr\\\/\"},{\"@type\":\"ListItem\",\"position\":2,\"name\":\"Kompanija\",\"item\":\"https:\\\/\\\/okm.si\\\/sr\\\/kompanija\\\/\"},{\"@type\":\"ListItem\",\"position\":3,\"name\":\"Na\u0161 tim\"}]},{\"@type\":\"WebSite\",\"@id\":\"https:\\\/\\\/okm.si\\\/sl\\\/#website\",\"url\":\"https:\\\/\\\/okm.si\\\/sl\\\/\",\"name\":\"OKM\",\"description\":\"Prescription Lenses manufacturing company\",\"publisher\":{\"@id\":\"https:\\\/\\\/okm.si\\\/sl\\\/#organization\"},\"potentialAction\":[{\"@type\":\"SearchAction\",\"target\":{\"@type\":\"EntryPoint\",\"urlTemplate\":\"https:\\\/\\\/okm.si\\\/sl\\\/?s={search_term_string}\"},\"query-input\":{\"@type\":\"PropertyValueSpecification\",\"valueRequired\":true,\"valueName\":\"search_term_string\"}}],\"inLanguage\":\"sr-latn\"},{\"@type\":\"Organization\",\"@id\":\"https:\\\/\\\/okm.si\\\/sl\\\/#organization\",\"name\":\"OKM d.o.o.\",\"url\":\"https:\\\/\\\/okm.si\\\/sl\\\/\",\"logo\":{\"@type\":\"ImageObject\",\"inLanguage\":\"sr-latn\",\"@id\":\"https:\\\/\\\/okm.si\\\/sl\\\/#\\\/schema\\\/logo\\\/image\\\/\",\"url\":\"https:\\\/\\\/okm.si\\\/wp-content\\\/uploads\\\/2024\\\/12\\\/logo-blue.svg\",\"contentUrl\":\"https:\\\/\\\/okm.si\\\/wp-content\\\/uploads\\\/2024\\\/12\\\/logo-blue.svg\",\"width\":112,\"height\":46,\"caption\":\"OKM d.o.o.\"},\"image\":{\"@id\":\"https:\\\/\\\/okm.si\\\/sl\\\/#\\\/schema\\\/logo\\\/image\\\/\"}}]}<\/script>\n<!-- \/ Yoast SEO plugin. -->","yoast_head_json":{"title":"Na\u0161 tim - OKM","robots":{"index":"index","follow":"follow","max-snippet":"max-snippet:-1","max-image-preview":"max-image-preview:large","max-video-preview":"max-video-preview:-1"},"canonical":"https:\/\/okm.si\/sr\/kompanija\/nas-tim\/","og_locale":"en_US","og_type":"article","og_title":"Na\u0161 tim - OKM","og_description":"Team Na\u0161 tim: Stru\u010dnjaci kojima mo\u017eete verovati U O.K.M.-u, na\u0161 tim je srce svega \u0161to radimo. Svaki \u010dlan donosi stru\u010dnost, kreativnost i strast u svoj rad, kombinuju\u0107i godine iskustva sa sve\u017eim perspektivama kako bi pokretao inovacije u oblasti korektivnih nao\u010dara. Na\u0161 tim, koji je kao porodica, podsti\u010de saradnju i poverenje, odra\u017eavaju\u0107i vrednosti porodi\u010dne firme, a [&hellip;]","og_url":"https:\/\/okm.si\/sr\/kompanija\/nas-tim\/","og_site_name":"OKM","article_modified_time":"2025-04-09T10:18:02+00:00","twitter_card":"summary_large_image","twitter_misc":{"Est. reading time":"1 minute"},"schema":{"@context":"https:\/\/schema.org","@graph":[{"@type":"WebPage","@id":"https:\/\/okm.si\/sr\/kompanija\/nas-tim\/","url":"https:\/\/okm.si\/sr\/kompanija\/nas-tim\/","name":"Na\u0161 tim - OKM","isPartOf":{"@id":"https:\/\/okm.si\/sl\/#website"},"datePublished":"2025-01-13T12:06:43+00:00","dateModified":"2025-04-09T10:18:02+00:00","breadcrumb":{"@id":"https:\/\/okm.si\/sr\/kompanija\/nas-tim\/#breadcrumb"},"inLanguage":"sr-latn","potentialAction":[{"@type":"ReadAction","target":["https:\/\/okm.si\/sr\/kompanija\/nas-tim\/"]}]},{"@type":"BreadcrumbList","@id":"https:\/\/okm.si\/sr\/kompanija\/nas-tim\/#breadcrumb","itemListElement":[{"@type":"ListItem","position":1,"name":"Home","item":"https:\/\/okm.si\/sr\/"},{"@type":"ListItem","position":2,"name":"Kompanija","item":"https:\/\/okm.si\/sr\/kompanija\/"},{"@type":"ListItem","position":3,"name":"Na\u0161 tim"}]},{"@type":"WebSite","@id":"https:\/\/okm.si\/sl\/#website","url":"https:\/\/okm.si\/sl\/","name":"OKM","description":"Prescription Lenses manufacturing company","publisher":{"@id":"https:\/\/okm.si\/sl\/#organization"},"potentialAction":[{"@type":"SearchAction","target":{"@type":"EntryPoint","urlTemplate":"https:\/\/okm.si\/sl\/?s={search_term_string}"},"query-input":{"@type":"PropertyValueSpecification","valueRequired":true,"valueName":"search_term_string"}}],"inLanguage":"sr-latn"},{"@type":"Organization","@id":"https:\/\/okm.si\/sl\/#organization","name":"OKM d.o.o.","url":"https:\/\/okm.si\/sl\/","logo":{"@type":"ImageObject","inLanguage":"sr-latn","@id":"https:\/\/okm.si\/sl\/#\/schema\/logo\/image\/","url":"https:\/\/okm.si\/wp-content\/uploads\/2024\/12\/logo-blue.svg","contentUrl":"https:\/\/okm.si\/wp-content\/uploads\/2024\/12\/logo-blue.svg","width":112,"height":46,"caption":"OKM d.o.o."},"image":{"@id":"https:\/\/okm.si\/sl\/#\/schema\/logo\/image\/"}}]}},"_links":{"self":[{"href":"https:\/\/okm.si\/sr\/wp-json\/wp\/v2\/pages\/1778","targetHints":{"allow":["GET"]}}],"collection":[{"href":"https:\/\/okm.si\/sr\/wp-json\/wp\/v2\/pages"}],"about":[{"href":"https:\/\/okm.si\/sr\/wp-json\/wp\/v2\/types\/page"}],"author":[{"embeddable":true,"href":"https:\/\/okm.si\/sr\/wp-json\/wp\/v2\/users\/2"}],"replies":[{"embeddable":true,"href":"https:\/\/okm.si\/sr\/wp-json\/wp\/v2\/comments?post=1778"}],"version-history":[{"count":2,"href":"https:\/\/okm.si\/sr\/wp-json\/wp\/v2\/pages\/1778\/revisions"}],"predecessor-version":[{"id":1974,"href":"https:\/\/okm.si\/sr\/wp-json\/wp\/v2\/pages\/1778\/revisions\/1974"}],"up":[{"embeddable":true,"href":"https:\/\/okm.si\/sr\/wp-json\/wp\/v2\/pages\/1765"}],"wp:attachment":[{"href":"https:\/\/okm.si\/sr\/wp-json\/wp\/v2\/media?parent=1778"}],"curies":[{"name":"wp","href":"https:\/\/api.w.org\/{rel}","templated":true}]}}