{"id":1773,"date":"2025-01-13T13:03:25","date_gmt":"2025-01-13T12:03:25","guid":{"rendered":"https:\/\/okm.si\/kompanija\/history\/"},"modified":"2025-04-09T12:15:04","modified_gmt":"2025-04-09T10:15:04","slug":"istorija","status":"publish","type":"page","link":"https:\/\/okm.si\/sr\/kompanija\/istorija\/","title":{"rendered":"Istorija"},"content":{"rendered":"\n<div class=\"wp-block-columns is-layout-flex wp-container-core-columns-is-layout-9d6595d7 wp-block-columns-is-layout-flex\">\n<div class=\"wp-block-column is-layout-flow wp-block-column-is-layout-flow\" style=\"flex-basis:60%\">\n<h2 class=\"wp-block-heading\">Istorija<\/h2>\n\n\n\n<p><br><strong>Strast za inovacijama od po\u010detka<\/strong><\/p>\n\n\n\n<p><br>Osnovana 1979. godine, O.K.M. je oduvek bila porodi\u010dna kompanija, vo\u0111ena stra\u0161\u0107u za unapre\u0111enje nege vida. Od samog po\u010detka, postavili smo sebi cilj da napravimo razliku stvaranjem prvih metalnih okvira za korektivne nao\u010dare u Sloveniji. Godine 1989. \u0161irimo se na polje korektivnih stakala i na taj na\u010din postali smo pioniri u ovoj oblasti postavljaju\u0107i temelje onoga \u0161to \u0107e postati legat kvaliteta i posve\u0107enosti.<\/p>\n\n\n\n<p><br><strong>Rast zasnovan na poverenju i posve\u0107enosti<\/strong><\/p>\n\n\n\n<p><br>Kako je na\u0161a kompanija rasla, rasla je i na\u0161a posve\u0107enost izvrsnosti. Godine 1991. prelazimo u dru\u0161tvo sa ograni\u010denom odgovorno\u0161\u0107u, centralizuju\u0107i operacije u na\u0161oj fabrici u Ajdov\u0161\u010dini kako bismo bolje slu\u017eili na\u0161im klijentima. Pro\u0161iruju\u0107i se na me\u0111unarodna tr\u017ei\u0161ta, otvaramo distribucijsku fran\u0161izu u Hrvatskoj i Srbiji 1999. godine i prihvatamo najnoviju Free-form proizvodnu tehnologiju 2004. godine, lansiraju\u0107i sopstvenu marku progresivnih stakala. Godine 2009. osnovali smo fabriku za proizvodnju dioptrijskih stakala u Novom Sadu u Srbiji, kako bismo zadovoljili potrebe srpskog tr\u017ei\u0161ta, a zatim smo zapo\u010deli \u0161irenje na nema\u010dko tr\u017ei\u0161te. Uvek smo verovali u izgradnju dugoro\u010dnih odnosa i pru\u017eanje re\u0161enja koja zadovoljavaju jedinstvene potrebe opti\u010dara i profesionalaca u oblasti nao\u010dara.<\/p>\n\n\n\n<p><strong><br>Gradimo budu\u0107nost zajedno<\/strong><\/p>\n\n\n\n<p><br>Godine 2024. napravili smo jo\u0161 jedan zna\u010dajan korak napred otvaranjem novog proizvodnog centra u Novom Sadu, Srbiji, i \u0161irenjem na austrijsko tr\u017ei\u0161te. Ovi razvojni koraci odra\u017eavaju na\u0161u kontinuiranu posve\u0107enost inovacijama i rastu. U O.K.M.-u, i dalje smo porodi\u010dna firma u srcu, sada vo\u0111ena liderom druge generacije, Jakom Kukovi\u010dem, koji svakodnevno radi na pru\u017eanju visokokvalitetnih, prilagodljivih re\u0161enja koja oblikuju budu\u0107nost nege vida. Zajedno, i dalje se fokusiramo na ono \u0161to je najva\u017enije: na\u0161e partnere, njihove potrebe i njihov uspeh.<\/p>\n\n\n\n<p><br><strong>Na\u0161a misija u O.K.M. je jasna: Vizija izvrsnosti<\/strong><\/p>\n\n\n\n<p><br>U O.K.M.-u, ponosimo se time \u0161to smo porodi\u010dna firma u kojoj svaka odluka i inovacija dolazi iz posve\u0107enosti i anga\u017eovanja. Na\u0161a misija je pru\u017eiti opti\u010darima i profesionalcima najbolja re\u0161enja za korektivna stakla. Kroz kontinuirane inovacije u proizvodnji, materijalima i uslugama, obezbe\u0111ujemo jasno\u0107u vida i gradimo poverenje sa svakim klijentom. Oblikujmo budu\u0107nost nege vida zajedno.<\/p>\n<\/div>\n\n\n\n<div class=\"wp-block-column is-layout-flow wp-block-column-is-layout-flow\" style=\"flex-basis:40%\">\n<figure class=\"wp-block-image size-full\"><img loading=\"lazy\" decoding=\"async\" width=\"900\" height=\"140\" src=\"https:\/\/okm.si\/wp-content\/uploads\/2025\/02\/certifikat1.png\" alt=\"\" class=\"wp-image-1194\" srcset=\"https:\/\/okm.si\/wp-content\/uploads\/2025\/02\/certifikat1.png 900w, https:\/\/okm.si\/wp-content\/uploads\/2025\/02\/certifikat1-300x47.png 300w, https:\/\/okm.si\/wp-content\/uploads\/2025\/02\/certifikat1-768x119.png 768w\" sizes=\"auto, (max-width: 900px) 100vw, 900px\" \/><\/figure>\n<\/div>\n<\/div>\n\n\n\n<p><\/p>\n","protected":false},"excerpt":{"rendered":"<p>Istorija Strast za inovacijama od po\u010detka Osnovana 1979. godine, O.K.M. je oduvek bila porodi\u010dna kompanija, vo\u0111ena stra\u0161\u0107u za unapre\u0111enje nege vida. Od samog po\u010detka, postavili smo sebi cilj da napravimo razliku stvaranjem prvih metalnih okvira za korektivne nao\u010dare u Sloveniji. Godine 1989. \u0161irimo se na polje korektivnih stakala i na taj na\u010din postali smo pioniri [&hellip;]<\/p>\n","protected":false},"author":2,"featured_media":0,"parent":1765,"menu_order":38,"comment_status":"closed","ping_status":"closed","template":"","meta":{"_acf_changed":false,"inline_featured_image":false,"footnotes":""},"class_list":["post-1773","page","type-page","status-publish","hentry"],"acf":[],"yoast_head":"<!-- This site is optimized with the Yoast SEO plugin v27.4 - https:\/\/yoast.com\/product\/yoast-seo-wordpress\/ -->\n<title>Istorija - OKM<\/title>\n<meta name=\"robots\" content=\"index, follow, max-snippet:-1, max-image-preview:large, max-video-preview:-1\" \/>\n<link rel=\"canonical\" href=\"https:\/\/okm.si\/sr\/kompanija\/istorija\/\" \/>\n<meta property=\"og:locale\" content=\"en_US\" \/>\n<meta property=\"og:type\" content=\"article\" \/>\n<meta property=\"og:title\" content=\"Istorija - OKM\" \/>\n<meta property=\"og:description\" content=\"Istorija Strast za inovacijama od po\u010detka Osnovana 1979. godine, O.K.M. je oduvek bila porodi\u010dna kompanija, vo\u0111ena stra\u0161\u0107u za unapre\u0111enje nege vida. Od samog po\u010detka, postavili smo sebi cilj da napravimo razliku stvaranjem prvih metalnih okvira za korektivne nao\u010dare u Sloveniji. Godine 1989. \u0161irimo se na polje korektivnih stakala i na taj na\u010din postali smo pioniri [&hellip;]\" \/>\n<meta property=\"og:url\" content=\"https:\/\/okm.si\/sr\/kompanija\/istorija\/\" \/>\n<meta property=\"og:site_name\" content=\"OKM\" \/>\n<meta property=\"article:modified_time\" content=\"2025-04-09T10:15:04+00:00\" \/>\n<meta property=\"og:image\" content=\"https:\/\/okm.si\/wp-content\/uploads\/2025\/02\/certifikat1.png\" \/>\n\t<meta property=\"og:image:width\" content=\"900\" \/>\n\t<meta property=\"og:image:height\" content=\"140\" \/>\n\t<meta property=\"og:image:type\" content=\"image\/png\" \/>\n<meta name=\"twitter:card\" content=\"summary_large_image\" \/>\n<meta name=\"twitter:label1\" content=\"Est. reading time\" \/>\n\t<meta name=\"twitter:data1\" content=\"2 minutes\" \/>\n<script type=\"application\/ld+json\" class=\"yoast-schema-graph\">{\"@context\":\"https:\\\/\\\/schema.org\",\"@graph\":[{\"@type\":\"WebPage\",\"@id\":\"https:\\\/\\\/okm.si\\\/sr\\\/kompanija\\\/istorija\\\/\",\"url\":\"https:\\\/\\\/okm.si\\\/sr\\\/kompanija\\\/istorija\\\/\",\"name\":\"Istorija - OKM\",\"isPartOf\":{\"@id\":\"https:\\\/\\\/okm.si\\\/sl\\\/#website\"},\"primaryImageOfPage\":{\"@id\":\"https:\\\/\\\/okm.si\\\/sr\\\/kompanija\\\/istorija\\\/#primaryimage\"},\"image\":{\"@id\":\"https:\\\/\\\/okm.si\\\/sr\\\/kompanija\\\/istorija\\\/#primaryimage\"},\"thumbnailUrl\":\"https:\\\/\\\/okm.si\\\/wp-content\\\/uploads\\\/2025\\\/02\\\/certifikat1.png\",\"datePublished\":\"2025-01-13T12:03:25+00:00\",\"dateModified\":\"2025-04-09T10:15:04+00:00\",\"breadcrumb\":{\"@id\":\"https:\\\/\\\/okm.si\\\/sr\\\/kompanija\\\/istorija\\\/#breadcrumb\"},\"inLanguage\":\"sr-latn\",\"potentialAction\":[{\"@type\":\"ReadAction\",\"target\":[\"https:\\\/\\\/okm.si\\\/sr\\\/kompanija\\\/istorija\\\/\"]}]},{\"@type\":\"ImageObject\",\"inLanguage\":\"sr-latn\",\"@id\":\"https:\\\/\\\/okm.si\\\/sr\\\/kompanija\\\/istorija\\\/#primaryimage\",\"url\":\"https:\\\/\\\/okm.si\\\/wp-content\\\/uploads\\\/2025\\\/02\\\/certifikat1.png\",\"contentUrl\":\"https:\\\/\\\/okm.si\\\/wp-content\\\/uploads\\\/2025\\\/02\\\/certifikat1.png\"},{\"@type\":\"BreadcrumbList\",\"@id\":\"https:\\\/\\\/okm.si\\\/sr\\\/kompanija\\\/istorija\\\/#breadcrumb\",\"itemListElement\":[{\"@type\":\"ListItem\",\"position\":1,\"name\":\"Home\",\"item\":\"https:\\\/\\\/okm.si\\\/sr\\\/\"},{\"@type\":\"ListItem\",\"position\":2,\"name\":\"Kompanija\",\"item\":\"https:\\\/\\\/okm.si\\\/sr\\\/kompanija\\\/\"},{\"@type\":\"ListItem\",\"position\":3,\"name\":\"Istorija\"}]},{\"@type\":\"WebSite\",\"@id\":\"https:\\\/\\\/okm.si\\\/sl\\\/#website\",\"url\":\"https:\\\/\\\/okm.si\\\/sl\\\/\",\"name\":\"OKM\",\"description\":\"Prescription Lenses manufacturing company\",\"publisher\":{\"@id\":\"https:\\\/\\\/okm.si\\\/sl\\\/#organization\"},\"potentialAction\":[{\"@type\":\"SearchAction\",\"target\":{\"@type\":\"EntryPoint\",\"urlTemplate\":\"https:\\\/\\\/okm.si\\\/sl\\\/?s={search_term_string}\"},\"query-input\":{\"@type\":\"PropertyValueSpecification\",\"valueRequired\":true,\"valueName\":\"search_term_string\"}}],\"inLanguage\":\"sr-latn\"},{\"@type\":\"Organization\",\"@id\":\"https:\\\/\\\/okm.si\\\/sl\\\/#organization\",\"name\":\"OKM d.o.o.\",\"url\":\"https:\\\/\\\/okm.si\\\/sl\\\/\",\"logo\":{\"@type\":\"ImageObject\",\"inLanguage\":\"sr-latn\",\"@id\":\"https:\\\/\\\/okm.si\\\/sl\\\/#\\\/schema\\\/logo\\\/image\\\/\",\"url\":\"https:\\\/\\\/okm.si\\\/wp-content\\\/uploads\\\/2024\\\/12\\\/logo-blue.svg\",\"contentUrl\":\"https:\\\/\\\/okm.si\\\/wp-content\\\/uploads\\\/2024\\\/12\\\/logo-blue.svg\",\"width\":112,\"height\":46,\"caption\":\"OKM d.o.o.\"},\"image\":{\"@id\":\"https:\\\/\\\/okm.si\\\/sl\\\/#\\\/schema\\\/logo\\\/image\\\/\"}}]}<\/script>\n<!-- \/ Yoast SEO plugin. -->","yoast_head_json":{"title":"Istorija - OKM","robots":{"index":"index","follow":"follow","max-snippet":"max-snippet:-1","max-image-preview":"max-image-preview:large","max-video-preview":"max-video-preview:-1"},"canonical":"https:\/\/okm.si\/sr\/kompanija\/istorija\/","og_locale":"en_US","og_type":"article","og_title":"Istorija - OKM","og_description":"Istorija Strast za inovacijama od po\u010detka Osnovana 1979. godine, O.K.M. je oduvek bila porodi\u010dna kompanija, vo\u0111ena stra\u0161\u0107u za unapre\u0111enje nege vida. Od samog po\u010detka, postavili smo sebi cilj da napravimo razliku stvaranjem prvih metalnih okvira za korektivne nao\u010dare u Sloveniji. Godine 1989. \u0161irimo se na polje korektivnih stakala i na taj na\u010din postali smo pioniri [&hellip;]","og_url":"https:\/\/okm.si\/sr\/kompanija\/istorija\/","og_site_name":"OKM","article_modified_time":"2025-04-09T10:15:04+00:00","og_image":[{"width":900,"height":140,"url":"https:\/\/okm.si\/wp-content\/uploads\/2025\/02\/certifikat1.png","type":"image\/png"}],"twitter_card":"summary_large_image","twitter_misc":{"Est. reading time":"2 minutes"},"schema":{"@context":"https:\/\/schema.org","@graph":[{"@type":"WebPage","@id":"https:\/\/okm.si\/sr\/kompanija\/istorija\/","url":"https:\/\/okm.si\/sr\/kompanija\/istorija\/","name":"Istorija - OKM","isPartOf":{"@id":"https:\/\/okm.si\/sl\/#website"},"primaryImageOfPage":{"@id":"https:\/\/okm.si\/sr\/kompanija\/istorija\/#primaryimage"},"image":{"@id":"https:\/\/okm.si\/sr\/kompanija\/istorija\/#primaryimage"},"thumbnailUrl":"https:\/\/okm.si\/wp-content\/uploads\/2025\/02\/certifikat1.png","datePublished":"2025-01-13T12:03:25+00:00","dateModified":"2025-04-09T10:15:04+00:00","breadcrumb":{"@id":"https:\/\/okm.si\/sr\/kompanija\/istorija\/#breadcrumb"},"inLanguage":"sr-latn","potentialAction":[{"@type":"ReadAction","target":["https:\/\/okm.si\/sr\/kompanija\/istorija\/"]}]},{"@type":"ImageObject","inLanguage":"sr-latn","@id":"https:\/\/okm.si\/sr\/kompanija\/istorija\/#primaryimage","url":"https:\/\/okm.si\/wp-content\/uploads\/2025\/02\/certifikat1.png","contentUrl":"https:\/\/okm.si\/wp-content\/uploads\/2025\/02\/certifikat1.png"},{"@type":"BreadcrumbList","@id":"https:\/\/okm.si\/sr\/kompanija\/istorija\/#breadcrumb","itemListElement":[{"@type":"ListItem","position":1,"name":"Home","item":"https:\/\/okm.si\/sr\/"},{"@type":"ListItem","position":2,"name":"Kompanija","item":"https:\/\/okm.si\/sr\/kompanija\/"},{"@type":"ListItem","position":3,"name":"Istorija"}]},{"@type":"WebSite","@id":"https:\/\/okm.si\/sl\/#website","url":"https:\/\/okm.si\/sl\/","name":"OKM","description":"Prescription Lenses manufacturing company","publisher":{"@id":"https:\/\/okm.si\/sl\/#organization"},"potentialAction":[{"@type":"SearchAction","target":{"@type":"EntryPoint","urlTemplate":"https:\/\/okm.si\/sl\/?s={search_term_string}"},"query-input":{"@type":"PropertyValueSpecification","valueRequired":true,"valueName":"search_term_string"}}],"inLanguage":"sr-latn"},{"@type":"Organization","@id":"https:\/\/okm.si\/sl\/#organization","name":"OKM d.o.o.","url":"https:\/\/okm.si\/sl\/","logo":{"@type":"ImageObject","inLanguage":"sr-latn","@id":"https:\/\/okm.si\/sl\/#\/schema\/logo\/image\/","url":"https:\/\/okm.si\/wp-content\/uploads\/2024\/12\/logo-blue.svg","contentUrl":"https:\/\/okm.si\/wp-content\/uploads\/2024\/12\/logo-blue.svg","width":112,"height":46,"caption":"OKM d.o.o."},"image":{"@id":"https:\/\/okm.si\/sl\/#\/schema\/logo\/image\/"}}]}},"_links":{"self":[{"href":"https:\/\/okm.si\/sr\/wp-json\/wp\/v2\/pages\/1773","targetHints":{"allow":["GET"]}}],"collection":[{"href":"https:\/\/okm.si\/sr\/wp-json\/wp\/v2\/pages"}],"about":[{"href":"https:\/\/okm.si\/sr\/wp-json\/wp\/v2\/types\/page"}],"author":[{"embeddable":true,"href":"https:\/\/okm.si\/sr\/wp-json\/wp\/v2\/users\/2"}],"replies":[{"embeddable":true,"href":"https:\/\/okm.si\/sr\/wp-json\/wp\/v2\/comments?post=1773"}],"version-history":[{"count":8,"href":"https:\/\/okm.si\/sr\/wp-json\/wp\/v2\/pages\/1773\/revisions"}],"predecessor-version":[{"id":1972,"href":"https:\/\/okm.si\/sr\/wp-json\/wp\/v2\/pages\/1773\/revisions\/1972"}],"up":[{"embeddable":true,"href":"https:\/\/okm.si\/sr\/wp-json\/wp\/v2\/pages\/1765"}],"wp:attachment":[{"href":"https:\/\/okm.si\/sr\/wp-json\/wp\/v2\/media?parent=1773"}],"curies":[{"name":"wp","href":"https:\/\/api.w.org\/{rel}","templated":true}]}}