{"id":1437,"date":"2025-01-13T12:37:20","date_gmt":"2025-01-13T11:37:20","guid":{"rendered":"https:\/\/okm.si\/sustainability\/"},"modified":"2025-04-08T11:08:28","modified_gmt":"2025-04-08T09:08:28","slug":"trajnost","status":"publish","type":"page","link":"https:\/\/okm.si\/sl\/trajnost\/","title":{"rendered":"Trajnost"},"content":{"rendered":"\n<h2 class=\"wp-block-heading\">Trajnost<\/h2>\n\n\n\n<div class=\"wp-block-columns is-layout-flex wp-container-core-columns-is-layout-9d6595d7 wp-block-columns-is-layout-flex\">\n<div class=\"wp-block-column is-layout-flow wp-block-column-is-layout-flow\" style=\"flex-basis:60%\">\n<p><strong>Zaveza planetu<\/strong><\/p>\n\n\n\n<p><br>Trajnost ni le na\u0161a zaveza, temve\u010d tudi odgovornost do prihodnjih generacij. Stremimo k usklajevanju vrhunske kakovosti izdelkov z ekolo\u0161ko ozave\u0161\u010denimi praksami, pri \u010demer v vse faze delovanja vklju\u010dujemo obnovljive in reciklirane materiale. Z na\u010delom okoljske odgovornosti neprestano uvajamo inovacije za varovanje virov, ki podpirajo na\u0161o industrijo in skupnost.<\/p>\n\n\n\n<p><br><strong>Obnovljiva energija in energetska samozadostnost<\/strong><br><br>Na\u0161a predanost trajnosti sega onkraj proizvodnje. Z lastnimi son\u010dnimi paneli in neodvisno elektrarno mo\u010dno zmanj\u0161ujemo odvisnost od zunanjih energetskih virov, kar zagotavlja \u010distej\u0161i in trajnostnej\u0161i vir energije. Te pobude odra\u017eajo na\u0161o zavezanost k zmanj\u0161anju emisij toplogrednih plinov ter sprejemanju obnovljivih energetskih re\u0161itev.<\/p>\n\n\n\n<p><br><strong>Zmanj\u0161evanje okoljskega vpliva<\/strong><br><br>Vsak korak na\u0161ega procesa temelji na trajnostnih na\u010delih. Od surovin do kon\u010dnih izdelkov uporabljamo energetsko u\u010dinkovito opremo, napredne sisteme recikliranja in tehnologije za var\u010devanje z vodo, da zmanj\u0161amo odpadke in ekolo\u0161ki odtis. Aktivno upravljamo sisteme za hlajenje in odpadke, da ohranjamo \u010disto in okolju prijazno delovno okolje.<\/p>\n\n\n\n<p>Na\u0161 postopek nana\u0161anja trdega sloja je energetsko u\u010dinkovit in var\u010den z vodo. Za bru\u0161enje le\u010d uporabljamo brez-blokirno tehnologijo suhega reza, kar zmanj\u0161uje porabo vode in odpravlja potrebo po blokirnih blazinicah. Te pobude nam omogo\u010dajo stalno zmanj\u0161evanje oglji\u010dnega odtisa in prispevajo k zelenemu, trajnostnemu razvoju.<\/p>\n\n\n\n<p><br><strong>Odgovorno po\u0161iljanje<br><\/strong><br>Na\u0161a skrb za trajnost se razteza tudi na logistiko in dostavo. Z optimizacijo embala\u017enih materialov in okolju prijaznimi transportnimi metodami zmanj\u0161ujemo emisije in omejujemo odpadke. Na\u0161 pristop vklju\u010duje zdru\u017eevanje po\u0161iljk in sodelovanje s prevozniki, ki dajejo prednost trajnostnim praksam, s \u010dimer zagotavljamo, da na\u0161i izdelki dose\u017eejo stranke na na\u010din, skladen z na\u0161imi ekolo\u0161kimi vrednotami.<\/p>\n\n\n\n<p>Z odgovornim po\u0161iljanjem prispevamo k dobavni verigi, ki podpira globalne trajnostne cilje.<\/p>\n<\/div>\n\n\n\n<div class=\"wp-block-column is-layout-flow wp-block-column-is-layout-flow\" style=\"flex-basis:40%\"><\/div>\n<\/div>\n\n\n\n<p><\/p>\n","protected":false},"excerpt":{"rendered":"<p>Trajnost Zaveza planetu Trajnost ni le na\u0161a zaveza, temve\u010d tudi odgovornost do prihodnjih generacij. Stremimo k usklajevanju vrhunske kakovosti izdelkov z ekolo\u0161ko ozave\u0161\u010denimi praksami, pri \u010demer v vse faze delovanja vklju\u010dujemo obnovljive in reciklirane materiale. Z na\u010delom okoljske odgovornosti neprestano uvajamo inovacije za varovanje virov, ki podpirajo na\u0161o industrijo in skupnost. Obnovljiva energija in energetska [&hellip;]<\/p>\n","protected":false},"author":2,"featured_media":0,"parent":0,"menu_order":59,"comment_status":"closed","ping_status":"closed","template":"","meta":{"_acf_changed":false,"inline_featured_image":false,"footnotes":""},"class_list":["post-1437","page","type-page","status-publish","hentry"],"acf":[],"yoast_head":"<!-- This site is optimized with the Yoast SEO plugin v27.4 - https:\/\/yoast.com\/product\/yoast-seo-wordpress\/ -->\n<title>Trajnost - OKM<\/title>\n<meta name=\"robots\" content=\"index, follow, max-snippet:-1, max-image-preview:large, max-video-preview:-1\" \/>\n<link rel=\"canonical\" href=\"https:\/\/okm.si\/sl\/trajnost\/\" \/>\n<meta property=\"og:locale\" content=\"sl_SI\" \/>\n<meta property=\"og:type\" content=\"article\" \/>\n<meta property=\"og:title\" content=\"Trajnost - OKM\" \/>\n<meta property=\"og:description\" content=\"Trajnost Zaveza planetu Trajnost ni le na\u0161a zaveza, temve\u010d tudi odgovornost do prihodnjih generacij. Stremimo k usklajevanju vrhunske kakovosti izdelkov z ekolo\u0161ko ozave\u0161\u010denimi praksami, pri \u010demer v vse faze delovanja vklju\u010dujemo obnovljive in reciklirane materiale. Z na\u010delom okoljske odgovornosti neprestano uvajamo inovacije za varovanje virov, ki podpirajo na\u0161o industrijo in skupnost. Obnovljiva energija in energetska [&hellip;]\" \/>\n<meta property=\"og:url\" content=\"https:\/\/okm.si\/sl\/trajnost\/\" \/>\n<meta property=\"og:site_name\" content=\"OKM\" \/>\n<meta property=\"article:modified_time\" content=\"2025-04-08T09:08:28+00:00\" \/>\n<meta name=\"twitter:card\" content=\"summary_large_image\" \/>\n<meta name=\"twitter:label1\" content=\"Est. reading time\" \/>\n\t<meta name=\"twitter:data1\" content=\"2 minuti\" \/>\n<script type=\"application\/ld+json\" class=\"yoast-schema-graph\">{\"@context\":\"https:\\\/\\\/schema.org\",\"@graph\":[{\"@type\":\"WebPage\",\"@id\":\"https:\\\/\\\/okm.si\\\/sl\\\/trajnost\\\/\",\"url\":\"https:\\\/\\\/okm.si\\\/sl\\\/trajnost\\\/\",\"name\":\"Trajnost - OKM\",\"isPartOf\":{\"@id\":\"https:\\\/\\\/okm.si\\\/sl\\\/#website\"},\"datePublished\":\"2025-01-13T11:37:20+00:00\",\"dateModified\":\"2025-04-08T09:08:28+00:00\",\"breadcrumb\":{\"@id\":\"https:\\\/\\\/okm.si\\\/sl\\\/trajnost\\\/#breadcrumb\"},\"inLanguage\":\"sl-SI\",\"potentialAction\":[{\"@type\":\"ReadAction\",\"target\":[\"https:\\\/\\\/okm.si\\\/sl\\\/trajnost\\\/\"]}]},{\"@type\":\"BreadcrumbList\",\"@id\":\"https:\\\/\\\/okm.si\\\/sl\\\/trajnost\\\/#breadcrumb\",\"itemListElement\":[{\"@type\":\"ListItem\",\"position\":1,\"name\":\"Home\",\"item\":\"https:\\\/\\\/okm.si\\\/sl\\\/\"},{\"@type\":\"ListItem\",\"position\":2,\"name\":\"Trajnost\"}]},{\"@type\":\"WebSite\",\"@id\":\"https:\\\/\\\/okm.si\\\/sl\\\/#website\",\"url\":\"https:\\\/\\\/okm.si\\\/sl\\\/\",\"name\":\"OKM\",\"description\":\"Prescription Lenses manufacturing company\",\"publisher\":{\"@id\":\"https:\\\/\\\/okm.si\\\/sl\\\/#organization\"},\"potentialAction\":[{\"@type\":\"SearchAction\",\"target\":{\"@type\":\"EntryPoint\",\"urlTemplate\":\"https:\\\/\\\/okm.si\\\/sl\\\/?s={search_term_string}\"},\"query-input\":{\"@type\":\"PropertyValueSpecification\",\"valueRequired\":true,\"valueName\":\"search_term_string\"}}],\"inLanguage\":\"sl-SI\"},{\"@type\":\"Organization\",\"@id\":\"https:\\\/\\\/okm.si\\\/sl\\\/#organization\",\"name\":\"OKM d.o.o.\",\"url\":\"https:\\\/\\\/okm.si\\\/sl\\\/\",\"logo\":{\"@type\":\"ImageObject\",\"inLanguage\":\"sl-SI\",\"@id\":\"https:\\\/\\\/okm.si\\\/sl\\\/#\\\/schema\\\/logo\\\/image\\\/\",\"url\":\"https:\\\/\\\/okm.si\\\/wp-content\\\/uploads\\\/2024\\\/12\\\/logo-blue.svg\",\"contentUrl\":\"https:\\\/\\\/okm.si\\\/wp-content\\\/uploads\\\/2024\\\/12\\\/logo-blue.svg\",\"width\":112,\"height\":46,\"caption\":\"OKM d.o.o.\"},\"image\":{\"@id\":\"https:\\\/\\\/okm.si\\\/sl\\\/#\\\/schema\\\/logo\\\/image\\\/\"}}]}<\/script>\n<!-- \/ Yoast SEO plugin. -->","yoast_head_json":{"title":"Trajnost - OKM","robots":{"index":"index","follow":"follow","max-snippet":"max-snippet:-1","max-image-preview":"max-image-preview:large","max-video-preview":"max-video-preview:-1"},"canonical":"https:\/\/okm.si\/sl\/trajnost\/","og_locale":"sl_SI","og_type":"article","og_title":"Trajnost - OKM","og_description":"Trajnost Zaveza planetu Trajnost ni le na\u0161a zaveza, temve\u010d tudi odgovornost do prihodnjih generacij. Stremimo k usklajevanju vrhunske kakovosti izdelkov z ekolo\u0161ko ozave\u0161\u010denimi praksami, pri \u010demer v vse faze delovanja vklju\u010dujemo obnovljive in reciklirane materiale. Z na\u010delom okoljske odgovornosti neprestano uvajamo inovacije za varovanje virov, ki podpirajo na\u0161o industrijo in skupnost. Obnovljiva energija in energetska [&hellip;]","og_url":"https:\/\/okm.si\/sl\/trajnost\/","og_site_name":"OKM","article_modified_time":"2025-04-08T09:08:28+00:00","twitter_card":"summary_large_image","twitter_misc":{"Est. reading time":"2 minuti"},"schema":{"@context":"https:\/\/schema.org","@graph":[{"@type":"WebPage","@id":"https:\/\/okm.si\/sl\/trajnost\/","url":"https:\/\/okm.si\/sl\/trajnost\/","name":"Trajnost - OKM","isPartOf":{"@id":"https:\/\/okm.si\/sl\/#website"},"datePublished":"2025-01-13T11:37:20+00:00","dateModified":"2025-04-08T09:08:28+00:00","breadcrumb":{"@id":"https:\/\/okm.si\/sl\/trajnost\/#breadcrumb"},"inLanguage":"sl-SI","potentialAction":[{"@type":"ReadAction","target":["https:\/\/okm.si\/sl\/trajnost\/"]}]},{"@type":"BreadcrumbList","@id":"https:\/\/okm.si\/sl\/trajnost\/#breadcrumb","itemListElement":[{"@type":"ListItem","position":1,"name":"Home","item":"https:\/\/okm.si\/sl\/"},{"@type":"ListItem","position":2,"name":"Trajnost"}]},{"@type":"WebSite","@id":"https:\/\/okm.si\/sl\/#website","url":"https:\/\/okm.si\/sl\/","name":"OKM","description":"Prescription Lenses manufacturing company","publisher":{"@id":"https:\/\/okm.si\/sl\/#organization"},"potentialAction":[{"@type":"SearchAction","target":{"@type":"EntryPoint","urlTemplate":"https:\/\/okm.si\/sl\/?s={search_term_string}"},"query-input":{"@type":"PropertyValueSpecification","valueRequired":true,"valueName":"search_term_string"}}],"inLanguage":"sl-SI"},{"@type":"Organization","@id":"https:\/\/okm.si\/sl\/#organization","name":"OKM d.o.o.","url":"https:\/\/okm.si\/sl\/","logo":{"@type":"ImageObject","inLanguage":"sl-SI","@id":"https:\/\/okm.si\/sl\/#\/schema\/logo\/image\/","url":"https:\/\/okm.si\/wp-content\/uploads\/2024\/12\/logo-blue.svg","contentUrl":"https:\/\/okm.si\/wp-content\/uploads\/2024\/12\/logo-blue.svg","width":112,"height":46,"caption":"OKM d.o.o."},"image":{"@id":"https:\/\/okm.si\/sl\/#\/schema\/logo\/image\/"}}]}},"_links":{"self":[{"href":"https:\/\/okm.si\/sl\/wp-json\/wp\/v2\/pages\/1437","targetHints":{"allow":["GET"]}}],"collection":[{"href":"https:\/\/okm.si\/sl\/wp-json\/wp\/v2\/pages"}],"about":[{"href":"https:\/\/okm.si\/sl\/wp-json\/wp\/v2\/types\/page"}],"author":[{"embeddable":true,"href":"https:\/\/okm.si\/sl\/wp-json\/wp\/v2\/users\/2"}],"replies":[{"embeddable":true,"href":"https:\/\/okm.si\/sl\/wp-json\/wp\/v2\/comments?post=1437"}],"version-history":[{"count":1,"href":"https:\/\/okm.si\/sl\/wp-json\/wp\/v2\/pages\/1437\/revisions"}],"predecessor-version":[{"id":1439,"href":"https:\/\/okm.si\/sl\/wp-json\/wp\/v2\/pages\/1437\/revisions\/1439"}],"wp:attachment":[{"href":"https:\/\/okm.si\/sl\/wp-json\/wp\/v2\/media?parent=1437"}],"curies":[{"name":"wp","href":"https:\/\/api.w.org\/{rel}","templated":true}]}}