{"id":1431,"date":"2025-01-13T13:06:43","date_gmt":"2025-01-13T12:06:43","guid":{"rendered":"https:\/\/okm.si\/company\/team\/"},"modified":"2025-04-08T11:04:42","modified_gmt":"2025-04-08T09:04:42","slug":"ekipa","status":"publish","type":"page","link":"https:\/\/okm.si\/sl\/podjetje\/ekipa\/","title":{"rendered":"Ekipa"},"content":{"rendered":"\n<div class=\"wp-block-columns is-layout-flex wp-container-core-columns-is-layout-9d6595d7 wp-block-columns-is-layout-flex\">\n<div class=\"wp-block-column is-layout-flow wp-block-column-is-layout-flow\" style=\"flex-basis:60%\">\n<h2 class=\"wp-block-heading\">Ekipa<\/h2>\n\n\n\n<p><br><strong>Na\u0161a ekipa: strokovnjaki, ki jim lahko zaupate<\/strong><\/p>\n\n\n\n<p><br>V podjetju O.K.M. je na\u0161a ekipa srce vsega, kar po\u010dnemo. Vsak \u010dlan prispeva svoje znanje, kreativnost in strast, zdru\u017euje leta izku\u0161enj s sve\u017eimi idejami ter spodbuja inovacije na podro\u010dju korekcijske optike.<\/p>\n\n\n\n<p>Na\u0161a tesno povezana ekipa temelji na sodelovanju in zaupanju, kar odra\u017ea vrednote dru\u017einskega podjetja, hkrati pa izpolnjuje zahteve globalne industrije.<\/p>\n\n\n\n<p>Skupaj ne ustvarjamo le izdelkov \u2013 gradimo dolgoro\u010dna partnerstva in opti\u010dnim strokovnjakom pomagamo dose\u010di uspeh.<\/p>\n\n\n\n<p><br><strong>Natan\u010dnost v izdelavi, jasnost v viziji.<\/strong><\/p>\n<\/div>\n\n\n\n<div class=\"wp-block-column is-layout-flow wp-block-column-is-layout-flow\" style=\"flex-basis:40%\">\n<p><\/p>\n<\/div>\n<\/div>\n\n\n\n<p><\/p>\n","protected":false},"excerpt":{"rendered":"<p>Ekipa Na\u0161a ekipa: strokovnjaki, ki jim lahko zaupate V podjetju O.K.M. je na\u0161a ekipa srce vsega, kar po\u010dnemo. Vsak \u010dlan prispeva svoje znanje, kreativnost in strast, zdru\u017euje leta izku\u0161enj s sve\u017eimi idejami ter spodbuja inovacije na podro\u010dju korekcijske optike. Na\u0161a tesno povezana ekipa temelji na sodelovanju in zaupanju, kar odra\u017ea vrednote dru\u017einskega podjetja, hkrati pa [&hellip;]<\/p>\n","protected":false},"author":2,"featured_media":0,"parent":1423,"menu_order":47,"comment_status":"closed","ping_status":"closed","template":"","meta":{"_acf_changed":false,"inline_featured_image":false,"footnotes":""},"class_list":["post-1431","page","type-page","status-publish","hentry"],"acf":[],"yoast_head":"<!-- This site is optimized with the Yoast SEO plugin v27.4 - https:\/\/yoast.com\/product\/yoast-seo-wordpress\/ -->\n<title>Ekipa - OKM<\/title>\n<meta name=\"robots\" content=\"index, follow, max-snippet:-1, max-image-preview:large, max-video-preview:-1\" \/>\n<link rel=\"canonical\" href=\"https:\/\/okm.si\/sl\/podjetje\/ekipa\/\" \/>\n<meta property=\"og:locale\" content=\"sl_SI\" \/>\n<meta property=\"og:type\" content=\"article\" \/>\n<meta property=\"og:title\" content=\"Ekipa - OKM\" \/>\n<meta property=\"og:description\" content=\"Ekipa Na\u0161a ekipa: strokovnjaki, ki jim lahko zaupate V podjetju O.K.M. je na\u0161a ekipa srce vsega, kar po\u010dnemo. Vsak \u010dlan prispeva svoje znanje, kreativnost in strast, zdru\u017euje leta izku\u0161enj s sve\u017eimi idejami ter spodbuja inovacije na podro\u010dju korekcijske optike. Na\u0161a tesno povezana ekipa temelji na sodelovanju in zaupanju, kar odra\u017ea vrednote dru\u017einskega podjetja, hkrati pa [&hellip;]\" \/>\n<meta property=\"og:url\" content=\"https:\/\/okm.si\/sl\/podjetje\/ekipa\/\" \/>\n<meta property=\"og:site_name\" content=\"OKM\" \/>\n<meta property=\"article:modified_time\" content=\"2025-04-08T09:04:42+00:00\" \/>\n<meta name=\"twitter:card\" content=\"summary_large_image\" \/>\n<meta name=\"twitter:label1\" content=\"Est. reading time\" \/>\n\t<meta name=\"twitter:data1\" content=\"1 minuta\" \/>\n<script type=\"application\/ld+json\" class=\"yoast-schema-graph\">{\"@context\":\"https:\\\/\\\/schema.org\",\"@graph\":[{\"@type\":\"WebPage\",\"@id\":\"https:\\\/\\\/okm.si\\\/sl\\\/podjetje\\\/ekipa\\\/\",\"url\":\"https:\\\/\\\/okm.si\\\/sl\\\/podjetje\\\/ekipa\\\/\",\"name\":\"Ekipa - OKM\",\"isPartOf\":{\"@id\":\"https:\\\/\\\/okm.si\\\/sl\\\/#website\"},\"datePublished\":\"2025-01-13T12:06:43+00:00\",\"dateModified\":\"2025-04-08T09:04:42+00:00\",\"breadcrumb\":{\"@id\":\"https:\\\/\\\/okm.si\\\/sl\\\/podjetje\\\/ekipa\\\/#breadcrumb\"},\"inLanguage\":\"sl-SI\",\"potentialAction\":[{\"@type\":\"ReadAction\",\"target\":[\"https:\\\/\\\/okm.si\\\/sl\\\/podjetje\\\/ekipa\\\/\"]}]},{\"@type\":\"BreadcrumbList\",\"@id\":\"https:\\\/\\\/okm.si\\\/sl\\\/podjetje\\\/ekipa\\\/#breadcrumb\",\"itemListElement\":[{\"@type\":\"ListItem\",\"position\":1,\"name\":\"Home\",\"item\":\"https:\\\/\\\/okm.si\\\/sl\\\/\"},{\"@type\":\"ListItem\",\"position\":2,\"name\":\"Podjetje\",\"item\":\"https:\\\/\\\/okm.si\\\/sl\\\/podjetje\\\/\"},{\"@type\":\"ListItem\",\"position\":3,\"name\":\"Ekipa\"}]},{\"@type\":\"WebSite\",\"@id\":\"https:\\\/\\\/okm.si\\\/sl\\\/#website\",\"url\":\"https:\\\/\\\/okm.si\\\/sl\\\/\",\"name\":\"OKM\",\"description\":\"Prescription Lenses manufacturing company\",\"publisher\":{\"@id\":\"https:\\\/\\\/okm.si\\\/sl\\\/#organization\"},\"potentialAction\":[{\"@type\":\"SearchAction\",\"target\":{\"@type\":\"EntryPoint\",\"urlTemplate\":\"https:\\\/\\\/okm.si\\\/sl\\\/?s={search_term_string}\"},\"query-input\":{\"@type\":\"PropertyValueSpecification\",\"valueRequired\":true,\"valueName\":\"search_term_string\"}}],\"inLanguage\":\"sl-SI\"},{\"@type\":\"Organization\",\"@id\":\"https:\\\/\\\/okm.si\\\/sl\\\/#organization\",\"name\":\"OKM d.o.o.\",\"url\":\"https:\\\/\\\/okm.si\\\/sl\\\/\",\"logo\":{\"@type\":\"ImageObject\",\"inLanguage\":\"sl-SI\",\"@id\":\"https:\\\/\\\/okm.si\\\/sl\\\/#\\\/schema\\\/logo\\\/image\\\/\",\"url\":\"https:\\\/\\\/okm.si\\\/wp-content\\\/uploads\\\/2024\\\/12\\\/logo-blue.svg\",\"contentUrl\":\"https:\\\/\\\/okm.si\\\/wp-content\\\/uploads\\\/2024\\\/12\\\/logo-blue.svg\",\"width\":112,\"height\":46,\"caption\":\"OKM d.o.o.\"},\"image\":{\"@id\":\"https:\\\/\\\/okm.si\\\/sl\\\/#\\\/schema\\\/logo\\\/image\\\/\"}}]}<\/script>\n<!-- \/ Yoast SEO plugin. -->","yoast_head_json":{"title":"Ekipa - OKM","robots":{"index":"index","follow":"follow","max-snippet":"max-snippet:-1","max-image-preview":"max-image-preview:large","max-video-preview":"max-video-preview:-1"},"canonical":"https:\/\/okm.si\/sl\/podjetje\/ekipa\/","og_locale":"sl_SI","og_type":"article","og_title":"Ekipa - OKM","og_description":"Ekipa Na\u0161a ekipa: strokovnjaki, ki jim lahko zaupate V podjetju O.K.M. je na\u0161a ekipa srce vsega, kar po\u010dnemo. Vsak \u010dlan prispeva svoje znanje, kreativnost in strast, zdru\u017euje leta izku\u0161enj s sve\u017eimi idejami ter spodbuja inovacije na podro\u010dju korekcijske optike. Na\u0161a tesno povezana ekipa temelji na sodelovanju in zaupanju, kar odra\u017ea vrednote dru\u017einskega podjetja, hkrati pa [&hellip;]","og_url":"https:\/\/okm.si\/sl\/podjetje\/ekipa\/","og_site_name":"OKM","article_modified_time":"2025-04-08T09:04:42+00:00","twitter_card":"summary_large_image","twitter_misc":{"Est. reading time":"1 minuta"},"schema":{"@context":"https:\/\/schema.org","@graph":[{"@type":"WebPage","@id":"https:\/\/okm.si\/sl\/podjetje\/ekipa\/","url":"https:\/\/okm.si\/sl\/podjetje\/ekipa\/","name":"Ekipa - OKM","isPartOf":{"@id":"https:\/\/okm.si\/sl\/#website"},"datePublished":"2025-01-13T12:06:43+00:00","dateModified":"2025-04-08T09:04:42+00:00","breadcrumb":{"@id":"https:\/\/okm.si\/sl\/podjetje\/ekipa\/#breadcrumb"},"inLanguage":"sl-SI","potentialAction":[{"@type":"ReadAction","target":["https:\/\/okm.si\/sl\/podjetje\/ekipa\/"]}]},{"@type":"BreadcrumbList","@id":"https:\/\/okm.si\/sl\/podjetje\/ekipa\/#breadcrumb","itemListElement":[{"@type":"ListItem","position":1,"name":"Home","item":"https:\/\/okm.si\/sl\/"},{"@type":"ListItem","position":2,"name":"Podjetje","item":"https:\/\/okm.si\/sl\/podjetje\/"},{"@type":"ListItem","position":3,"name":"Ekipa"}]},{"@type":"WebSite","@id":"https:\/\/okm.si\/sl\/#website","url":"https:\/\/okm.si\/sl\/","name":"OKM","description":"Prescription Lenses manufacturing company","publisher":{"@id":"https:\/\/okm.si\/sl\/#organization"},"potentialAction":[{"@type":"SearchAction","target":{"@type":"EntryPoint","urlTemplate":"https:\/\/okm.si\/sl\/?s={search_term_string}"},"query-input":{"@type":"PropertyValueSpecification","valueRequired":true,"valueName":"search_term_string"}}],"inLanguage":"sl-SI"},{"@type":"Organization","@id":"https:\/\/okm.si\/sl\/#organization","name":"OKM d.o.o.","url":"https:\/\/okm.si\/sl\/","logo":{"@type":"ImageObject","inLanguage":"sl-SI","@id":"https:\/\/okm.si\/sl\/#\/schema\/logo\/image\/","url":"https:\/\/okm.si\/wp-content\/uploads\/2024\/12\/logo-blue.svg","contentUrl":"https:\/\/okm.si\/wp-content\/uploads\/2024\/12\/logo-blue.svg","width":112,"height":46,"caption":"OKM d.o.o."},"image":{"@id":"https:\/\/okm.si\/sl\/#\/schema\/logo\/image\/"}}]}},"_links":{"self":[{"href":"https:\/\/okm.si\/sl\/wp-json\/wp\/v2\/pages\/1431","targetHints":{"allow":["GET"]}}],"collection":[{"href":"https:\/\/okm.si\/sl\/wp-json\/wp\/v2\/pages"}],"about":[{"href":"https:\/\/okm.si\/sl\/wp-json\/wp\/v2\/types\/page"}],"author":[{"embeddable":true,"href":"https:\/\/okm.si\/sl\/wp-json\/wp\/v2\/users\/2"}],"replies":[{"embeddable":true,"href":"https:\/\/okm.si\/sl\/wp-json\/wp\/v2\/comments?post=1431"}],"version-history":[{"count":1,"href":"https:\/\/okm.si\/sl\/wp-json\/wp\/v2\/pages\/1431\/revisions"}],"predecessor-version":[{"id":1433,"href":"https:\/\/okm.si\/sl\/wp-json\/wp\/v2\/pages\/1431\/revisions\/1433"}],"up":[{"embeddable":true,"href":"https:\/\/okm.si\/sl\/wp-json\/wp\/v2\/pages\/1423"}],"wp:attachment":[{"href":"https:\/\/okm.si\/sl\/wp-json\/wp\/v2\/media?parent=1431"}],"curies":[{"name":"wp","href":"https:\/\/api.w.org\/{rel}","templated":true}]}}