{"id":1426,"date":"2025-01-13T13:03:25","date_gmt":"2025-01-13T12:03:25","guid":{"rendered":"https:\/\/okm.si\/company\/history\/"},"modified":"2025-04-08T11:02:45","modified_gmt":"2025-04-08T09:02:45","slug":"zgodovina","status":"publish","type":"page","link":"https:\/\/okm.si\/sl\/podjetje\/zgodovina\/","title":{"rendered":"Zgodovina"},"content":{"rendered":"\n<div class=\"wp-block-columns is-layout-flex wp-container-core-columns-is-layout-9d6595d7 wp-block-columns-is-layout-flex\">\n<div class=\"wp-block-column is-layout-flow wp-block-column-is-layout-flow\" style=\"flex-basis:60%\">\n<h2 class=\"wp-block-heading\">Zgodovina<\/h2>\n\n\n\n<p><br><strong>Strast do inovacij od samega za\u010detka<\/strong><br><strong><br><\/strong>Podjetje O.K.M. je bilo ustanovljeno leta 1979 kot dru\u017einsko podjetje, z vizijo izbolj\u0161anja oskrbe vida. \u017de od za\u010detka smo si prizadevali ustvariti razliko \u2013 prvi v dr\u017eavi smo pri\u010deli izdelovati kovinske korekcijske okvirje. Leta 1989 smo raz\u0161irili svojo dejavnost na korekcijska stekla, postali pionirji na tem podro\u010dju in postavili temelje tradiciji kakovosti in predanosti.<\/p>\n\n\n\n<p><br><strong>Rast, zgrajena na zaupanju in predanosti<\/strong><br><strong><br><\/strong>Z rastjo podjetja se je krepila tudi na\u0161a zavezanost k odli\u010dnosti. Leta 1991 smo pre\u0161li v dru\u017ebo z omejeno odgovornostjo in centralizirali proizvodnjo v Ajdov\u0161\u010dini, da bi \u0161e bolje slu\u017eili na\u0161im strankam. S \u0161iritvijo na mednarodne trge smo leta 1999 odprli distribucijsko fran\u0161izo na Hrva\u0161kem in v Srbiji, leta 2004 pa uvedli napredno Free-Form proizvodno tehnologijo ter lansirali lastno blagovno znamko progresivnih le\u010d. Leta 2009 smo v Srbiji v Novem Sadu postavili proizvodnjo korekcijskih stekel za srbsko tr\u017ei\u0161\u010de. Pri\u010deli smo s \u0161iritvijo na nem\u0161ki trg. V podjetju O.K.M. verjamemo v gradnjo dolgoro\u010dnih partnerstev ter zagotavljanje re\u0161itev, ki ustrezajo edinstvenim potrebam optikov in uporabnikom o\u010dal.<\/p>\n\n\n\n<p><br><strong>Skupaj gradimo prihodnost<\/strong><br><strong><br><\/strong>Leta 2024 smo naredili nov pomemben korak z izgradnjo in odprtjem novega proizvodnega centra v Novem Sadu v Srbiji in \u0161iritvijo na avstrijski trg. Ti premiki odra\u017eajo na\u0161o stalno zavezanost inovacijam in rasti. Kljub \u0161iritvi ostajamo dru\u017einsko podjetje, ki ga danes vodi druga generacija \u2013 Jaka Kukovi\u010d, s ciljem zagotavljanja visokokakovostnih, prilagodljivih re\u0161itev, ki oblikujejo prihodnost opti\u010dne industrije.<\/p>\n\n\n\n<p>Skupaj ostajamo osredoto\u010deni na tisto, kar je najpomembnej\u0161e: na\u0161e partnerje, njihove potrebe in njihov uspeh.<\/p>\n\n\n\n<p><br><strong>Na\u0161a vizija je jasna: odli\u010dnost v optiki<\/strong><\/p>\n\n\n\n<p><br>V podjetju OKM smo ponosni, da smo dru\u017einsko podjetje, kjer vsaka odlo\u010ditev in inovacija temeljita na predanosti in zavezanosti kakovosti. Na\u0161a misija je optikom in strokovnjakom za o\u010desno optiko zagotoviti najbolj\u0161e re\u0161itve za korekcijske le\u010de.<\/p>\n\n\n\n<p>Z nenehnimi inovacijami v proizvodnji, uvajanjem novih materialov in storitev skrbimo za jasen vid in gradimo zaupanje pri vsakem naro\u010dilu. Skupaj oblikujmo prihodnost opti\u010dne oskrbe.<\/p>\n<\/div>\n\n\n\n<div class=\"wp-block-column is-layout-flow wp-block-column-is-layout-flow\" style=\"flex-basis:40%\">\n<figure class=\"wp-block-image size-full\"><img loading=\"lazy\" decoding=\"async\" width=\"900\" height=\"140\" src=\"https:\/\/okm.si\/wp-content\/uploads\/2025\/02\/certifikat1.png\" alt=\"\" class=\"wp-image-1194\" srcset=\"https:\/\/okm.si\/wp-content\/uploads\/2025\/02\/certifikat1.png 900w, https:\/\/okm.si\/wp-content\/uploads\/2025\/02\/certifikat1-300x47.png 300w, https:\/\/okm.si\/wp-content\/uploads\/2025\/02\/certifikat1-768x119.png 768w\" sizes=\"auto, (max-width: 900px) 100vw, 900px\" \/><\/figure>\n<\/div>\n<\/div>\n","protected":false},"excerpt":{"rendered":"<p>Zgodovina Strast do inovacij od samega za\u010detkaPodjetje O.K.M. je bilo ustanovljeno leta 1979 kot dru\u017einsko podjetje, z vizijo izbolj\u0161anja oskrbe vida. \u017de od za\u010detka smo si prizadevali ustvariti razliko \u2013 prvi v dr\u017eavi smo pri\u010deli izdelovati kovinske korekcijske okvirje. Leta 1989 smo raz\u0161irili svojo dejavnost na korekcijska stekla, postali pionirji na tem podro\u010dju in postavili [&hellip;]<\/p>\n","protected":false},"author":2,"featured_media":0,"parent":1423,"menu_order":38,"comment_status":"closed","ping_status":"closed","template":"","meta":{"_acf_changed":false,"inline_featured_image":false,"footnotes":""},"class_list":["post-1426","page","type-page","status-publish","hentry"],"acf":[],"yoast_head":"<!-- This site is optimized with the Yoast SEO plugin v27.4 - https:\/\/yoast.com\/product\/yoast-seo-wordpress\/ -->\n<title>Zgodovina - OKM<\/title>\n<meta name=\"robots\" content=\"index, follow, max-snippet:-1, max-image-preview:large, max-video-preview:-1\" \/>\n<link rel=\"canonical\" href=\"https:\/\/okm.si\/sl\/podjetje\/zgodovina\/\" \/>\n<meta property=\"og:locale\" content=\"sl_SI\" \/>\n<meta property=\"og:type\" content=\"article\" \/>\n<meta property=\"og:title\" content=\"Zgodovina - OKM\" \/>\n<meta property=\"og:description\" content=\"Zgodovina Strast do inovacij od samega za\u010detkaPodjetje O.K.M. je bilo ustanovljeno leta 1979 kot dru\u017einsko podjetje, z vizijo izbolj\u0161anja oskrbe vida. \u017de od za\u010detka smo si prizadevali ustvariti razliko \u2013 prvi v dr\u017eavi smo pri\u010deli izdelovati kovinske korekcijske okvirje. Leta 1989 smo raz\u0161irili svojo dejavnost na korekcijska stekla, postali pionirji na tem podro\u010dju in postavili [&hellip;]\" \/>\n<meta property=\"og:url\" content=\"https:\/\/okm.si\/sl\/podjetje\/zgodovina\/\" \/>\n<meta property=\"og:site_name\" content=\"OKM\" \/>\n<meta property=\"article:modified_time\" content=\"2025-04-08T09:02:45+00:00\" \/>\n<meta property=\"og:image\" content=\"https:\/\/okm.si\/wp-content\/uploads\/2025\/02\/certifikat1.png\" \/>\n\t<meta property=\"og:image:width\" content=\"900\" \/>\n\t<meta property=\"og:image:height\" content=\"140\" \/>\n\t<meta property=\"og:image:type\" content=\"image\/png\" \/>\n<meta name=\"twitter:card\" content=\"summary_large_image\" \/>\n<meta name=\"twitter:label1\" content=\"Est. reading time\" \/>\n\t<meta name=\"twitter:data1\" content=\"2 minuti\" \/>\n<script type=\"application\/ld+json\" class=\"yoast-schema-graph\">{\"@context\":\"https:\\\/\\\/schema.org\",\"@graph\":[{\"@type\":\"WebPage\",\"@id\":\"https:\\\/\\\/okm.si\\\/sl\\\/podjetje\\\/zgodovina\\\/\",\"url\":\"https:\\\/\\\/okm.si\\\/sl\\\/podjetje\\\/zgodovina\\\/\",\"name\":\"Zgodovina - OKM\",\"isPartOf\":{\"@id\":\"https:\\\/\\\/okm.si\\\/sl\\\/#website\"},\"primaryImageOfPage\":{\"@id\":\"https:\\\/\\\/okm.si\\\/sl\\\/podjetje\\\/zgodovina\\\/#primaryimage\"},\"image\":{\"@id\":\"https:\\\/\\\/okm.si\\\/sl\\\/podjetje\\\/zgodovina\\\/#primaryimage\"},\"thumbnailUrl\":\"https:\\\/\\\/okm.si\\\/wp-content\\\/uploads\\\/2025\\\/02\\\/certifikat1.png\",\"datePublished\":\"2025-01-13T12:03:25+00:00\",\"dateModified\":\"2025-04-08T09:02:45+00:00\",\"breadcrumb\":{\"@id\":\"https:\\\/\\\/okm.si\\\/sl\\\/podjetje\\\/zgodovina\\\/#breadcrumb\"},\"inLanguage\":\"sl-SI\",\"potentialAction\":[{\"@type\":\"ReadAction\",\"target\":[\"https:\\\/\\\/okm.si\\\/sl\\\/podjetje\\\/zgodovina\\\/\"]}]},{\"@type\":\"ImageObject\",\"inLanguage\":\"sl-SI\",\"@id\":\"https:\\\/\\\/okm.si\\\/sl\\\/podjetje\\\/zgodovina\\\/#primaryimage\",\"url\":\"https:\\\/\\\/okm.si\\\/wp-content\\\/uploads\\\/2025\\\/02\\\/certifikat1.png\",\"contentUrl\":\"https:\\\/\\\/okm.si\\\/wp-content\\\/uploads\\\/2025\\\/02\\\/certifikat1.png\"},{\"@type\":\"BreadcrumbList\",\"@id\":\"https:\\\/\\\/okm.si\\\/sl\\\/podjetje\\\/zgodovina\\\/#breadcrumb\",\"itemListElement\":[{\"@type\":\"ListItem\",\"position\":1,\"name\":\"Home\",\"item\":\"https:\\\/\\\/okm.si\\\/sl\\\/\"},{\"@type\":\"ListItem\",\"position\":2,\"name\":\"Podjetje\",\"item\":\"https:\\\/\\\/okm.si\\\/sl\\\/podjetje\\\/\"},{\"@type\":\"ListItem\",\"position\":3,\"name\":\"Zgodovina\"}]},{\"@type\":\"WebSite\",\"@id\":\"https:\\\/\\\/okm.si\\\/sl\\\/#website\",\"url\":\"https:\\\/\\\/okm.si\\\/sl\\\/\",\"name\":\"OKM\",\"description\":\"Prescription Lenses manufacturing company\",\"publisher\":{\"@id\":\"https:\\\/\\\/okm.si\\\/sl\\\/#organization\"},\"potentialAction\":[{\"@type\":\"SearchAction\",\"target\":{\"@type\":\"EntryPoint\",\"urlTemplate\":\"https:\\\/\\\/okm.si\\\/sl\\\/?s={search_term_string}\"},\"query-input\":{\"@type\":\"PropertyValueSpecification\",\"valueRequired\":true,\"valueName\":\"search_term_string\"}}],\"inLanguage\":\"sl-SI\"},{\"@type\":\"Organization\",\"@id\":\"https:\\\/\\\/okm.si\\\/sl\\\/#organization\",\"name\":\"OKM d.o.o.\",\"url\":\"https:\\\/\\\/okm.si\\\/sl\\\/\",\"logo\":{\"@type\":\"ImageObject\",\"inLanguage\":\"sl-SI\",\"@id\":\"https:\\\/\\\/okm.si\\\/sl\\\/#\\\/schema\\\/logo\\\/image\\\/\",\"url\":\"https:\\\/\\\/okm.si\\\/wp-content\\\/uploads\\\/2024\\\/12\\\/logo-blue.svg\",\"contentUrl\":\"https:\\\/\\\/okm.si\\\/wp-content\\\/uploads\\\/2024\\\/12\\\/logo-blue.svg\",\"width\":112,\"height\":46,\"caption\":\"OKM d.o.o.\"},\"image\":{\"@id\":\"https:\\\/\\\/okm.si\\\/sl\\\/#\\\/schema\\\/logo\\\/image\\\/\"}}]}<\/script>\n<!-- \/ Yoast SEO plugin. -->","yoast_head_json":{"title":"Zgodovina - OKM","robots":{"index":"index","follow":"follow","max-snippet":"max-snippet:-1","max-image-preview":"max-image-preview:large","max-video-preview":"max-video-preview:-1"},"canonical":"https:\/\/okm.si\/sl\/podjetje\/zgodovina\/","og_locale":"sl_SI","og_type":"article","og_title":"Zgodovina - OKM","og_description":"Zgodovina Strast do inovacij od samega za\u010detkaPodjetje O.K.M. je bilo ustanovljeno leta 1979 kot dru\u017einsko podjetje, z vizijo izbolj\u0161anja oskrbe vida. \u017de od za\u010detka smo si prizadevali ustvariti razliko \u2013 prvi v dr\u017eavi smo pri\u010deli izdelovati kovinske korekcijske okvirje. Leta 1989 smo raz\u0161irili svojo dejavnost na korekcijska stekla, postali pionirji na tem podro\u010dju in postavili [&hellip;]","og_url":"https:\/\/okm.si\/sl\/podjetje\/zgodovina\/","og_site_name":"OKM","article_modified_time":"2025-04-08T09:02:45+00:00","og_image":[{"width":900,"height":140,"url":"https:\/\/okm.si\/wp-content\/uploads\/2025\/02\/certifikat1.png","type":"image\/png"}],"twitter_card":"summary_large_image","twitter_misc":{"Est. reading time":"2 minuti"},"schema":{"@context":"https:\/\/schema.org","@graph":[{"@type":"WebPage","@id":"https:\/\/okm.si\/sl\/podjetje\/zgodovina\/","url":"https:\/\/okm.si\/sl\/podjetje\/zgodovina\/","name":"Zgodovina - OKM","isPartOf":{"@id":"https:\/\/okm.si\/sl\/#website"},"primaryImageOfPage":{"@id":"https:\/\/okm.si\/sl\/podjetje\/zgodovina\/#primaryimage"},"image":{"@id":"https:\/\/okm.si\/sl\/podjetje\/zgodovina\/#primaryimage"},"thumbnailUrl":"https:\/\/okm.si\/wp-content\/uploads\/2025\/02\/certifikat1.png","datePublished":"2025-01-13T12:03:25+00:00","dateModified":"2025-04-08T09:02:45+00:00","breadcrumb":{"@id":"https:\/\/okm.si\/sl\/podjetje\/zgodovina\/#breadcrumb"},"inLanguage":"sl-SI","potentialAction":[{"@type":"ReadAction","target":["https:\/\/okm.si\/sl\/podjetje\/zgodovina\/"]}]},{"@type":"ImageObject","inLanguage":"sl-SI","@id":"https:\/\/okm.si\/sl\/podjetje\/zgodovina\/#primaryimage","url":"https:\/\/okm.si\/wp-content\/uploads\/2025\/02\/certifikat1.png","contentUrl":"https:\/\/okm.si\/wp-content\/uploads\/2025\/02\/certifikat1.png"},{"@type":"BreadcrumbList","@id":"https:\/\/okm.si\/sl\/podjetje\/zgodovina\/#breadcrumb","itemListElement":[{"@type":"ListItem","position":1,"name":"Home","item":"https:\/\/okm.si\/sl\/"},{"@type":"ListItem","position":2,"name":"Podjetje","item":"https:\/\/okm.si\/sl\/podjetje\/"},{"@type":"ListItem","position":3,"name":"Zgodovina"}]},{"@type":"WebSite","@id":"https:\/\/okm.si\/sl\/#website","url":"https:\/\/okm.si\/sl\/","name":"OKM","description":"Prescription Lenses manufacturing company","publisher":{"@id":"https:\/\/okm.si\/sl\/#organization"},"potentialAction":[{"@type":"SearchAction","target":{"@type":"EntryPoint","urlTemplate":"https:\/\/okm.si\/sl\/?s={search_term_string}"},"query-input":{"@type":"PropertyValueSpecification","valueRequired":true,"valueName":"search_term_string"}}],"inLanguage":"sl-SI"},{"@type":"Organization","@id":"https:\/\/okm.si\/sl\/#organization","name":"OKM d.o.o.","url":"https:\/\/okm.si\/sl\/","logo":{"@type":"ImageObject","inLanguage":"sl-SI","@id":"https:\/\/okm.si\/sl\/#\/schema\/logo\/image\/","url":"https:\/\/okm.si\/wp-content\/uploads\/2024\/12\/logo-blue.svg","contentUrl":"https:\/\/okm.si\/wp-content\/uploads\/2024\/12\/logo-blue.svg","width":112,"height":46,"caption":"OKM d.o.o."},"image":{"@id":"https:\/\/okm.si\/sl\/#\/schema\/logo\/image\/"}}]}},"_links":{"self":[{"href":"https:\/\/okm.si\/sl\/wp-json\/wp\/v2\/pages\/1426","targetHints":{"allow":["GET"]}}],"collection":[{"href":"https:\/\/okm.si\/sl\/wp-json\/wp\/v2\/pages"}],"about":[{"href":"https:\/\/okm.si\/sl\/wp-json\/wp\/v2\/types\/page"}],"author":[{"embeddable":true,"href":"https:\/\/okm.si\/sl\/wp-json\/wp\/v2\/users\/2"}],"replies":[{"embeddable":true,"href":"https:\/\/okm.si\/sl\/wp-json\/wp\/v2\/comments?post=1426"}],"version-history":[{"count":1,"href":"https:\/\/okm.si\/sl\/wp-json\/wp\/v2\/pages\/1426\/revisions"}],"predecessor-version":[{"id":1430,"href":"https:\/\/okm.si\/sl\/wp-json\/wp\/v2\/pages\/1426\/revisions\/1430"}],"up":[{"embeddable":true,"href":"https:\/\/okm.si\/sl\/wp-json\/wp\/v2\/pages\/1423"}],"wp:attachment":[{"href":"https:\/\/okm.si\/sl\/wp-json\/wp\/v2\/media?parent=1426"}],"curies":[{"name":"wp","href":"https:\/\/api.w.org\/{rel}","templated":true}]}}