{"id":1190,"date":"2024-12-12T12:24:36","date_gmt":"2024-12-12T11:24:36","guid":{"rendered":"https:\/\/okm.si\/privacy-policy\/"},"modified":"2025-04-08T11:11:41","modified_gmt":"2025-04-08T09:11:41","slug":"zasebnost-in-varstvo-osebnih-podatkov","status":"publish","type":"page","link":"https:\/\/okm.si\/sl\/zasebnost-in-varstvo-osebnih-podatkov\/","title":{"rendered":"Zasebnost in varstvo osebnih podatkov"},"content":{"rendered":"\n<h1 class=\"wp-block-heading\"><strong>Zasebnost in varstvo osebnih podatkov<\/strong><\/h1>\n\n\n\n<p>Va\u0161a zasebnost nam je pomembna, zato ravnamo z va\u0161imi osebnimi podatki v skladu z veljavno zakonodajo o varstvu osebnih podatkov (GDPR).<\/p>\n\n\n\n<p><strong>Katere podatke zbiramo?<\/strong><strong><br><\/strong>Ko izpolnite kontaktni obrazec na na\u0161i spletni strani<a href=\"http:\/\/www.okm.si\"> www.okm.si<\/a>, zbiramo naslednje podatke:<\/p>\n\n\n\n<ul class=\"wp-block-list\">\n<li>Ime in priimek<\/li>\n\n\n\n<li>E-po\u0161tni naslov<\/li>\n\n\n\n<li>Telefonsko \u0161tevilko (\u010de jo navedete)<\/li>\n\n\n\n<li>Sporo\u010dilo, ki nam ga posredujete<\/li>\n<\/ul>\n\n\n\n<p><strong>Namen zbiranja podatkov<\/strong><strong><br><\/strong>Zbrane podatke uporabljamo izklju\u010dno za:<\/p>\n\n\n\n<ul class=\"wp-block-list\">\n<li>vzpostavitev stika in odgovor na va\u0161e povpra\u0161evanje,<\/li>\n\n\n\n<li>izbolj\u0161anje uporabni\u0161ke izku\u0161nje na na\u0161i spletni strani,<\/li>\n\n\n\n<li>zagotavljanje storitev in informacij, ki jih zahtevate.<\/li>\n<\/ul>\n\n\n\n<p><strong>Shranjevanje podatkov<\/strong><strong><br><\/strong>Va\u0161i osebni podatki bodo shranjeni le toliko \u010dasa, kolikor je potrebno za izpolnitev zgoraj navedenih namenov, nato pa bodo izbrisani. Podatkov ne bomo posredovali tretjim osebam brez va\u0161ega izrecnega soglasja.<\/p>\n\n\n\n<p><strong>Va\u0161e pravice<br><\/strong>V skladu z veljavno zakonodajo imate pravico do dostopa do svojih podatkov, njihovega popravka ali izbrisa. Prav tako imate pravico zahtevati omejitev obdelave podatkov in ugovarjati njihovi obdelavi. \u010ce \u017eelite uveljaviti katero koli od teh pravic, nas kontaktirajte na <a href=\"mailto:okm@okm.si\">okm@okm.si<\/a>.<\/p>\n\n\n\n<p><strong>Kontakt<br><\/strong>\u010ce imate kakr\u0161na koli vpra\u0161anja v zvezi z varstvom osebnih podatkov, nas lahko kontaktirate na:<br>E-po\u0161ta: <a href=\"mailto:okm@okm.si\">okm@okm.si<\/a><br>Telefon: +386 (0)5 365 92 10<\/p>\n","protected":false},"excerpt":{"rendered":"<p>Zasebnost in varstvo osebnih podatkov Va\u0161a zasebnost nam je pomembna, zato ravnamo z va\u0161imi osebnimi podatki v skladu z veljavno zakonodajo o varstvu osebnih podatkov (GDPR). Katere podatke zbiramo?Ko izpolnite kontaktni obrazec na na\u0161i spletni strani www.okm.si, zbiramo naslednje podatke: Namen zbiranja podatkovZbrane podatke uporabljamo izklju\u010dno za: Shranjevanje podatkovVa\u0161i osebni podatki bodo shranjeni le toliko [&hellip;]<\/p>\n","protected":false},"author":2,"featured_media":0,"parent":0,"menu_order":67,"comment_status":"closed","ping_status":"closed","template":"","meta":{"_acf_changed":false,"inline_featured_image":false,"footnotes":""},"class_list":["post-1190","page","type-page","status-publish","hentry"],"acf":[],"yoast_head":"<!-- This site is optimized with the Yoast SEO plugin v27.4 - https:\/\/yoast.com\/product\/yoast-seo-wordpress\/ -->\n<title>Zasebnost in varstvo osebnih podatkov - OKM<\/title>\n<meta name=\"robots\" content=\"index, follow, max-snippet:-1, max-image-preview:large, max-video-preview:-1\" \/>\n<link rel=\"canonical\" href=\"https:\/\/okm.si\/sl\/zasebnost-in-varstvo-osebnih-podatkov\/\" \/>\n<meta property=\"og:locale\" content=\"sl_SI\" \/>\n<meta property=\"og:type\" content=\"article\" \/>\n<meta property=\"og:title\" content=\"Zasebnost in varstvo osebnih podatkov - OKM\" \/>\n<meta property=\"og:description\" content=\"Zasebnost in varstvo osebnih podatkov Va\u0161a zasebnost nam je pomembna, zato ravnamo z va\u0161imi osebnimi podatki v skladu z veljavno zakonodajo o varstvu osebnih podatkov (GDPR). Katere podatke zbiramo?Ko izpolnite kontaktni obrazec na na\u0161i spletni strani www.okm.si, zbiramo naslednje podatke: Namen zbiranja podatkovZbrane podatke uporabljamo izklju\u010dno za: Shranjevanje podatkovVa\u0161i osebni podatki bodo shranjeni le toliko [&hellip;]\" \/>\n<meta property=\"og:url\" content=\"https:\/\/okm.si\/sl\/zasebnost-in-varstvo-osebnih-podatkov\/\" \/>\n<meta property=\"og:site_name\" content=\"OKM\" \/>\n<meta property=\"article:modified_time\" content=\"2025-04-08T09:11:41+00:00\" \/>\n<meta name=\"twitter:card\" content=\"summary_large_image\" \/>\n<meta name=\"twitter:label1\" content=\"Est. reading time\" \/>\n\t<meta name=\"twitter:data1\" content=\"1 minuta\" \/>\n<script type=\"application\/ld+json\" class=\"yoast-schema-graph\">{\"@context\":\"https:\\\/\\\/schema.org\",\"@graph\":[{\"@type\":\"WebPage\",\"@id\":\"https:\\\/\\\/okm.si\\\/sl\\\/zasebnost-in-varstvo-osebnih-podatkov\\\/\",\"url\":\"https:\\\/\\\/okm.si\\\/sl\\\/zasebnost-in-varstvo-osebnih-podatkov\\\/\",\"name\":\"Zasebnost in varstvo osebnih podatkov - OKM\",\"isPartOf\":{\"@id\":\"https:\\\/\\\/okm.si\\\/sl\\\/#website\"},\"datePublished\":\"2024-12-12T11:24:36+00:00\",\"dateModified\":\"2025-04-08T09:11:41+00:00\",\"breadcrumb\":{\"@id\":\"https:\\\/\\\/okm.si\\\/sl\\\/zasebnost-in-varstvo-osebnih-podatkov\\\/#breadcrumb\"},\"inLanguage\":\"sl-SI\",\"potentialAction\":[{\"@type\":\"ReadAction\",\"target\":[\"https:\\\/\\\/okm.si\\\/sl\\\/zasebnost-in-varstvo-osebnih-podatkov\\\/\"]}]},{\"@type\":\"BreadcrumbList\",\"@id\":\"https:\\\/\\\/okm.si\\\/sl\\\/zasebnost-in-varstvo-osebnih-podatkov\\\/#breadcrumb\",\"itemListElement\":[{\"@type\":\"ListItem\",\"position\":1,\"name\":\"Home\",\"item\":\"https:\\\/\\\/okm.si\\\/sl\\\/\"},{\"@type\":\"ListItem\",\"position\":2,\"name\":\"Zasebnost in varstvo osebnih podatkov\"}]},{\"@type\":\"WebSite\",\"@id\":\"https:\\\/\\\/okm.si\\\/sl\\\/#website\",\"url\":\"https:\\\/\\\/okm.si\\\/sl\\\/\",\"name\":\"OKM\",\"description\":\"Prescription Lenses manufacturing company\",\"publisher\":{\"@id\":\"https:\\\/\\\/okm.si\\\/sl\\\/#organization\"},\"potentialAction\":[{\"@type\":\"SearchAction\",\"target\":{\"@type\":\"EntryPoint\",\"urlTemplate\":\"https:\\\/\\\/okm.si\\\/sl\\\/?s={search_term_string}\"},\"query-input\":{\"@type\":\"PropertyValueSpecification\",\"valueRequired\":true,\"valueName\":\"search_term_string\"}}],\"inLanguage\":\"sl-SI\"},{\"@type\":\"Organization\",\"@id\":\"https:\\\/\\\/okm.si\\\/sl\\\/#organization\",\"name\":\"OKM d.o.o.\",\"url\":\"https:\\\/\\\/okm.si\\\/sl\\\/\",\"logo\":{\"@type\":\"ImageObject\",\"inLanguage\":\"sl-SI\",\"@id\":\"https:\\\/\\\/okm.si\\\/sl\\\/#\\\/schema\\\/logo\\\/image\\\/\",\"url\":\"https:\\\/\\\/okm.si\\\/wp-content\\\/uploads\\\/2024\\\/12\\\/logo-blue.svg\",\"contentUrl\":\"https:\\\/\\\/okm.si\\\/wp-content\\\/uploads\\\/2024\\\/12\\\/logo-blue.svg\",\"width\":112,\"height\":46,\"caption\":\"OKM d.o.o.\"},\"image\":{\"@id\":\"https:\\\/\\\/okm.si\\\/sl\\\/#\\\/schema\\\/logo\\\/image\\\/\"}}]}<\/script>\n<!-- \/ Yoast SEO plugin. -->","yoast_head_json":{"title":"Zasebnost in varstvo osebnih podatkov - OKM","robots":{"index":"index","follow":"follow","max-snippet":"max-snippet:-1","max-image-preview":"max-image-preview:large","max-video-preview":"max-video-preview:-1"},"canonical":"https:\/\/okm.si\/sl\/zasebnost-in-varstvo-osebnih-podatkov\/","og_locale":"sl_SI","og_type":"article","og_title":"Zasebnost in varstvo osebnih podatkov - OKM","og_description":"Zasebnost in varstvo osebnih podatkov Va\u0161a zasebnost nam je pomembna, zato ravnamo z va\u0161imi osebnimi podatki v skladu z veljavno zakonodajo o varstvu osebnih podatkov (GDPR). Katere podatke zbiramo?Ko izpolnite kontaktni obrazec na na\u0161i spletni strani www.okm.si, zbiramo naslednje podatke: Namen zbiranja podatkovZbrane podatke uporabljamo izklju\u010dno za: Shranjevanje podatkovVa\u0161i osebni podatki bodo shranjeni le toliko [&hellip;]","og_url":"https:\/\/okm.si\/sl\/zasebnost-in-varstvo-osebnih-podatkov\/","og_site_name":"OKM","article_modified_time":"2025-04-08T09:11:41+00:00","twitter_card":"summary_large_image","twitter_misc":{"Est. reading time":"1 minuta"},"schema":{"@context":"https:\/\/schema.org","@graph":[{"@type":"WebPage","@id":"https:\/\/okm.si\/sl\/zasebnost-in-varstvo-osebnih-podatkov\/","url":"https:\/\/okm.si\/sl\/zasebnost-in-varstvo-osebnih-podatkov\/","name":"Zasebnost in varstvo osebnih podatkov - OKM","isPartOf":{"@id":"https:\/\/okm.si\/sl\/#website"},"datePublished":"2024-12-12T11:24:36+00:00","dateModified":"2025-04-08T09:11:41+00:00","breadcrumb":{"@id":"https:\/\/okm.si\/sl\/zasebnost-in-varstvo-osebnih-podatkov\/#breadcrumb"},"inLanguage":"sl-SI","potentialAction":[{"@type":"ReadAction","target":["https:\/\/okm.si\/sl\/zasebnost-in-varstvo-osebnih-podatkov\/"]}]},{"@type":"BreadcrumbList","@id":"https:\/\/okm.si\/sl\/zasebnost-in-varstvo-osebnih-podatkov\/#breadcrumb","itemListElement":[{"@type":"ListItem","position":1,"name":"Home","item":"https:\/\/okm.si\/sl\/"},{"@type":"ListItem","position":2,"name":"Zasebnost in varstvo osebnih podatkov"}]},{"@type":"WebSite","@id":"https:\/\/okm.si\/sl\/#website","url":"https:\/\/okm.si\/sl\/","name":"OKM","description":"Prescription Lenses manufacturing company","publisher":{"@id":"https:\/\/okm.si\/sl\/#organization"},"potentialAction":[{"@type":"SearchAction","target":{"@type":"EntryPoint","urlTemplate":"https:\/\/okm.si\/sl\/?s={search_term_string}"},"query-input":{"@type":"PropertyValueSpecification","valueRequired":true,"valueName":"search_term_string"}}],"inLanguage":"sl-SI"},{"@type":"Organization","@id":"https:\/\/okm.si\/sl\/#organization","name":"OKM d.o.o.","url":"https:\/\/okm.si\/sl\/","logo":{"@type":"ImageObject","inLanguage":"sl-SI","@id":"https:\/\/okm.si\/sl\/#\/schema\/logo\/image\/","url":"https:\/\/okm.si\/wp-content\/uploads\/2024\/12\/logo-blue.svg","contentUrl":"https:\/\/okm.si\/wp-content\/uploads\/2024\/12\/logo-blue.svg","width":112,"height":46,"caption":"OKM d.o.o."},"image":{"@id":"https:\/\/okm.si\/sl\/#\/schema\/logo\/image\/"}}]}},"_links":{"self":[{"href":"https:\/\/okm.si\/sl\/wp-json\/wp\/v2\/pages\/1190","targetHints":{"allow":["GET"]}}],"collection":[{"href":"https:\/\/okm.si\/sl\/wp-json\/wp\/v2\/pages"}],"about":[{"href":"https:\/\/okm.si\/sl\/wp-json\/wp\/v2\/types\/page"}],"author":[{"embeddable":true,"href":"https:\/\/okm.si\/sl\/wp-json\/wp\/v2\/users\/2"}],"replies":[{"embeddable":true,"href":"https:\/\/okm.si\/sl\/wp-json\/wp\/v2\/comments?post=1190"}],"version-history":[{"count":1,"href":"https:\/\/okm.si\/sl\/wp-json\/wp\/v2\/pages\/1190\/revisions"}],"predecessor-version":[{"id":1191,"href":"https:\/\/okm.si\/sl\/wp-json\/wp\/v2\/pages\/1190\/revisions\/1191"}],"wp:attachment":[{"href":"https:\/\/okm.si\/sl\/wp-json\/wp\/v2\/media?parent=1190"}],"curies":[{"name":"wp","href":"https:\/\/api.w.org\/{rel}","templated":true}]}}