{"id":1796,"date":"2025-01-13T12:37:20","date_gmt":"2025-01-13T11:37:20","guid":{"rendered":"https:\/\/okm.si\/sustainability\/"},"modified":"2025-04-09T13:53:14","modified_gmt":"2025-04-09T11:53:14","slug":"sostenibilita","status":"publish","type":"page","link":"https:\/\/okm.si\/it\/sostenibilita\/","title":{"rendered":"Sostenibilit\u00e0"},"content":{"rendered":"\n<div class=\"wp-block-columns is-layout-flex wp-container-core-columns-is-layout-9d6595d7 wp-block-columns-is-layout-flex\">\n<div class=\"wp-block-column is-layout-flow wp-block-column-is-layout-flow\" style=\"flex-basis:60%\">\n<p><strong>Un impegno per il pianeta<\/strong><\/p>\n\n\n\n<p><br>La sostenibilit\u00e0 \u00e8 al centro dei nostri valori, non solo come impegno, ma come responsabilit\u00e0 verso le generazioni future. Il nostro obiettivo \u00e8 armonizzare l\u2019eccezionale qualit\u00e0 dei prodotti con pratiche Eco-sostenibili, integrando materiali rinnovabili e riciclabili in ogni fase delle nostre operazioni. Guidati dal principio della tutela ambientale, innoviamo costantemente per proteggere le risorse che sostengono la nostra industria e la comunit\u00e0.<\/p>\n\n\n\n<p><br><strong>Energia Rinnovabile e Autosufficienza<\/strong><br><br>Il nostro impegno per la sostenibilit\u00e0 va oltre la produzione. Grazie all\u2019uso di pannelli solari e di una centrale elettrica indipendente, riduciamo significativamente la dipendenza da fonti energetiche esterne, garantendo un approvvigionamento pi\u00f9 pulito e sostenibile. Queste iniziative riflettono la nostra volont\u00e0 di ridurre le emissioni di gas serra e di adottare soluzioni basate su energie rinnovabili.<\/p>\n\n\n\n<p><br><strong>Riduzione dell&#8217;impatto ambientale<\/strong><br><br>Ogni fase del nostro processo produttivo \u00e8 orientata alla sostenibilit\u00e0. Dall\u2019approvvigionamento delle materie prime al prodotto finito, utilizziamo macchinari a basso consumo energetico, sistemi avanzati di riciclo e tecnologie per il risparmio idrico per minimizzare gli sprechi e ridurre l\u2019impatto ecologico. Gestiamo con attenzione i sistemi di raffreddamento e smaltimento dei rifiuti per garantire un ambiente di lavoro pulito e responsabile. Il nostro processo di rivestimento hard coat \u00e8 progettato per essere efficiente dal punto di vista energetico e idrico. Inoltre, utilizziamo macchine di taglio a secco che eliminano la necessit\u00e0 di blocchi e tamponi, riducendo attivamente anche il consumo di carta. Grazie a queste iniziative, continuiamo a ridurre la nostra impronta di carbonio, contribuendo a un futuro pi\u00f9 verde e sostenibile.<\/p>\n\n\n\n<p><br><strong>Spedizioni Responsabili<br><\/strong><br>Il nostro impegno per la sostenibilit\u00e0 si estende anche alla logistica e alle spedizioni. Ottimizzando i materiali di imballaggio e adottando metodi di trasporto eco-friendly, puntiamo a ridurre le emissioni e limitare gli sprechi. Consolidiamo le spedizioni e collaboriamo con trasportatori che privilegiano pratiche sostenibili, assicurando che i nostri prodotti raggiungano i clienti in modo coerente con i nostri valori ambientali. Attraverso spedizioni responsabili, contribuiamo a una catena di approvvigionamento che sostiene gli obiettivi globali di sostenibilit\u00e0.<\/p>\n<\/div>\n\n\n\n<div class=\"wp-block-column is-layout-flow wp-block-column-is-layout-flow\" style=\"flex-basis:40%\"><\/div>\n<\/div>\n\n\n\n<p><\/p>\n","protected":false},"excerpt":{"rendered":"<p>Un impegno per il pianeta La sostenibilit\u00e0 \u00e8 al centro dei nostri valori, non solo come impegno, ma come responsabilit\u00e0 verso le generazioni future. Il nostro obiettivo \u00e8 armonizzare l\u2019eccezionale qualit\u00e0 dei prodotti con pratiche Eco-sostenibili, integrando materiali rinnovabili e riciclabili in ogni fase delle nostre operazioni. Guidati dal principio della tutela ambientale, innoviamo costantemente [&hellip;]<\/p>\n","protected":false},"author":2,"featured_media":0,"parent":0,"menu_order":59,"comment_status":"closed","ping_status":"closed","template":"","meta":{"_acf_changed":false,"inline_featured_image":false,"footnotes":""},"class_list":["post-1796","page","type-page","status-publish","hentry"],"acf":[],"yoast_head":"<!-- This site is optimized with the Yoast SEO plugin v27.4 - https:\/\/yoast.com\/product\/yoast-seo-wordpress\/ -->\n<title>Sostenibilit\u00e0 - OKM<\/title>\n<meta name=\"robots\" content=\"index, follow, max-snippet:-1, max-image-preview:large, max-video-preview:-1\" \/>\n<link rel=\"canonical\" href=\"https:\/\/okm.si\/it\/sostenibilita\/\" \/>\n<meta property=\"og:locale\" content=\"it_IT\" \/>\n<meta property=\"og:type\" content=\"article\" \/>\n<meta property=\"og:title\" content=\"Sostenibilit\u00e0 - OKM\" \/>\n<meta property=\"og:description\" content=\"Un impegno per il pianeta La sostenibilit\u00e0 \u00e8 al centro dei nostri valori, non solo come impegno, ma come responsabilit\u00e0 verso le generazioni future. Il nostro obiettivo \u00e8 armonizzare l\u2019eccezionale qualit\u00e0 dei prodotti con pratiche Eco-sostenibili, integrando materiali rinnovabili e riciclabili in ogni fase delle nostre operazioni. Guidati dal principio della tutela ambientale, innoviamo costantemente [&hellip;]\" \/>\n<meta property=\"og:url\" content=\"https:\/\/okm.si\/it\/sostenibilita\/\" \/>\n<meta property=\"og:site_name\" content=\"OKM\" \/>\n<meta property=\"article:modified_time\" content=\"2025-04-09T11:53:14+00:00\" \/>\n<meta name=\"twitter:card\" content=\"summary_large_image\" \/>\n<meta name=\"twitter:label1\" content=\"Tempo di lettura stimato\" \/>\n\t<meta name=\"twitter:data1\" content=\"2 minuti\" \/>\n<script type=\"application\/ld+json\" class=\"yoast-schema-graph\">{\"@context\":\"https:\\\/\\\/schema.org\",\"@graph\":[{\"@type\":\"WebPage\",\"@id\":\"https:\\\/\\\/okm.si\\\/it\\\/sostenibilita\\\/\",\"url\":\"https:\\\/\\\/okm.si\\\/it\\\/sostenibilita\\\/\",\"name\":\"Sostenibilit\u00e0 - OKM\",\"isPartOf\":{\"@id\":\"https:\\\/\\\/okm.si\\\/sl\\\/#website\"},\"datePublished\":\"2025-01-13T11:37:20+00:00\",\"dateModified\":\"2025-04-09T11:53:14+00:00\",\"breadcrumb\":{\"@id\":\"https:\\\/\\\/okm.si\\\/it\\\/sostenibilita\\\/#breadcrumb\"},\"inLanguage\":\"it-IT\",\"potentialAction\":[{\"@type\":\"ReadAction\",\"target\":[\"https:\\\/\\\/okm.si\\\/it\\\/sostenibilita\\\/\"]}]},{\"@type\":\"BreadcrumbList\",\"@id\":\"https:\\\/\\\/okm.si\\\/it\\\/sostenibilita\\\/#breadcrumb\",\"itemListElement\":[{\"@type\":\"ListItem\",\"position\":1,\"name\":\"Home\",\"item\":\"https:\\\/\\\/okm.si\\\/it\\\/\"},{\"@type\":\"ListItem\",\"position\":2,\"name\":\"Sostenibilit\u00e0\"}]},{\"@type\":\"WebSite\",\"@id\":\"https:\\\/\\\/okm.si\\\/sl\\\/#website\",\"url\":\"https:\\\/\\\/okm.si\\\/sl\\\/\",\"name\":\"OKM\",\"description\":\"Prescription Lenses manufacturing company\",\"publisher\":{\"@id\":\"https:\\\/\\\/okm.si\\\/sl\\\/#organization\"},\"potentialAction\":[{\"@type\":\"SearchAction\",\"target\":{\"@type\":\"EntryPoint\",\"urlTemplate\":\"https:\\\/\\\/okm.si\\\/sl\\\/?s={search_term_string}\"},\"query-input\":{\"@type\":\"PropertyValueSpecification\",\"valueRequired\":true,\"valueName\":\"search_term_string\"}}],\"inLanguage\":\"it-IT\"},{\"@type\":\"Organization\",\"@id\":\"https:\\\/\\\/okm.si\\\/sl\\\/#organization\",\"name\":\"OKM d.o.o.\",\"url\":\"https:\\\/\\\/okm.si\\\/sl\\\/\",\"logo\":{\"@type\":\"ImageObject\",\"inLanguage\":\"it-IT\",\"@id\":\"https:\\\/\\\/okm.si\\\/sl\\\/#\\\/schema\\\/logo\\\/image\\\/\",\"url\":\"https:\\\/\\\/okm.si\\\/wp-content\\\/uploads\\\/2024\\\/12\\\/logo-blue.svg\",\"contentUrl\":\"https:\\\/\\\/okm.si\\\/wp-content\\\/uploads\\\/2024\\\/12\\\/logo-blue.svg\",\"width\":112,\"height\":46,\"caption\":\"OKM d.o.o.\"},\"image\":{\"@id\":\"https:\\\/\\\/okm.si\\\/sl\\\/#\\\/schema\\\/logo\\\/image\\\/\"}}]}<\/script>\n<!-- \/ Yoast SEO plugin. -->","yoast_head_json":{"title":"Sostenibilit\u00e0 - OKM","robots":{"index":"index","follow":"follow","max-snippet":"max-snippet:-1","max-image-preview":"max-image-preview:large","max-video-preview":"max-video-preview:-1"},"canonical":"https:\/\/okm.si\/it\/sostenibilita\/","og_locale":"it_IT","og_type":"article","og_title":"Sostenibilit\u00e0 - OKM","og_description":"Un impegno per il pianeta La sostenibilit\u00e0 \u00e8 al centro dei nostri valori, non solo come impegno, ma come responsabilit\u00e0 verso le generazioni future. Il nostro obiettivo \u00e8 armonizzare l\u2019eccezionale qualit\u00e0 dei prodotti con pratiche Eco-sostenibili, integrando materiali rinnovabili e riciclabili in ogni fase delle nostre operazioni. Guidati dal principio della tutela ambientale, innoviamo costantemente [&hellip;]","og_url":"https:\/\/okm.si\/it\/sostenibilita\/","og_site_name":"OKM","article_modified_time":"2025-04-09T11:53:14+00:00","twitter_card":"summary_large_image","twitter_misc":{"Tempo di lettura stimato":"2 minuti"},"schema":{"@context":"https:\/\/schema.org","@graph":[{"@type":"WebPage","@id":"https:\/\/okm.si\/it\/sostenibilita\/","url":"https:\/\/okm.si\/it\/sostenibilita\/","name":"Sostenibilit\u00e0 - OKM","isPartOf":{"@id":"https:\/\/okm.si\/sl\/#website"},"datePublished":"2025-01-13T11:37:20+00:00","dateModified":"2025-04-09T11:53:14+00:00","breadcrumb":{"@id":"https:\/\/okm.si\/it\/sostenibilita\/#breadcrumb"},"inLanguage":"it-IT","potentialAction":[{"@type":"ReadAction","target":["https:\/\/okm.si\/it\/sostenibilita\/"]}]},{"@type":"BreadcrumbList","@id":"https:\/\/okm.si\/it\/sostenibilita\/#breadcrumb","itemListElement":[{"@type":"ListItem","position":1,"name":"Home","item":"https:\/\/okm.si\/it\/"},{"@type":"ListItem","position":2,"name":"Sostenibilit\u00e0"}]},{"@type":"WebSite","@id":"https:\/\/okm.si\/sl\/#website","url":"https:\/\/okm.si\/sl\/","name":"OKM","description":"Prescription Lenses manufacturing company","publisher":{"@id":"https:\/\/okm.si\/sl\/#organization"},"potentialAction":[{"@type":"SearchAction","target":{"@type":"EntryPoint","urlTemplate":"https:\/\/okm.si\/sl\/?s={search_term_string}"},"query-input":{"@type":"PropertyValueSpecification","valueRequired":true,"valueName":"search_term_string"}}],"inLanguage":"it-IT"},{"@type":"Organization","@id":"https:\/\/okm.si\/sl\/#organization","name":"OKM d.o.o.","url":"https:\/\/okm.si\/sl\/","logo":{"@type":"ImageObject","inLanguage":"it-IT","@id":"https:\/\/okm.si\/sl\/#\/schema\/logo\/image\/","url":"https:\/\/okm.si\/wp-content\/uploads\/2024\/12\/logo-blue.svg","contentUrl":"https:\/\/okm.si\/wp-content\/uploads\/2024\/12\/logo-blue.svg","width":112,"height":46,"caption":"OKM d.o.o."},"image":{"@id":"https:\/\/okm.si\/sl\/#\/schema\/logo\/image\/"}}]}},"_links":{"self":[{"href":"https:\/\/okm.si\/it\/wp-json\/wp\/v2\/pages\/1796","targetHints":{"allow":["GET"]}}],"collection":[{"href":"https:\/\/okm.si\/it\/wp-json\/wp\/v2\/pages"}],"about":[{"href":"https:\/\/okm.si\/it\/wp-json\/wp\/v2\/types\/page"}],"author":[{"embeddable":true,"href":"https:\/\/okm.si\/it\/wp-json\/wp\/v2\/users\/2"}],"replies":[{"embeddable":true,"href":"https:\/\/okm.si\/it\/wp-json\/wp\/v2\/comments?post=1796"}],"version-history":[{"count":2,"href":"https:\/\/okm.si\/it\/wp-json\/wp\/v2\/pages\/1796\/revisions"}],"predecessor-version":[{"id":2120,"href":"https:\/\/okm.si\/it\/wp-json\/wp\/v2\/pages\/1796\/revisions\/2120"}],"wp:attachment":[{"href":"https:\/\/okm.si\/it\/wp-json\/wp\/v2\/media?parent=1796"}],"curies":[{"name":"wp","href":"https:\/\/api.w.org\/{rel}","templated":true}]}}