{"id":1777,"date":"2025-01-13T13:06:43","date_gmt":"2025-01-13T12:06:43","guid":{"rendered":"https:\/\/okm.si\/lazienda\/team\/"},"modified":"2025-04-09T13:51:04","modified_gmt":"2025-04-09T11:51:04","slug":"il-team","status":"publish","type":"page","link":"https:\/\/okm.si\/it\/lazienda\/il-team\/","title":{"rendered":"Il Team"},"content":{"rendered":"\n<div class=\"wp-block-columns is-layout-flex wp-container-core-columns-is-layout-9d6595d7 wp-block-columns-is-layout-flex\">\n<div class=\"wp-block-column is-layout-flow wp-block-column-is-layout-flow\" style=\"flex-basis:60%\">\n<p><br><strong>La nostra squadra : Esperti di fiducia<\/strong><\/p>\n\n\n\n<p><br>In O.K.M.la nostra squadra \u00e8 il cuore di tutto ci\u00f2 che facciamo. Ogni membro apporta competenza, creativit\u00e0 e passione, combinando anni di esperienza con nuove prospettive per guidare l\u2019innovazione nel settore dell\u2019ottica. Il nostro gruppo affiatato favorisce collaborazione e fiducia, riflettendo i valori di un\u2019azienda a conduzione familiare pur rispondendo alle esigenze di un mercato globale.<\/p>\n\n\n\n<p><br>nsieme, non ci limitiamo a creare prodotti; costruiamo collaborazioni durature e offriamo agli ottici e ai professionisti dell\u2019ottica gli strumenti per raggiungere il successo.<\/p>\n\n\n\n<p><br><strong>Precisione su misura, visione potenziata.<\/strong><\/p>\n<\/div>\n\n\n\n<div class=\"wp-block-column is-layout-flow wp-block-column-is-layout-flow\" style=\"flex-basis:40%\">\n<p><\/p>\n<\/div>\n<\/div>\n\n\n\n<p><\/p>\n","protected":false},"excerpt":{"rendered":"<p>La nostra squadra : Esperti di fiducia In O.K.M.la nostra squadra \u00e8 il cuore di tutto ci\u00f2 che facciamo. Ogni membro apporta competenza, creativit\u00e0 e passione, combinando anni di esperienza con nuove prospettive per guidare l\u2019innovazione nel settore dell\u2019ottica. Il nostro gruppo affiatato favorisce collaborazione e fiducia, riflettendo i valori di un\u2019azienda a conduzione familiare [&hellip;]<\/p>\n","protected":false},"author":2,"featured_media":0,"parent":1764,"menu_order":47,"comment_status":"closed","ping_status":"closed","template":"","meta":{"_acf_changed":false,"inline_featured_image":false,"footnotes":""},"class_list":["post-1777","page","type-page","status-publish","hentry"],"acf":[],"yoast_head":"<!-- This site is optimized with the Yoast SEO plugin v27.4 - https:\/\/yoast.com\/product\/yoast-seo-wordpress\/ -->\n<title>Il Team - OKM<\/title>\n<meta name=\"robots\" content=\"index, follow, max-snippet:-1, max-image-preview:large, max-video-preview:-1\" \/>\n<link rel=\"canonical\" href=\"https:\/\/okm.si\/it\/lazienda\/il-team\/\" \/>\n<meta property=\"og:locale\" content=\"it_IT\" \/>\n<meta property=\"og:type\" content=\"article\" \/>\n<meta property=\"og:title\" content=\"Il Team - OKM\" \/>\n<meta property=\"og:description\" content=\"La nostra squadra : Esperti di fiducia In O.K.M.la nostra squadra \u00e8 il cuore di tutto ci\u00f2 che facciamo. Ogni membro apporta competenza, creativit\u00e0 e passione, combinando anni di esperienza con nuove prospettive per guidare l\u2019innovazione nel settore dell\u2019ottica. Il nostro gruppo affiatato favorisce collaborazione e fiducia, riflettendo i valori di un\u2019azienda a conduzione familiare [&hellip;]\" \/>\n<meta property=\"og:url\" content=\"https:\/\/okm.si\/it\/lazienda\/il-team\/\" \/>\n<meta property=\"og:site_name\" content=\"OKM\" \/>\n<meta property=\"article:modified_time\" content=\"2025-04-09T11:51:04+00:00\" \/>\n<meta name=\"twitter:card\" content=\"summary_large_image\" \/>\n<meta name=\"twitter:label1\" content=\"Tempo di lettura stimato\" \/>\n\t<meta name=\"twitter:data1\" content=\"1 minuto\" \/>\n<script type=\"application\/ld+json\" class=\"yoast-schema-graph\">{\"@context\":\"https:\\\/\\\/schema.org\",\"@graph\":[{\"@type\":\"WebPage\",\"@id\":\"https:\\\/\\\/okm.si\\\/it\\\/lazienda\\\/il-team\\\/\",\"url\":\"https:\\\/\\\/okm.si\\\/it\\\/lazienda\\\/il-team\\\/\",\"name\":\"Il Team - OKM\",\"isPartOf\":{\"@id\":\"https:\\\/\\\/okm.si\\\/sl\\\/#website\"},\"datePublished\":\"2025-01-13T12:06:43+00:00\",\"dateModified\":\"2025-04-09T11:51:04+00:00\",\"breadcrumb\":{\"@id\":\"https:\\\/\\\/okm.si\\\/it\\\/lazienda\\\/il-team\\\/#breadcrumb\"},\"inLanguage\":\"it-IT\",\"potentialAction\":[{\"@type\":\"ReadAction\",\"target\":[\"https:\\\/\\\/okm.si\\\/it\\\/lazienda\\\/il-team\\\/\"]}]},{\"@type\":\"BreadcrumbList\",\"@id\":\"https:\\\/\\\/okm.si\\\/it\\\/lazienda\\\/il-team\\\/#breadcrumb\",\"itemListElement\":[{\"@type\":\"ListItem\",\"position\":1,\"name\":\"Home\",\"item\":\"https:\\\/\\\/okm.si\\\/it\\\/\"},{\"@type\":\"ListItem\",\"position\":2,\"name\":\"L\u2019Azienda\",\"item\":\"https:\\\/\\\/okm.si\\\/it\\\/lazienda\\\/\"},{\"@type\":\"ListItem\",\"position\":3,\"name\":\"Il Team\"}]},{\"@type\":\"WebSite\",\"@id\":\"https:\\\/\\\/okm.si\\\/sl\\\/#website\",\"url\":\"https:\\\/\\\/okm.si\\\/sl\\\/\",\"name\":\"OKM\",\"description\":\"Prescription Lenses manufacturing company\",\"publisher\":{\"@id\":\"https:\\\/\\\/okm.si\\\/sl\\\/#organization\"},\"potentialAction\":[{\"@type\":\"SearchAction\",\"target\":{\"@type\":\"EntryPoint\",\"urlTemplate\":\"https:\\\/\\\/okm.si\\\/sl\\\/?s={search_term_string}\"},\"query-input\":{\"@type\":\"PropertyValueSpecification\",\"valueRequired\":true,\"valueName\":\"search_term_string\"}}],\"inLanguage\":\"it-IT\"},{\"@type\":\"Organization\",\"@id\":\"https:\\\/\\\/okm.si\\\/sl\\\/#organization\",\"name\":\"OKM d.o.o.\",\"url\":\"https:\\\/\\\/okm.si\\\/sl\\\/\",\"logo\":{\"@type\":\"ImageObject\",\"inLanguage\":\"it-IT\",\"@id\":\"https:\\\/\\\/okm.si\\\/sl\\\/#\\\/schema\\\/logo\\\/image\\\/\",\"url\":\"https:\\\/\\\/okm.si\\\/wp-content\\\/uploads\\\/2024\\\/12\\\/logo-blue.svg\",\"contentUrl\":\"https:\\\/\\\/okm.si\\\/wp-content\\\/uploads\\\/2024\\\/12\\\/logo-blue.svg\",\"width\":112,\"height\":46,\"caption\":\"OKM d.o.o.\"},\"image\":{\"@id\":\"https:\\\/\\\/okm.si\\\/sl\\\/#\\\/schema\\\/logo\\\/image\\\/\"}}]}<\/script>\n<!-- \/ Yoast SEO plugin. -->","yoast_head_json":{"title":"Il Team - OKM","robots":{"index":"index","follow":"follow","max-snippet":"max-snippet:-1","max-image-preview":"max-image-preview:large","max-video-preview":"max-video-preview:-1"},"canonical":"https:\/\/okm.si\/it\/lazienda\/il-team\/","og_locale":"it_IT","og_type":"article","og_title":"Il Team - OKM","og_description":"La nostra squadra : Esperti di fiducia In O.K.M.la nostra squadra \u00e8 il cuore di tutto ci\u00f2 che facciamo. Ogni membro apporta competenza, creativit\u00e0 e passione, combinando anni di esperienza con nuove prospettive per guidare l\u2019innovazione nel settore dell\u2019ottica. Il nostro gruppo affiatato favorisce collaborazione e fiducia, riflettendo i valori di un\u2019azienda a conduzione familiare [&hellip;]","og_url":"https:\/\/okm.si\/it\/lazienda\/il-team\/","og_site_name":"OKM","article_modified_time":"2025-04-09T11:51:04+00:00","twitter_card":"summary_large_image","twitter_misc":{"Tempo di lettura stimato":"1 minuto"},"schema":{"@context":"https:\/\/schema.org","@graph":[{"@type":"WebPage","@id":"https:\/\/okm.si\/it\/lazienda\/il-team\/","url":"https:\/\/okm.si\/it\/lazienda\/il-team\/","name":"Il Team - OKM","isPartOf":{"@id":"https:\/\/okm.si\/sl\/#website"},"datePublished":"2025-01-13T12:06:43+00:00","dateModified":"2025-04-09T11:51:04+00:00","breadcrumb":{"@id":"https:\/\/okm.si\/it\/lazienda\/il-team\/#breadcrumb"},"inLanguage":"it-IT","potentialAction":[{"@type":"ReadAction","target":["https:\/\/okm.si\/it\/lazienda\/il-team\/"]}]},{"@type":"BreadcrumbList","@id":"https:\/\/okm.si\/it\/lazienda\/il-team\/#breadcrumb","itemListElement":[{"@type":"ListItem","position":1,"name":"Home","item":"https:\/\/okm.si\/it\/"},{"@type":"ListItem","position":2,"name":"L\u2019Azienda","item":"https:\/\/okm.si\/it\/lazienda\/"},{"@type":"ListItem","position":3,"name":"Il Team"}]},{"@type":"WebSite","@id":"https:\/\/okm.si\/sl\/#website","url":"https:\/\/okm.si\/sl\/","name":"OKM","description":"Prescription Lenses manufacturing company","publisher":{"@id":"https:\/\/okm.si\/sl\/#organization"},"potentialAction":[{"@type":"SearchAction","target":{"@type":"EntryPoint","urlTemplate":"https:\/\/okm.si\/sl\/?s={search_term_string}"},"query-input":{"@type":"PropertyValueSpecification","valueRequired":true,"valueName":"search_term_string"}}],"inLanguage":"it-IT"},{"@type":"Organization","@id":"https:\/\/okm.si\/sl\/#organization","name":"OKM d.o.o.","url":"https:\/\/okm.si\/sl\/","logo":{"@type":"ImageObject","inLanguage":"it-IT","@id":"https:\/\/okm.si\/sl\/#\/schema\/logo\/image\/","url":"https:\/\/okm.si\/wp-content\/uploads\/2024\/12\/logo-blue.svg","contentUrl":"https:\/\/okm.si\/wp-content\/uploads\/2024\/12\/logo-blue.svg","width":112,"height":46,"caption":"OKM d.o.o."},"image":{"@id":"https:\/\/okm.si\/sl\/#\/schema\/logo\/image\/"}}]}},"_links":{"self":[{"href":"https:\/\/okm.si\/it\/wp-json\/wp\/v2\/pages\/1777","targetHints":{"allow":["GET"]}}],"collection":[{"href":"https:\/\/okm.si\/it\/wp-json\/wp\/v2\/pages"}],"about":[{"href":"https:\/\/okm.si\/it\/wp-json\/wp\/v2\/types\/page"}],"author":[{"embeddable":true,"href":"https:\/\/okm.si\/it\/wp-json\/wp\/v2\/users\/2"}],"replies":[{"embeddable":true,"href":"https:\/\/okm.si\/it\/wp-json\/wp\/v2\/comments?post=1777"}],"version-history":[{"count":2,"href":"https:\/\/okm.si\/it\/wp-json\/wp\/v2\/pages\/1777\/revisions"}],"predecessor-version":[{"id":2118,"href":"https:\/\/okm.si\/it\/wp-json\/wp\/v2\/pages\/1777\/revisions\/2118"}],"up":[{"embeddable":true,"href":"https:\/\/okm.si\/it\/wp-json\/wp\/v2\/pages\/1764"}],"wp:attachment":[{"href":"https:\/\/okm.si\/it\/wp-json\/wp\/v2\/media?parent=1777"}],"curies":[{"name":"wp","href":"https:\/\/api.w.org\/{rel}","templated":true}]}}