{"id":1772,"date":"2025-01-13T13:03:25","date_gmt":"2025-01-13T12:03:25","guid":{"rendered":"https:\/\/okm.si\/lazienda\/history\/"},"modified":"2025-04-09T13:49:35","modified_gmt":"2025-04-09T11:49:35","slug":"storia","status":"publish","type":"page","link":"https:\/\/okm.si\/it\/lazienda\/storia\/","title":{"rendered":"Storia"},"content":{"rendered":"\n<div class=\"wp-block-columns is-layout-flex wp-container-core-columns-is-layout-9d6595d7 wp-block-columns-is-layout-flex\">\n<div class=\"wp-block-column is-layout-flow wp-block-column-is-layout-flow\" style=\"flex-basis:60%\">\n<p><br><strong>Una passione per l&#8217;innovazione fin dall&#8217;inizio<\/strong><br><strong><br><\/strong>Fondata nel 1979, O.K.M. \u00e8 sempre stata un\u2019azienda a conduzione familiare, guidata dalla passione per il miglioramento della cura visiva. Fin dall\u2019inizio, abbiamo voluto fare la differenza creando le prime montature in metallo per occhiali da vista nel nostro paese. Nel 1989, ci siamo ampliati nel settore delle lenti oftalmiche, diventando pionieri in questo campo e gettando le basi per un\u2019eredit\u00e0 di qualit\u00e0 e dedizione.ication.<\/p>\n\n\n\n<p><br><strong>Crescita basata sulla fiducia e l&#8217;impegno<\/strong><br><strong><br><\/strong>Con la crescita dell\u2019azienda, \u00e8 cresciuto anche il nostro impegno per l\u2019eccellenza. Nel 1991, ci siamo trasformati in una societ\u00e0 a responsabilit\u00e0 limitata, centralizzando le operazioni nel nostro stabilimento di Ajdov\u0161\u010dina per servire meglio i nostri clienti. L\u2019espansione nei mercati internazionali ci ha portato ad aprire una franchigia di distribuzione in Croazia nel 1999. Nel 2004, abbiamo abbracciato la tecnologia all\u2019avanguardia della produzione Free-form, lanciando il nostro marchio di lenti progressive. Abbiamo sempre creduto nel costruire relazioni durature e nel fornire soluzioni su misura per soddisfare le esigenze uniche degli ottici.<\/p>\n\n\n\n<p><br><strong>Construendo il futuro insieme<\/strong><br><strong><br><\/strong>Nel 2024, abbiamo compiuto un altro passo importante con l\u2019apertura di un nuovo centro di produzione a Novi Sad, in Serbia, e l\u2019espansione nel mercato austriaco. Questi sviluppi testimoniano il nostro costante impegno per l\u2019innovazione e la crescita. Nonostante il nostro sviluppo, O.K.M. rimane un\u2019azienda a conduzione familiare, oggi guidata dalla seconda generazione con Jaka Kukovi\u010d, che lavora ogni giorno per offrire soluzioni personalizzabili e di alta qualit\u00e0, contribuendo a plasmare il futuro della cura della vista. Insieme, continuiamo a concentrarci su ci\u00f2 che conta di pi\u00f9: i nostri partner, le loro esigenze e il loro successo.<\/p>\n\n\n\n<p><br><strong>In OKM, la nostra missione \u00e8 chiara: una visione di eccellenza<\/strong><\/p>\n\n\n\n<p><br>In OKM, siamo orgogliosi di essere un\u2019azienda familiare, dove ogni decisione e innovazione nasce da dedizione e impegno. La nostra missione \u00e8 fornire a ottici e professionisti le migliori soluzioni per lenti oftalmiche. Attraverso un\u2019innovazione continua nella produzione, nei materiali e nei servizi, garantiamo chiarezza visiva e costruzione di fiducia con ogni cliente. Insieme, plasmiamo il futuro della cura della vista.<\/p>\n<\/div>\n\n\n\n<div class=\"wp-block-column is-layout-flow wp-block-column-is-layout-flow\" style=\"flex-basis:40%\">\n<figure class=\"wp-block-image size-full\"><img loading=\"lazy\" decoding=\"async\" width=\"900\" height=\"140\" src=\"https:\/\/okm.si\/wp-content\/uploads\/2025\/02\/certifikat1.png\" alt=\"\" class=\"wp-image-1194\" srcset=\"https:\/\/okm.si\/wp-content\/uploads\/2025\/02\/certifikat1.png 900w, https:\/\/okm.si\/wp-content\/uploads\/2025\/02\/certifikat1-300x47.png 300w, https:\/\/okm.si\/wp-content\/uploads\/2025\/02\/certifikat1-768x119.png 768w\" sizes=\"auto, (max-width: 900px) 100vw, 900px\" \/><\/figure>\n<\/div>\n<\/div>\n","protected":false},"excerpt":{"rendered":"<p>Una passione per l&#8217;innovazione fin dall&#8217;inizioFondata nel 1979, O.K.M. \u00e8 sempre stata un\u2019azienda a conduzione familiare, guidata dalla passione per il miglioramento della cura visiva. Fin dall\u2019inizio, abbiamo voluto fare la differenza creando le prime montature in metallo per occhiali da vista nel nostro paese. Nel 1989, ci siamo ampliati nel settore delle lenti oftalmiche, [&hellip;]<\/p>\n","protected":false},"author":2,"featured_media":0,"parent":1764,"menu_order":38,"comment_status":"closed","ping_status":"closed","template":"","meta":{"_acf_changed":false,"inline_featured_image":false,"footnotes":""},"class_list":["post-1772","page","type-page","status-publish","hentry"],"acf":[],"yoast_head":"<!-- This site is optimized with the Yoast SEO plugin v27.4 - https:\/\/yoast.com\/product\/yoast-seo-wordpress\/ -->\n<title>Storia - OKM<\/title>\n<meta name=\"robots\" content=\"index, follow, max-snippet:-1, max-image-preview:large, max-video-preview:-1\" \/>\n<link rel=\"canonical\" href=\"https:\/\/okm.si\/it\/lazienda\/storia\/\" \/>\n<meta property=\"og:locale\" content=\"it_IT\" \/>\n<meta property=\"og:type\" content=\"article\" \/>\n<meta property=\"og:title\" content=\"Storia - OKM\" \/>\n<meta property=\"og:description\" content=\"Una passione per l&#8217;innovazione fin dall&#8217;inizioFondata nel 1979, O.K.M. \u00e8 sempre stata un\u2019azienda a conduzione familiare, guidata dalla passione per il miglioramento della cura visiva. Fin dall\u2019inizio, abbiamo voluto fare la differenza creando le prime montature in metallo per occhiali da vista nel nostro paese. Nel 1989, ci siamo ampliati nel settore delle lenti oftalmiche, [&hellip;]\" \/>\n<meta property=\"og:url\" content=\"https:\/\/okm.si\/it\/lazienda\/storia\/\" \/>\n<meta property=\"og:site_name\" content=\"OKM\" \/>\n<meta property=\"article:modified_time\" content=\"2025-04-09T11:49:35+00:00\" \/>\n<meta property=\"og:image\" content=\"https:\/\/okm.si\/wp-content\/uploads\/2025\/02\/certifikat1.png\" \/>\n\t<meta property=\"og:image:width\" content=\"900\" \/>\n\t<meta property=\"og:image:height\" content=\"140\" \/>\n\t<meta property=\"og:image:type\" content=\"image\/png\" \/>\n<meta name=\"twitter:card\" content=\"summary_large_image\" \/>\n<meta name=\"twitter:label1\" content=\"Tempo di lettura stimato\" \/>\n\t<meta name=\"twitter:data1\" content=\"2 minuti\" \/>\n<script type=\"application\/ld+json\" class=\"yoast-schema-graph\">{\"@context\":\"https:\\\/\\\/schema.org\",\"@graph\":[{\"@type\":\"WebPage\",\"@id\":\"https:\\\/\\\/okm.si\\\/it\\\/lazienda\\\/storia\\\/\",\"url\":\"https:\\\/\\\/okm.si\\\/it\\\/lazienda\\\/storia\\\/\",\"name\":\"Storia - OKM\",\"isPartOf\":{\"@id\":\"https:\\\/\\\/okm.si\\\/sl\\\/#website\"},\"primaryImageOfPage\":{\"@id\":\"https:\\\/\\\/okm.si\\\/it\\\/lazienda\\\/storia\\\/#primaryimage\"},\"image\":{\"@id\":\"https:\\\/\\\/okm.si\\\/it\\\/lazienda\\\/storia\\\/#primaryimage\"},\"thumbnailUrl\":\"https:\\\/\\\/okm.si\\\/wp-content\\\/uploads\\\/2025\\\/02\\\/certifikat1.png\",\"datePublished\":\"2025-01-13T12:03:25+00:00\",\"dateModified\":\"2025-04-09T11:49:35+00:00\",\"breadcrumb\":{\"@id\":\"https:\\\/\\\/okm.si\\\/it\\\/lazienda\\\/storia\\\/#breadcrumb\"},\"inLanguage\":\"it-IT\",\"potentialAction\":[{\"@type\":\"ReadAction\",\"target\":[\"https:\\\/\\\/okm.si\\\/it\\\/lazienda\\\/storia\\\/\"]}]},{\"@type\":\"ImageObject\",\"inLanguage\":\"it-IT\",\"@id\":\"https:\\\/\\\/okm.si\\\/it\\\/lazienda\\\/storia\\\/#primaryimage\",\"url\":\"https:\\\/\\\/okm.si\\\/wp-content\\\/uploads\\\/2025\\\/02\\\/certifikat1.png\",\"contentUrl\":\"https:\\\/\\\/okm.si\\\/wp-content\\\/uploads\\\/2025\\\/02\\\/certifikat1.png\"},{\"@type\":\"BreadcrumbList\",\"@id\":\"https:\\\/\\\/okm.si\\\/it\\\/lazienda\\\/storia\\\/#breadcrumb\",\"itemListElement\":[{\"@type\":\"ListItem\",\"position\":1,\"name\":\"Home\",\"item\":\"https:\\\/\\\/okm.si\\\/it\\\/\"},{\"@type\":\"ListItem\",\"position\":2,\"name\":\"L\u2019Azienda\",\"item\":\"https:\\\/\\\/okm.si\\\/it\\\/lazienda\\\/\"},{\"@type\":\"ListItem\",\"position\":3,\"name\":\"Storia\"}]},{\"@type\":\"WebSite\",\"@id\":\"https:\\\/\\\/okm.si\\\/sl\\\/#website\",\"url\":\"https:\\\/\\\/okm.si\\\/sl\\\/\",\"name\":\"OKM\",\"description\":\"Prescription Lenses manufacturing company\",\"publisher\":{\"@id\":\"https:\\\/\\\/okm.si\\\/sl\\\/#organization\"},\"potentialAction\":[{\"@type\":\"SearchAction\",\"target\":{\"@type\":\"EntryPoint\",\"urlTemplate\":\"https:\\\/\\\/okm.si\\\/sl\\\/?s={search_term_string}\"},\"query-input\":{\"@type\":\"PropertyValueSpecification\",\"valueRequired\":true,\"valueName\":\"search_term_string\"}}],\"inLanguage\":\"it-IT\"},{\"@type\":\"Organization\",\"@id\":\"https:\\\/\\\/okm.si\\\/sl\\\/#organization\",\"name\":\"OKM d.o.o.\",\"url\":\"https:\\\/\\\/okm.si\\\/sl\\\/\",\"logo\":{\"@type\":\"ImageObject\",\"inLanguage\":\"it-IT\",\"@id\":\"https:\\\/\\\/okm.si\\\/sl\\\/#\\\/schema\\\/logo\\\/image\\\/\",\"url\":\"https:\\\/\\\/okm.si\\\/wp-content\\\/uploads\\\/2024\\\/12\\\/logo-blue.svg\",\"contentUrl\":\"https:\\\/\\\/okm.si\\\/wp-content\\\/uploads\\\/2024\\\/12\\\/logo-blue.svg\",\"width\":112,\"height\":46,\"caption\":\"OKM d.o.o.\"},\"image\":{\"@id\":\"https:\\\/\\\/okm.si\\\/sl\\\/#\\\/schema\\\/logo\\\/image\\\/\"}}]}<\/script>\n<!-- \/ Yoast SEO plugin. -->","yoast_head_json":{"title":"Storia - OKM","robots":{"index":"index","follow":"follow","max-snippet":"max-snippet:-1","max-image-preview":"max-image-preview:large","max-video-preview":"max-video-preview:-1"},"canonical":"https:\/\/okm.si\/it\/lazienda\/storia\/","og_locale":"it_IT","og_type":"article","og_title":"Storia - OKM","og_description":"Una passione per l&#8217;innovazione fin dall&#8217;inizioFondata nel 1979, O.K.M. \u00e8 sempre stata un\u2019azienda a conduzione familiare, guidata dalla passione per il miglioramento della cura visiva. Fin dall\u2019inizio, abbiamo voluto fare la differenza creando le prime montature in metallo per occhiali da vista nel nostro paese. Nel 1989, ci siamo ampliati nel settore delle lenti oftalmiche, [&hellip;]","og_url":"https:\/\/okm.si\/it\/lazienda\/storia\/","og_site_name":"OKM","article_modified_time":"2025-04-09T11:49:35+00:00","og_image":[{"width":900,"height":140,"url":"https:\/\/okm.si\/wp-content\/uploads\/2025\/02\/certifikat1.png","type":"image\/png"}],"twitter_card":"summary_large_image","twitter_misc":{"Tempo di lettura stimato":"2 minuti"},"schema":{"@context":"https:\/\/schema.org","@graph":[{"@type":"WebPage","@id":"https:\/\/okm.si\/it\/lazienda\/storia\/","url":"https:\/\/okm.si\/it\/lazienda\/storia\/","name":"Storia - OKM","isPartOf":{"@id":"https:\/\/okm.si\/sl\/#website"},"primaryImageOfPage":{"@id":"https:\/\/okm.si\/it\/lazienda\/storia\/#primaryimage"},"image":{"@id":"https:\/\/okm.si\/it\/lazienda\/storia\/#primaryimage"},"thumbnailUrl":"https:\/\/okm.si\/wp-content\/uploads\/2025\/02\/certifikat1.png","datePublished":"2025-01-13T12:03:25+00:00","dateModified":"2025-04-09T11:49:35+00:00","breadcrumb":{"@id":"https:\/\/okm.si\/it\/lazienda\/storia\/#breadcrumb"},"inLanguage":"it-IT","potentialAction":[{"@type":"ReadAction","target":["https:\/\/okm.si\/it\/lazienda\/storia\/"]}]},{"@type":"ImageObject","inLanguage":"it-IT","@id":"https:\/\/okm.si\/it\/lazienda\/storia\/#primaryimage","url":"https:\/\/okm.si\/wp-content\/uploads\/2025\/02\/certifikat1.png","contentUrl":"https:\/\/okm.si\/wp-content\/uploads\/2025\/02\/certifikat1.png"},{"@type":"BreadcrumbList","@id":"https:\/\/okm.si\/it\/lazienda\/storia\/#breadcrumb","itemListElement":[{"@type":"ListItem","position":1,"name":"Home","item":"https:\/\/okm.si\/it\/"},{"@type":"ListItem","position":2,"name":"L\u2019Azienda","item":"https:\/\/okm.si\/it\/lazienda\/"},{"@type":"ListItem","position":3,"name":"Storia"}]},{"@type":"WebSite","@id":"https:\/\/okm.si\/sl\/#website","url":"https:\/\/okm.si\/sl\/","name":"OKM","description":"Prescription Lenses manufacturing company","publisher":{"@id":"https:\/\/okm.si\/sl\/#organization"},"potentialAction":[{"@type":"SearchAction","target":{"@type":"EntryPoint","urlTemplate":"https:\/\/okm.si\/sl\/?s={search_term_string}"},"query-input":{"@type":"PropertyValueSpecification","valueRequired":true,"valueName":"search_term_string"}}],"inLanguage":"it-IT"},{"@type":"Organization","@id":"https:\/\/okm.si\/sl\/#organization","name":"OKM d.o.o.","url":"https:\/\/okm.si\/sl\/","logo":{"@type":"ImageObject","inLanguage":"it-IT","@id":"https:\/\/okm.si\/sl\/#\/schema\/logo\/image\/","url":"https:\/\/okm.si\/wp-content\/uploads\/2024\/12\/logo-blue.svg","contentUrl":"https:\/\/okm.si\/wp-content\/uploads\/2024\/12\/logo-blue.svg","width":112,"height":46,"caption":"OKM d.o.o."},"image":{"@id":"https:\/\/okm.si\/sl\/#\/schema\/logo\/image\/"}}]}},"_links":{"self":[{"href":"https:\/\/okm.si\/it\/wp-json\/wp\/v2\/pages\/1772","targetHints":{"allow":["GET"]}}],"collection":[{"href":"https:\/\/okm.si\/it\/wp-json\/wp\/v2\/pages"}],"about":[{"href":"https:\/\/okm.si\/it\/wp-json\/wp\/v2\/types\/page"}],"author":[{"embeddable":true,"href":"https:\/\/okm.si\/it\/wp-json\/wp\/v2\/users\/2"}],"replies":[{"embeddable":true,"href":"https:\/\/okm.si\/it\/wp-json\/wp\/v2\/comments?post=1772"}],"version-history":[{"count":2,"href":"https:\/\/okm.si\/it\/wp-json\/wp\/v2\/pages\/1772\/revisions"}],"predecessor-version":[{"id":2117,"href":"https:\/\/okm.si\/it\/wp-json\/wp\/v2\/pages\/1772\/revisions\/2117"}],"up":[{"embeddable":true,"href":"https:\/\/okm.si\/it\/wp-json\/wp\/v2\/pages\/1764"}],"wp:attachment":[{"href":"https:\/\/okm.si\/it\/wp-json\/wp\/v2\/media?parent=1772"}],"curies":[{"name":"wp","href":"https:\/\/api.w.org\/{rel}","templated":true}]}}