{"id":1815,"date":"2024-12-12T12:24:36","date_gmt":"2024-12-12T11:24:36","guid":{"rendered":"https:\/\/okm.si\/privacy-policy-and-data-protection\/"},"modified":"2025-05-12T11:05:11","modified_gmt":"2025-05-12T09:05:11","slug":"privacy-policy-and-data-protection","status":"publish","type":"page","link":"https:\/\/okm.si\/hr\/privacy-policy-and-data-protection\/","title":{"rendered":"Politika privatnosti i za\u0161tita podataka"},"content":{"rendered":"\n<h1 class=\"wp-block-heading\">Politika privatnosti i za\u0161tita podataka<\/h1>\n\n\n\n<p>Va\u0161a privatnost nam je va\u017ena i mi postupamo sa va\u0161im osobnim podacima u skladu sa va\u017ee\u0107im zakonima o za\u0161titi podataka (GDPR).<\/p>\n\n\n\n<h4 class=\"wp-block-heading\"><strong>Koje podatke prikupljamo?<\/strong><\/h4>\n\n\n\n<p>Kada popunite kontakt na na\u0161oj web stranici <a href=\"http:\/\/www.okm.si\">www.okm.si<\/a> prikupljamo sljede\u0107e informacije:<\/p>\n\n\n\n<ul class=\"wp-block-list\">\n<li>Va\u0161e ime i prezime<\/li>\n\n\n\n<li>Va\u0161a email adresa<\/li>\n\n\n\n<li>Va\u0161 broj telefona (ako je naveden)<\/li>\n\n\n\n<li>Poruka koju nam \u0161aljete<\/li>\n<\/ul>\n\n\n\n<h4 class=\"wp-block-heading\"><strong>Svrha prikupljanja podataka<\/strong><\/h4>\n\n\n\n<p>Prikupljeni podaci se koriste isklju\u010divo za:<\/p>\n\n\n\n<ul class=\"wp-block-list\">\n<li>Uspostavljanje kontakta i odgovaranje na va\u0161 upit<\/li>\n\n\n\n<li>Pobolj\u0161anje korisni\u010dkog iskustva na na\u0161oj web stranici<\/li>\n\n\n\n<li>Pru\u017eanje tra\u017eenih usluga i informacija<\/li>\n<\/ul>\n\n\n\n<h4 class=\"wp-block-heading\">Skladi\u0161tenje podataka<\/h4>\n\n\n\n<p>Va\u0161i osobni podaci \u0107e se \u010duvati samo onoliko koliko je potrebno za ispunjavanje gore navedenih ciljeva, nakon \u010dega \u0107e biti izbrisani. Ne\u0107emo dijeliti va\u0161e podatke s tre\u0107im licima bez va\u0161eg izri\u010ditog pristanka.<\/p>\n\n\n\n<h4 class=\"wp-block-heading\"><strong>Va\u0161a prava<\/strong><\/h4>\n\n\n\n<p>U skladu s va\u017ee\u0107imn zakonima, imate pravo prostupiti svojim podacima, zahtijevati ispravke ili brisanja i zahtijevati ograni\u010denja obrade. Takodjer imate pravo ulo\u017eiti prigovor na obradu va\u0161ih podataka. Ukoliko \u017eelite ostvariti neka od ovih prava konktaktirajte nas na <a href=\"mailto:okm@okm.si\">okm@okm.si<\/a>.<\/p>\n\n\n\n<h4 class=\"wp-block-heading\">Kontakt informacije<\/h4>\n\n\n\n<p>Ako imate bilo kakvih pitanja u vezi sa za\u0161titom podataka, mo\u017eete nas kontaktirati na:<br><strong>Email: <\/strong><a href=\"mailto:okm@okm.si\">okm@okm.si<br><\/a><strong>Phone:<\/strong> +386 (0)5 365 92 10<\/p>\n","protected":false},"excerpt":{"rendered":"<p>Politika privatnosti i za\u0161tita podataka Va\u0161a privatnost nam je va\u017ena i mi postupamo sa va\u0161im osobnim podacima u skladu sa va\u017ee\u0107im zakonima o za\u0161titi podataka (GDPR). Koje podatke prikupljamo? Kada popunite kontakt na na\u0161oj web stranici www.okm.si prikupljamo sljede\u0107e informacije: Svrha prikupljanja podataka Prikupljeni podaci se koriste isklju\u010divo za: Skladi\u0161tenje podataka Va\u0161i osobni podaci \u0107e [&hellip;]<\/p>\n","protected":false},"author":2,"featured_media":0,"parent":0,"menu_order":67,"comment_status":"closed","ping_status":"closed","template":"","meta":{"_acf_changed":false,"inline_featured_image":false,"footnotes":""},"class_list":["post-1815","page","type-page","status-publish","hentry"],"acf":[],"yoast_head":"<!-- This site is optimized with the Yoast SEO plugin v27.3 - https:\/\/yoast.com\/product\/yoast-seo-wordpress\/ -->\n<title>Politika privatnosti i za\u0161tita podataka - OKM<\/title>\n<meta name=\"robots\" content=\"index, follow, max-snippet:-1, max-image-preview:large, max-video-preview:-1\" \/>\n<link rel=\"canonical\" href=\"https:\/\/okm.si\/hr\/privacy-policy-and-data-protection\/\" \/>\n<meta property=\"og:locale\" content=\"hr_HR\" \/>\n<meta property=\"og:type\" content=\"article\" \/>\n<meta property=\"og:title\" content=\"Politika privatnosti i za\u0161tita podataka - OKM\" \/>\n<meta property=\"og:description\" content=\"Politika privatnosti i za\u0161tita podataka Va\u0161a privatnost nam je va\u017ena i mi postupamo sa va\u0161im osobnim podacima u skladu sa va\u017ee\u0107im zakonima o za\u0161titi podataka (GDPR). Koje podatke prikupljamo? Kada popunite kontakt na na\u0161oj web stranici www.okm.si prikupljamo sljede\u0107e informacije: Svrha prikupljanja podataka Prikupljeni podaci se koriste isklju\u010divo za: Skladi\u0161tenje podataka Va\u0161i osobni podaci \u0107e [&hellip;]\" \/>\n<meta property=\"og:url\" content=\"https:\/\/okm.si\/hr\/privacy-policy-and-data-protection\/\" \/>\n<meta property=\"og:site_name\" content=\"OKM\" \/>\n<meta property=\"article:modified_time\" content=\"2025-05-12T09:05:11+00:00\" \/>\n<meta name=\"twitter:card\" content=\"summary_large_image\" \/>\n<meta name=\"twitter:label1\" content=\"Procijenjeno vrijeme \u010ditanja\" \/>\n\t<meta name=\"twitter:data1\" content=\"1 minuta\" \/>\n<script type=\"application\/ld+json\" class=\"yoast-schema-graph\">{\"@context\":\"https:\\\/\\\/schema.org\",\"@graph\":[{\"@type\":\"WebPage\",\"@id\":\"https:\\\/\\\/okm.si\\\/hr\\\/privacy-policy-and-data-protection\\\/\",\"url\":\"https:\\\/\\\/okm.si\\\/hr\\\/privacy-policy-and-data-protection\\\/\",\"name\":\"Politika privatnosti i za\u0161tita podataka - OKM\",\"isPartOf\":{\"@id\":\"https:\\\/\\\/okm.si\\\/sl\\\/#website\"},\"datePublished\":\"2024-12-12T11:24:36+00:00\",\"dateModified\":\"2025-05-12T09:05:11+00:00\",\"breadcrumb\":{\"@id\":\"https:\\\/\\\/okm.si\\\/hr\\\/privacy-policy-and-data-protection\\\/#breadcrumb\"},\"inLanguage\":\"hr\",\"potentialAction\":[{\"@type\":\"ReadAction\",\"target\":[\"https:\\\/\\\/okm.si\\\/hr\\\/privacy-policy-and-data-protection\\\/\"]}]},{\"@type\":\"BreadcrumbList\",\"@id\":\"https:\\\/\\\/okm.si\\\/hr\\\/privacy-policy-and-data-protection\\\/#breadcrumb\",\"itemListElement\":[{\"@type\":\"ListItem\",\"position\":1,\"name\":\"Home\",\"item\":\"https:\\\/\\\/okm.si\\\/hr\\\/\"},{\"@type\":\"ListItem\",\"position\":2,\"name\":\"Politika privatnosti i za\u0161tita podataka\"}]},{\"@type\":\"WebSite\",\"@id\":\"https:\\\/\\\/okm.si\\\/sl\\\/#website\",\"url\":\"https:\\\/\\\/okm.si\\\/sl\\\/\",\"name\":\"OKM\",\"description\":\"Prescription Lenses manufacturing company\",\"publisher\":{\"@id\":\"https:\\\/\\\/okm.si\\\/sl\\\/#organization\"},\"potentialAction\":[{\"@type\":\"SearchAction\",\"target\":{\"@type\":\"EntryPoint\",\"urlTemplate\":\"https:\\\/\\\/okm.si\\\/sl\\\/?s={search_term_string}\"},\"query-input\":{\"@type\":\"PropertyValueSpecification\",\"valueRequired\":true,\"valueName\":\"search_term_string\"}}],\"inLanguage\":\"hr\"},{\"@type\":\"Organization\",\"@id\":\"https:\\\/\\\/okm.si\\\/sl\\\/#organization\",\"name\":\"OKM d.o.o.\",\"url\":\"https:\\\/\\\/okm.si\\\/sl\\\/\",\"logo\":{\"@type\":\"ImageObject\",\"inLanguage\":\"hr\",\"@id\":\"https:\\\/\\\/okm.si\\\/sl\\\/#\\\/schema\\\/logo\\\/image\\\/\",\"url\":\"https:\\\/\\\/okm.si\\\/wp-content\\\/uploads\\\/2024\\\/12\\\/logo-blue.svg\",\"contentUrl\":\"https:\\\/\\\/okm.si\\\/wp-content\\\/uploads\\\/2024\\\/12\\\/logo-blue.svg\",\"width\":112,\"height\":46,\"caption\":\"OKM d.o.o.\"},\"image\":{\"@id\":\"https:\\\/\\\/okm.si\\\/sl\\\/#\\\/schema\\\/logo\\\/image\\\/\"}}]}<\/script>\n<!-- \/ Yoast SEO plugin. -->","yoast_head_json":{"title":"Politika privatnosti i za\u0161tita podataka - OKM","robots":{"index":"index","follow":"follow","max-snippet":"max-snippet:-1","max-image-preview":"max-image-preview:large","max-video-preview":"max-video-preview:-1"},"canonical":"https:\/\/okm.si\/hr\/privacy-policy-and-data-protection\/","og_locale":"hr_HR","og_type":"article","og_title":"Politika privatnosti i za\u0161tita podataka - OKM","og_description":"Politika privatnosti i za\u0161tita podataka Va\u0161a privatnost nam je va\u017ena i mi postupamo sa va\u0161im osobnim podacima u skladu sa va\u017ee\u0107im zakonima o za\u0161titi podataka (GDPR). Koje podatke prikupljamo? Kada popunite kontakt na na\u0161oj web stranici www.okm.si prikupljamo sljede\u0107e informacije: Svrha prikupljanja podataka Prikupljeni podaci se koriste isklju\u010divo za: Skladi\u0161tenje podataka Va\u0161i osobni podaci \u0107e [&hellip;]","og_url":"https:\/\/okm.si\/hr\/privacy-policy-and-data-protection\/","og_site_name":"OKM","article_modified_time":"2025-05-12T09:05:11+00:00","twitter_card":"summary_large_image","twitter_misc":{"Procijenjeno vrijeme \u010ditanja":"1 minuta"},"schema":{"@context":"https:\/\/schema.org","@graph":[{"@type":"WebPage","@id":"https:\/\/okm.si\/hr\/privacy-policy-and-data-protection\/","url":"https:\/\/okm.si\/hr\/privacy-policy-and-data-protection\/","name":"Politika privatnosti i za\u0161tita podataka - OKM","isPartOf":{"@id":"https:\/\/okm.si\/sl\/#website"},"datePublished":"2024-12-12T11:24:36+00:00","dateModified":"2025-05-12T09:05:11+00:00","breadcrumb":{"@id":"https:\/\/okm.si\/hr\/privacy-policy-and-data-protection\/#breadcrumb"},"inLanguage":"hr","potentialAction":[{"@type":"ReadAction","target":["https:\/\/okm.si\/hr\/privacy-policy-and-data-protection\/"]}]},{"@type":"BreadcrumbList","@id":"https:\/\/okm.si\/hr\/privacy-policy-and-data-protection\/#breadcrumb","itemListElement":[{"@type":"ListItem","position":1,"name":"Home","item":"https:\/\/okm.si\/hr\/"},{"@type":"ListItem","position":2,"name":"Politika privatnosti i za\u0161tita podataka"}]},{"@type":"WebSite","@id":"https:\/\/okm.si\/sl\/#website","url":"https:\/\/okm.si\/sl\/","name":"OKM","description":"Prescription Lenses manufacturing company","publisher":{"@id":"https:\/\/okm.si\/sl\/#organization"},"potentialAction":[{"@type":"SearchAction","target":{"@type":"EntryPoint","urlTemplate":"https:\/\/okm.si\/sl\/?s={search_term_string}"},"query-input":{"@type":"PropertyValueSpecification","valueRequired":true,"valueName":"search_term_string"}}],"inLanguage":"hr"},{"@type":"Organization","@id":"https:\/\/okm.si\/sl\/#organization","name":"OKM d.o.o.","url":"https:\/\/okm.si\/sl\/","logo":{"@type":"ImageObject","inLanguage":"hr","@id":"https:\/\/okm.si\/sl\/#\/schema\/logo\/image\/","url":"https:\/\/okm.si\/wp-content\/uploads\/2024\/12\/logo-blue.svg","contentUrl":"https:\/\/okm.si\/wp-content\/uploads\/2024\/12\/logo-blue.svg","width":112,"height":46,"caption":"OKM d.o.o."},"image":{"@id":"https:\/\/okm.si\/sl\/#\/schema\/logo\/image\/"}}]}},"_links":{"self":[{"href":"https:\/\/okm.si\/hr\/wp-json\/wp\/v2\/pages\/1815","targetHints":{"allow":["GET"]}}],"collection":[{"href":"https:\/\/okm.si\/hr\/wp-json\/wp\/v2\/pages"}],"about":[{"href":"https:\/\/okm.si\/hr\/wp-json\/wp\/v2\/types\/page"}],"author":[{"embeddable":true,"href":"https:\/\/okm.si\/hr\/wp-json\/wp\/v2\/users\/2"}],"replies":[{"embeddable":true,"href":"https:\/\/okm.si\/hr\/wp-json\/wp\/v2\/comments?post=1815"}],"version-history":[{"count":1,"href":"https:\/\/okm.si\/hr\/wp-json\/wp\/v2\/pages\/1815\/revisions"}],"predecessor-version":[{"id":2368,"href":"https:\/\/okm.si\/hr\/wp-json\/wp\/v2\/pages\/1815\/revisions\/2368"}],"wp:attachment":[{"href":"https:\/\/okm.si\/hr\/wp-json\/wp\/v2\/media?parent=1815"}],"curies":[{"name":"wp","href":"https:\/\/api.w.org\/{rel}","templated":true}]}}