{"id":1795,"date":"2025-01-13T12:37:20","date_gmt":"2025-01-13T11:37:20","guid":{"rendered":"https:\/\/okm.si\/sustainability\/"},"modified":"2025-04-23T09:19:16","modified_gmt":"2025-04-23T07:19:16","slug":"odrzivost","status":"publish","type":"page","link":"https:\/\/okm.si\/hr\/odrzivost\/","title":{"rendered":"Odr\u017eivost"},"content":{"rendered":"\n<h2 class=\"wp-block-heading\">Odr\u017eivost<\/h2>\n\n\n\n<div class=\"wp-block-columns is-layout-flex wp-container-core-columns-is-layout-9d6595d7 wp-block-columns-is-layout-flex\">\n<div class=\"wp-block-column is-layout-flow wp-block-column-is-layout-flow\" style=\"flex-basis:60%\">\n<p><strong>Posve\u0107enost Planeti<\/strong><\/p>\n\n\n\n<p><br>Odr\u017eivost je u srcu na\u0161ih vrijednosti, ne samo kao obaveza, ve\u0107 i kao odgovornost prema budu\u0107im generacijama. Na\u0161 cilj je uskladiti izuzetne kvalitete proizvoda s ekolo\u0161ki svjesnim praksama, integriraju\u0107i obnovljive i recikliraju\u0107e materijale u svaki korak na\u0161ih operacija. Vo\u0111eni principima za\u0161tite \u017eivotne sredine, stalno inoviramo kako bismo za\u0161titili resurse koji podr\u017eavaju na\u0161u industriju i zajednicu.<\/p>\n\n\n\n<p><br><strong>Obnovljiva energija i samostalnost<\/strong><br><br>Na\u0161a posve\u0107enost odr\u017eivosti se prostire izvan same proizvodnje. Kori\u0161tenjem vlastitih solarnih panela i nezavisne energetske stanice, zna\u010dajno smanjujemo zavisnost od vanjskih izvora energije, osiguravamo \u010distiji i odr\u017eiviji izvor energije. Ove inicijative odra\u017eavaju na\u0161u posve\u0107enost smanjenju emisije \u0161tetnih plinova s efektom staklenika i prihva\u0107anjem rje\u0161enja za obnovljivu energiju.<\/p>\n\n\n\n<p><br><strong>Smanjenje utjecaja na \u017eivotnu sredinu<\/strong><br><br>Svaki korak na\u0161eg procesa daje prioritet odr\u017eivosti. Od sirovina do gotovih proizvoda, koristimo energetski efikasnu opremu, napredne sisteme za recikla\u017eu i tehnologije koje \u0161tede vodu, kako bismo smanjili otpad i smanjili ekolo\u0161ki utjecaj. Aktivno upravljamo sistemima za rashladne teku\u0107ine i otpad kako bismo odr\u017eali \u010dist i ekolo\u0161ki odgovoran radni prostor. Na\u0161 proces nano\u0161enja za\u0161titnog sloja je dizajniran da bude energetski efikasan i \u0161tedi vodu. Pored toga, za bru\u0161enje koristimo strojeve bez-blokiranja s tehnologijom &#8220;suhog reza&#8221;, eliminiramo upotrebu blokirnih jasu\u010di\u0107a. Aktivno smanjujemo upotrebu papira tokom na\u0161ih procesa. Ove inicijative omogu\u0107avaju nam da kontinuirano smanjujemo na\u0161 uglji\u010dni otisak, doprinosimo zelenijoj i odr\u017eivijoj budu\u0107nosti.<\/p>\n\n\n\n<p><br><strong>Odgovorna dostava<br><\/strong><br>Na\u0161e napore u odr\u017eivosti pro\u0161irujemo i na logistiku i prakse dostave. Optimizacijom materijala za pakiranje i kori\u0161tenjem ekolo\u0161ki prihvatljivih metoda transporta, cilj nam je smanjiti emisiju plinova i ograni\u010diti otpad. Na\u0161 pristup uklju\u010duje konsolidaciju po\u0161iljki i partnerstvo s prijevoznicima koji prioritetno primenjuju odr\u017eive prakse, osiguravaju\u0107i da na\u0161i proizvodi stignu do kupaca na na\u010din koji je u skladu s na\u0161im ekolo\u0161kim vrijednostima. Kroz odgovornu dostavu, doprinosimo lancu opskrbe koji podr\u017eava globalne ciljeve odr\u017eivosti.<\/p>\n<\/div>\n\n\n\n<div class=\"wp-block-column is-layout-flow wp-block-column-is-layout-flow\" style=\"flex-basis:40%\"><\/div>\n<\/div>\n\n\n\n<p><\/p>\n","protected":false},"excerpt":{"rendered":"<p>Odr\u017eivost Posve\u0107enost Planeti Odr\u017eivost je u srcu na\u0161ih vrijednosti, ne samo kao obaveza, ve\u0107 i kao odgovornost prema budu\u0107im generacijama. Na\u0161 cilj je uskladiti izuzetne kvalitete proizvoda s ekolo\u0161ki svjesnim praksama, integriraju\u0107i obnovljive i recikliraju\u0107e materijale u svaki korak na\u0161ih operacija. Vo\u0111eni principima za\u0161tite \u017eivotne sredine, stalno inoviramo kako bismo za\u0161titili resurse koji podr\u017eavaju na\u0161u [&hellip;]<\/p>\n","protected":false},"author":2,"featured_media":0,"parent":0,"menu_order":59,"comment_status":"closed","ping_status":"closed","template":"","meta":{"_acf_changed":false,"inline_featured_image":false,"footnotes":""},"class_list":["post-1795","page","type-page","status-publish","hentry"],"acf":[],"yoast_head":"<!-- This site is optimized with the Yoast SEO plugin v27.4 - https:\/\/yoast.com\/product\/yoast-seo-wordpress\/ -->\n<title>Odr\u017eivost - OKM<\/title>\n<meta name=\"robots\" content=\"index, follow, max-snippet:-1, max-image-preview:large, max-video-preview:-1\" \/>\n<link rel=\"canonical\" href=\"https:\/\/okm.si\/hr\/odrzivost\/\" \/>\n<meta property=\"og:locale\" content=\"hr_HR\" \/>\n<meta property=\"og:type\" content=\"article\" \/>\n<meta property=\"og:title\" content=\"Odr\u017eivost - OKM\" \/>\n<meta property=\"og:description\" content=\"Odr\u017eivost Posve\u0107enost Planeti Odr\u017eivost je u srcu na\u0161ih vrijednosti, ne samo kao obaveza, ve\u0107 i kao odgovornost prema budu\u0107im generacijama. Na\u0161 cilj je uskladiti izuzetne kvalitete proizvoda s ekolo\u0161ki svjesnim praksama, integriraju\u0107i obnovljive i recikliraju\u0107e materijale u svaki korak na\u0161ih operacija. Vo\u0111eni principima za\u0161tite \u017eivotne sredine, stalno inoviramo kako bismo za\u0161titili resurse koji podr\u017eavaju na\u0161u [&hellip;]\" \/>\n<meta property=\"og:url\" content=\"https:\/\/okm.si\/hr\/odrzivost\/\" \/>\n<meta property=\"og:site_name\" content=\"OKM\" \/>\n<meta property=\"article:modified_time\" content=\"2025-04-23T07:19:16+00:00\" \/>\n<meta name=\"twitter:card\" content=\"summary_large_image\" \/>\n<meta name=\"twitter:label1\" content=\"Procijenjeno vrijeme \u010ditanja\" \/>\n\t<meta name=\"twitter:data1\" content=\"2 minute\" \/>\n<script type=\"application\/ld+json\" class=\"yoast-schema-graph\">{\"@context\":\"https:\\\/\\\/schema.org\",\"@graph\":[{\"@type\":\"WebPage\",\"@id\":\"https:\\\/\\\/okm.si\\\/hr\\\/odrzivost\\\/\",\"url\":\"https:\\\/\\\/okm.si\\\/hr\\\/odrzivost\\\/\",\"name\":\"Odr\u017eivost - OKM\",\"isPartOf\":{\"@id\":\"https:\\\/\\\/okm.si\\\/sl\\\/#website\"},\"datePublished\":\"2025-01-13T11:37:20+00:00\",\"dateModified\":\"2025-04-23T07:19:16+00:00\",\"breadcrumb\":{\"@id\":\"https:\\\/\\\/okm.si\\\/hr\\\/odrzivost\\\/#breadcrumb\"},\"inLanguage\":\"hr\",\"potentialAction\":[{\"@type\":\"ReadAction\",\"target\":[\"https:\\\/\\\/okm.si\\\/hr\\\/odrzivost\\\/\"]}]},{\"@type\":\"BreadcrumbList\",\"@id\":\"https:\\\/\\\/okm.si\\\/hr\\\/odrzivost\\\/#breadcrumb\",\"itemListElement\":[{\"@type\":\"ListItem\",\"position\":1,\"name\":\"Home\",\"item\":\"https:\\\/\\\/okm.si\\\/hr\\\/\"},{\"@type\":\"ListItem\",\"position\":2,\"name\":\"Odr\u017eivost\"}]},{\"@type\":\"WebSite\",\"@id\":\"https:\\\/\\\/okm.si\\\/sl\\\/#website\",\"url\":\"https:\\\/\\\/okm.si\\\/sl\\\/\",\"name\":\"OKM\",\"description\":\"Prescription Lenses manufacturing company\",\"publisher\":{\"@id\":\"https:\\\/\\\/okm.si\\\/sl\\\/#organization\"},\"potentialAction\":[{\"@type\":\"SearchAction\",\"target\":{\"@type\":\"EntryPoint\",\"urlTemplate\":\"https:\\\/\\\/okm.si\\\/sl\\\/?s={search_term_string}\"},\"query-input\":{\"@type\":\"PropertyValueSpecification\",\"valueRequired\":true,\"valueName\":\"search_term_string\"}}],\"inLanguage\":\"hr\"},{\"@type\":\"Organization\",\"@id\":\"https:\\\/\\\/okm.si\\\/sl\\\/#organization\",\"name\":\"OKM d.o.o.\",\"url\":\"https:\\\/\\\/okm.si\\\/sl\\\/\",\"logo\":{\"@type\":\"ImageObject\",\"inLanguage\":\"hr\",\"@id\":\"https:\\\/\\\/okm.si\\\/sl\\\/#\\\/schema\\\/logo\\\/image\\\/\",\"url\":\"https:\\\/\\\/okm.si\\\/wp-content\\\/uploads\\\/2024\\\/12\\\/logo-blue.svg\",\"contentUrl\":\"https:\\\/\\\/okm.si\\\/wp-content\\\/uploads\\\/2024\\\/12\\\/logo-blue.svg\",\"width\":112,\"height\":46,\"caption\":\"OKM d.o.o.\"},\"image\":{\"@id\":\"https:\\\/\\\/okm.si\\\/sl\\\/#\\\/schema\\\/logo\\\/image\\\/\"}}]}<\/script>\n<!-- \/ Yoast SEO plugin. -->","yoast_head_json":{"title":"Odr\u017eivost - OKM","robots":{"index":"index","follow":"follow","max-snippet":"max-snippet:-1","max-image-preview":"max-image-preview:large","max-video-preview":"max-video-preview:-1"},"canonical":"https:\/\/okm.si\/hr\/odrzivost\/","og_locale":"hr_HR","og_type":"article","og_title":"Odr\u017eivost - OKM","og_description":"Odr\u017eivost Posve\u0107enost Planeti Odr\u017eivost je u srcu na\u0161ih vrijednosti, ne samo kao obaveza, ve\u0107 i kao odgovornost prema budu\u0107im generacijama. Na\u0161 cilj je uskladiti izuzetne kvalitete proizvoda s ekolo\u0161ki svjesnim praksama, integriraju\u0107i obnovljive i recikliraju\u0107e materijale u svaki korak na\u0161ih operacija. Vo\u0111eni principima za\u0161tite \u017eivotne sredine, stalno inoviramo kako bismo za\u0161titili resurse koji podr\u017eavaju na\u0161u [&hellip;]","og_url":"https:\/\/okm.si\/hr\/odrzivost\/","og_site_name":"OKM","article_modified_time":"2025-04-23T07:19:16+00:00","twitter_card":"summary_large_image","twitter_misc":{"Procijenjeno vrijeme \u010ditanja":"2 minute"},"schema":{"@context":"https:\/\/schema.org","@graph":[{"@type":"WebPage","@id":"https:\/\/okm.si\/hr\/odrzivost\/","url":"https:\/\/okm.si\/hr\/odrzivost\/","name":"Odr\u017eivost - OKM","isPartOf":{"@id":"https:\/\/okm.si\/sl\/#website"},"datePublished":"2025-01-13T11:37:20+00:00","dateModified":"2025-04-23T07:19:16+00:00","breadcrumb":{"@id":"https:\/\/okm.si\/hr\/odrzivost\/#breadcrumb"},"inLanguage":"hr","potentialAction":[{"@type":"ReadAction","target":["https:\/\/okm.si\/hr\/odrzivost\/"]}]},{"@type":"BreadcrumbList","@id":"https:\/\/okm.si\/hr\/odrzivost\/#breadcrumb","itemListElement":[{"@type":"ListItem","position":1,"name":"Home","item":"https:\/\/okm.si\/hr\/"},{"@type":"ListItem","position":2,"name":"Odr\u017eivost"}]},{"@type":"WebSite","@id":"https:\/\/okm.si\/sl\/#website","url":"https:\/\/okm.si\/sl\/","name":"OKM","description":"Prescription Lenses manufacturing company","publisher":{"@id":"https:\/\/okm.si\/sl\/#organization"},"potentialAction":[{"@type":"SearchAction","target":{"@type":"EntryPoint","urlTemplate":"https:\/\/okm.si\/sl\/?s={search_term_string}"},"query-input":{"@type":"PropertyValueSpecification","valueRequired":true,"valueName":"search_term_string"}}],"inLanguage":"hr"},{"@type":"Organization","@id":"https:\/\/okm.si\/sl\/#organization","name":"OKM d.o.o.","url":"https:\/\/okm.si\/sl\/","logo":{"@type":"ImageObject","inLanguage":"hr","@id":"https:\/\/okm.si\/sl\/#\/schema\/logo\/image\/","url":"https:\/\/okm.si\/wp-content\/uploads\/2024\/12\/logo-blue.svg","contentUrl":"https:\/\/okm.si\/wp-content\/uploads\/2024\/12\/logo-blue.svg","width":112,"height":46,"caption":"OKM d.o.o."},"image":{"@id":"https:\/\/okm.si\/sl\/#\/schema\/logo\/image\/"}}]}},"_links":{"self":[{"href":"https:\/\/okm.si\/hr\/wp-json\/wp\/v2\/pages\/1795","targetHints":{"allow":["GET"]}}],"collection":[{"href":"https:\/\/okm.si\/hr\/wp-json\/wp\/v2\/pages"}],"about":[{"href":"https:\/\/okm.si\/hr\/wp-json\/wp\/v2\/types\/page"}],"author":[{"embeddable":true,"href":"https:\/\/okm.si\/hr\/wp-json\/wp\/v2\/users\/2"}],"replies":[{"embeddable":true,"href":"https:\/\/okm.si\/hr\/wp-json\/wp\/v2\/comments?post=1795"}],"version-history":[{"count":1,"href":"https:\/\/okm.si\/hr\/wp-json\/wp\/v2\/pages\/1795\/revisions"}],"predecessor-version":[{"id":2238,"href":"https:\/\/okm.si\/hr\/wp-json\/wp\/v2\/pages\/1795\/revisions\/2238"}],"wp:attachment":[{"href":"https:\/\/okm.si\/hr\/wp-json\/wp\/v2\/media?parent=1795"}],"curies":[{"name":"wp","href":"https:\/\/api.w.org\/{rel}","templated":true}]}}