{"id":1776,"date":"2025-01-13T13:06:43","date_gmt":"2025-01-13T12:06:43","guid":{"rendered":"https:\/\/okm.si\/company\/team\/"},"modified":"2025-05-06T12:53:40","modified_gmt":"2025-05-06T10:53:40","slug":"tim","status":"publish","type":"page","link":"https:\/\/okm.si\/hr\/tvrtka\/tim\/","title":{"rendered":"Tim"},"content":{"rendered":"\n<div class=\"wp-block-columns is-layout-flex wp-container-core-columns-is-layout-9d6595d7 wp-block-columns-is-layout-flex\">\n<div class=\"wp-block-column is-layout-flow wp-block-column-is-layout-flow\" style=\"flex-basis:60%\">\n<h2 class=\"wp-block-heading\">Na\u0161 tim<\/h2>\n\n\n\n<p><br><strong>Na\u0161 tim: stu\u010dnjaci kojima mo\u017eete vjerovati<\/strong><\/p>\n\n\n\n<p><br>U poduze\u0107u O.K.M. na\u0161 je tim srce svega \u0161to radimo. Svaki \u010dlan doprinosi svojim znanjem, kreativno\u0161\u0107i i stra\u0161\u0107u, kombiniraju\u0107i godine iskustva sa svje\u017eim idejama promi\u010du\u0107i inovacije u podru\u010dju nao\u010dalne optike.<\/p>\n\n\n\n<p>Na\u0161 usko povezani tim izgradjen je na suradnji i povjerenju, odra\u017eavaju\u0107i vrijednost obiteljskog poslovanja, istovremeno ispunjavaju\u0107i zahtjeve globalne industrije.<\/p>\n\n\n\n<p>Zajedno ne stvaramo samo proizvode &#8211; gradimo dugoro\u010dna partnerstva i poma\u017eemo opti\u010dkim profesionalcima da postignu uspjeh.<\/p>\n\n\n\n<p><strong>Preciznost u izradi, jasno\u0107a u viziji.<\/strong><br><\/p>\n<\/div>\n\n\n\n<div class=\"wp-block-column is-layout-flow wp-block-column-is-layout-flow\" style=\"flex-basis:40%\">\n<p><\/p>\n<\/div>\n<\/div>\n\n\n\n<p><\/p>\n","protected":false},"excerpt":{"rendered":"<p>Na\u0161 tim Na\u0161 tim: stu\u010dnjaci kojima mo\u017eete vjerovati U poduze\u0107u O.K.M. na\u0161 je tim srce svega \u0161to radimo. Svaki \u010dlan doprinosi svojim znanjem, kreativno\u0161\u0107i i stra\u0161\u0107u, kombiniraju\u0107i godine iskustva sa svje\u017eim idejama promi\u010du\u0107i inovacije u podru\u010dju nao\u010dalne optike. Na\u0161 usko povezani tim izgradjen je na suradnji i povjerenju, odra\u017eavaju\u0107i vrijednost obiteljskog poslovanja, istovremeno ispunjavaju\u0107i zahtjeve [&hellip;]<\/p>\n","protected":false},"author":2,"featured_media":0,"parent":1763,"menu_order":47,"comment_status":"closed","ping_status":"closed","template":"","meta":{"_acf_changed":false,"inline_featured_image":false,"footnotes":""},"class_list":["post-1776","page","type-page","status-publish","hentry"],"acf":[],"yoast_head":"<!-- This site is optimized with the Yoast SEO plugin v27.4 - https:\/\/yoast.com\/product\/yoast-seo-wordpress\/ -->\n<title>Tim - OKM<\/title>\n<meta name=\"robots\" content=\"index, follow, max-snippet:-1, max-image-preview:large, max-video-preview:-1\" \/>\n<link rel=\"canonical\" href=\"https:\/\/okm.si\/hr\/tvrtka\/tim\/\" \/>\n<meta property=\"og:locale\" content=\"hr_HR\" \/>\n<meta property=\"og:type\" content=\"article\" \/>\n<meta property=\"og:title\" content=\"Tim - OKM\" \/>\n<meta property=\"og:description\" content=\"Na\u0161 tim Na\u0161 tim: stu\u010dnjaci kojima mo\u017eete vjerovati U poduze\u0107u O.K.M. na\u0161 je tim srce svega \u0161to radimo. Svaki \u010dlan doprinosi svojim znanjem, kreativno\u0161\u0107i i stra\u0161\u0107u, kombiniraju\u0107i godine iskustva sa svje\u017eim idejama promi\u010du\u0107i inovacije u podru\u010dju nao\u010dalne optike. Na\u0161 usko povezani tim izgradjen je na suradnji i povjerenju, odra\u017eavaju\u0107i vrijednost obiteljskog poslovanja, istovremeno ispunjavaju\u0107i zahtjeve [&hellip;]\" \/>\n<meta property=\"og:url\" content=\"https:\/\/okm.si\/hr\/tvrtka\/tim\/\" \/>\n<meta property=\"og:site_name\" content=\"OKM\" \/>\n<meta property=\"article:modified_time\" content=\"2025-05-06T10:53:40+00:00\" \/>\n<meta name=\"twitter:card\" content=\"summary_large_image\" \/>\n<meta name=\"twitter:label1\" content=\"Procijenjeno vrijeme \u010ditanja\" \/>\n\t<meta name=\"twitter:data1\" content=\"1 minuta\" \/>\n<script type=\"application\/ld+json\" class=\"yoast-schema-graph\">{\"@context\":\"https:\\\/\\\/schema.org\",\"@graph\":[{\"@type\":\"WebPage\",\"@id\":\"https:\\\/\\\/okm.si\\\/hr\\\/tvrtka\\\/tim\\\/\",\"url\":\"https:\\\/\\\/okm.si\\\/hr\\\/tvrtka\\\/tim\\\/\",\"name\":\"Tim - OKM\",\"isPartOf\":{\"@id\":\"https:\\\/\\\/okm.si\\\/sl\\\/#website\"},\"datePublished\":\"2025-01-13T12:06:43+00:00\",\"dateModified\":\"2025-05-06T10:53:40+00:00\",\"breadcrumb\":{\"@id\":\"https:\\\/\\\/okm.si\\\/hr\\\/tvrtka\\\/tim\\\/#breadcrumb\"},\"inLanguage\":\"hr\",\"potentialAction\":[{\"@type\":\"ReadAction\",\"target\":[\"https:\\\/\\\/okm.si\\\/hr\\\/tvrtka\\\/tim\\\/\"]}]},{\"@type\":\"BreadcrumbList\",\"@id\":\"https:\\\/\\\/okm.si\\\/hr\\\/tvrtka\\\/tim\\\/#breadcrumb\",\"itemListElement\":[{\"@type\":\"ListItem\",\"position\":1,\"name\":\"Home\",\"item\":\"https:\\\/\\\/okm.si\\\/hr\\\/\"},{\"@type\":\"ListItem\",\"position\":2,\"name\":\"Tvrtka\",\"item\":\"https:\\\/\\\/okm.si\\\/hr\\\/tvrtka\\\/\"},{\"@type\":\"ListItem\",\"position\":3,\"name\":\"Tim\"}]},{\"@type\":\"WebSite\",\"@id\":\"https:\\\/\\\/okm.si\\\/sl\\\/#website\",\"url\":\"https:\\\/\\\/okm.si\\\/sl\\\/\",\"name\":\"OKM\",\"description\":\"Prescription Lenses manufacturing company\",\"publisher\":{\"@id\":\"https:\\\/\\\/okm.si\\\/sl\\\/#organization\"},\"potentialAction\":[{\"@type\":\"SearchAction\",\"target\":{\"@type\":\"EntryPoint\",\"urlTemplate\":\"https:\\\/\\\/okm.si\\\/sl\\\/?s={search_term_string}\"},\"query-input\":{\"@type\":\"PropertyValueSpecification\",\"valueRequired\":true,\"valueName\":\"search_term_string\"}}],\"inLanguage\":\"hr\"},{\"@type\":\"Organization\",\"@id\":\"https:\\\/\\\/okm.si\\\/sl\\\/#organization\",\"name\":\"OKM d.o.o.\",\"url\":\"https:\\\/\\\/okm.si\\\/sl\\\/\",\"logo\":{\"@type\":\"ImageObject\",\"inLanguage\":\"hr\",\"@id\":\"https:\\\/\\\/okm.si\\\/sl\\\/#\\\/schema\\\/logo\\\/image\\\/\",\"url\":\"https:\\\/\\\/okm.si\\\/wp-content\\\/uploads\\\/2024\\\/12\\\/logo-blue.svg\",\"contentUrl\":\"https:\\\/\\\/okm.si\\\/wp-content\\\/uploads\\\/2024\\\/12\\\/logo-blue.svg\",\"width\":112,\"height\":46,\"caption\":\"OKM d.o.o.\"},\"image\":{\"@id\":\"https:\\\/\\\/okm.si\\\/sl\\\/#\\\/schema\\\/logo\\\/image\\\/\"}}]}<\/script>\n<!-- \/ Yoast SEO plugin. -->","yoast_head_json":{"title":"Tim - OKM","robots":{"index":"index","follow":"follow","max-snippet":"max-snippet:-1","max-image-preview":"max-image-preview:large","max-video-preview":"max-video-preview:-1"},"canonical":"https:\/\/okm.si\/hr\/tvrtka\/tim\/","og_locale":"hr_HR","og_type":"article","og_title":"Tim - OKM","og_description":"Na\u0161 tim Na\u0161 tim: stu\u010dnjaci kojima mo\u017eete vjerovati U poduze\u0107u O.K.M. na\u0161 je tim srce svega \u0161to radimo. Svaki \u010dlan doprinosi svojim znanjem, kreativno\u0161\u0107i i stra\u0161\u0107u, kombiniraju\u0107i godine iskustva sa svje\u017eim idejama promi\u010du\u0107i inovacije u podru\u010dju nao\u010dalne optike. Na\u0161 usko povezani tim izgradjen je na suradnji i povjerenju, odra\u017eavaju\u0107i vrijednost obiteljskog poslovanja, istovremeno ispunjavaju\u0107i zahtjeve [&hellip;]","og_url":"https:\/\/okm.si\/hr\/tvrtka\/tim\/","og_site_name":"OKM","article_modified_time":"2025-05-06T10:53:40+00:00","twitter_card":"summary_large_image","twitter_misc":{"Procijenjeno vrijeme \u010ditanja":"1 minuta"},"schema":{"@context":"https:\/\/schema.org","@graph":[{"@type":"WebPage","@id":"https:\/\/okm.si\/hr\/tvrtka\/tim\/","url":"https:\/\/okm.si\/hr\/tvrtka\/tim\/","name":"Tim - OKM","isPartOf":{"@id":"https:\/\/okm.si\/sl\/#website"},"datePublished":"2025-01-13T12:06:43+00:00","dateModified":"2025-05-06T10:53:40+00:00","breadcrumb":{"@id":"https:\/\/okm.si\/hr\/tvrtka\/tim\/#breadcrumb"},"inLanguage":"hr","potentialAction":[{"@type":"ReadAction","target":["https:\/\/okm.si\/hr\/tvrtka\/tim\/"]}]},{"@type":"BreadcrumbList","@id":"https:\/\/okm.si\/hr\/tvrtka\/tim\/#breadcrumb","itemListElement":[{"@type":"ListItem","position":1,"name":"Home","item":"https:\/\/okm.si\/hr\/"},{"@type":"ListItem","position":2,"name":"Tvrtka","item":"https:\/\/okm.si\/hr\/tvrtka\/"},{"@type":"ListItem","position":3,"name":"Tim"}]},{"@type":"WebSite","@id":"https:\/\/okm.si\/sl\/#website","url":"https:\/\/okm.si\/sl\/","name":"OKM","description":"Prescription Lenses manufacturing company","publisher":{"@id":"https:\/\/okm.si\/sl\/#organization"},"potentialAction":[{"@type":"SearchAction","target":{"@type":"EntryPoint","urlTemplate":"https:\/\/okm.si\/sl\/?s={search_term_string}"},"query-input":{"@type":"PropertyValueSpecification","valueRequired":true,"valueName":"search_term_string"}}],"inLanguage":"hr"},{"@type":"Organization","@id":"https:\/\/okm.si\/sl\/#organization","name":"OKM d.o.o.","url":"https:\/\/okm.si\/sl\/","logo":{"@type":"ImageObject","inLanguage":"hr","@id":"https:\/\/okm.si\/sl\/#\/schema\/logo\/image\/","url":"https:\/\/okm.si\/wp-content\/uploads\/2024\/12\/logo-blue.svg","contentUrl":"https:\/\/okm.si\/wp-content\/uploads\/2024\/12\/logo-blue.svg","width":112,"height":46,"caption":"OKM d.o.o."},"image":{"@id":"https:\/\/okm.si\/sl\/#\/schema\/logo\/image\/"}}]}},"_links":{"self":[{"href":"https:\/\/okm.si\/hr\/wp-json\/wp\/v2\/pages\/1776","targetHints":{"allow":["GET"]}}],"collection":[{"href":"https:\/\/okm.si\/hr\/wp-json\/wp\/v2\/pages"}],"about":[{"href":"https:\/\/okm.si\/hr\/wp-json\/wp\/v2\/types\/page"}],"author":[{"embeddable":true,"href":"https:\/\/okm.si\/hr\/wp-json\/wp\/v2\/users\/2"}],"replies":[{"embeddable":true,"href":"https:\/\/okm.si\/hr\/wp-json\/wp\/v2\/comments?post=1776"}],"version-history":[{"count":3,"href":"https:\/\/okm.si\/hr\/wp-json\/wp\/v2\/pages\/1776\/revisions"}],"predecessor-version":[{"id":2345,"href":"https:\/\/okm.si\/hr\/wp-json\/wp\/v2\/pages\/1776\/revisions\/2345"}],"up":[{"embeddable":true,"href":"https:\/\/okm.si\/hr\/wp-json\/wp\/v2\/pages\/1763"}],"wp:attachment":[{"href":"https:\/\/okm.si\/hr\/wp-json\/wp\/v2\/media?parent=1776"}],"curies":[{"name":"wp","href":"https:\/\/api.w.org\/{rel}","templated":true}]}}