{"id":1771,"date":"2025-01-13T13:03:25","date_gmt":"2025-01-13T12:03:25","guid":{"rendered":"https:\/\/okm.si\/company\/history\/"},"modified":"2025-04-23T08:34:02","modified_gmt":"2025-04-23T06:34:02","slug":"povijest","status":"publish","type":"page","link":"https:\/\/okm.si\/hr\/tvrtka\/povijest\/","title":{"rendered":"Povijest"},"content":{"rendered":"\n<div class=\"wp-block-columns is-layout-flex wp-container-core-columns-is-layout-9d6595d7 wp-block-columns-is-layout-flex\">\n<div class=\"wp-block-column is-layout-flow wp-block-column-is-layout-flow\" style=\"flex-basis:60%\">\n<h2 class=\"wp-block-heading\">Povijest<\/h2>\n\n\n\n<p><br><strong>Strast za inovacijama od samog po\u010detka<\/strong><br><strong><br><\/strong>Tvrtka OKM osnovana je 1979 godine kao obiteljska tvrtka, s vizijom unaprijedjenja njege vida. Od samog po\u010detka te\u017eimo tome da napravimo razliku &#8211; prvi u zemlji smo po\u010deli proizvoditi korektivne metalne okvire. Godine 1989 pro\u0161irili smo svoje poslovanje na korekcijske le\u0107e, postav\u0161i pioniri u ovom podru\u010dju postavljaju\u0107i temelje za tradiciju kvalitete i pouzdanosti.<\/p>\n\n\n\n<p>Rast, izgradjen na povjerenju i predanosti.<\/p>\n\n\n\n<p>Kako je tvrtka rasla, rasla je i na\u0161a predanost izvrsnosti. Godine 1991 transformiramo se u dru\u0161tvo s ograni\u010denom odgovornosti i centraliziramo proizvodnju u Ajdov\u0161\u010dini, kako bi jo\u0161 bolje slu\u017eili na\u0161im kupcima. \u0160ire\u0107i se na medjunarodna tr\u017ei\u0161ta godine 1999 otvorili smo distribucijsku fran\u0161izu u Hrvatskoj i Srbiji, godine 2004 uveli smo modernu Free-Form proizvodnu tehnologiju te lansirali vlastiti brend progresivnih le\u0107a. Godine 2009 smo u Srbiji u Novom Sadu pokrenuli proizvodnju korekcijskih le\u0107a za srpsko tr\u017ei\u0161te. Zapo\u010deli smo i \u0161irenje na njema\u010dko tr\u017ei\u0161te. U poduze\u0107u OKM &#8221; vjerujemo u izgradnju dugoro\u010dnih partnerstava i pru\u017eanju rje\u0161enja koja zadovoljavaju jedinstvene potrebe opti\u010dara i korisnika nao\u010dala.&#8221;<\/p>\n<\/div>\n\n\n\n<div class=\"wp-block-column is-layout-flow wp-block-column-is-layout-flow\" style=\"flex-basis:40%\">\n<figure class=\"wp-block-image size-full\"><img loading=\"lazy\" decoding=\"async\" width=\"900\" height=\"140\" src=\"https:\/\/okm.si\/wp-content\/uploads\/2025\/02\/certifikat1.png\" alt=\"\" class=\"wp-image-1194\" srcset=\"https:\/\/okm.si\/wp-content\/uploads\/2025\/02\/certifikat1.png 900w, https:\/\/okm.si\/wp-content\/uploads\/2025\/02\/certifikat1-300x47.png 300w, https:\/\/okm.si\/wp-content\/uploads\/2025\/02\/certifikat1-768x119.png 768w\" sizes=\"auto, (max-width: 900px) 100vw, 900px\" \/><\/figure>\n<\/div>\n<\/div>\n","protected":false},"excerpt":{"rendered":"<p>Povijest Strast za inovacijama od samog po\u010detkaTvrtka OKM osnovana je 1979 godine kao obiteljska tvrtka, s vizijom unaprijedjenja njege vida. Od samog po\u010detka te\u017eimo tome da napravimo razliku &#8211; prvi u zemlji smo po\u010deli proizvoditi korektivne metalne okvire. Godine 1989 pro\u0161irili smo svoje poslovanje na korekcijske le\u0107e, postav\u0161i pioniri u ovom podru\u010dju postavljaju\u0107i temelje za [&hellip;]<\/p>\n","protected":false},"author":2,"featured_media":0,"parent":1763,"menu_order":38,"comment_status":"closed","ping_status":"closed","template":"","meta":{"_acf_changed":false,"inline_featured_image":false,"footnotes":""},"class_list":["post-1771","page","type-page","status-publish","hentry"],"acf":[],"yoast_head":"<!-- This site is optimized with the Yoast SEO plugin v27.4 - https:\/\/yoast.com\/product\/yoast-seo-wordpress\/ -->\n<title>Povijest - OKM<\/title>\n<meta name=\"robots\" content=\"index, follow, max-snippet:-1, max-image-preview:large, max-video-preview:-1\" \/>\n<link rel=\"canonical\" href=\"https:\/\/okm.si\/hr\/tvrtka\/povijest\/\" \/>\n<meta property=\"og:locale\" content=\"hr_HR\" \/>\n<meta property=\"og:type\" content=\"article\" \/>\n<meta property=\"og:title\" content=\"Povijest - OKM\" \/>\n<meta property=\"og:description\" content=\"Povijest Strast za inovacijama od samog po\u010detkaTvrtka OKM osnovana je 1979 godine kao obiteljska tvrtka, s vizijom unaprijedjenja njege vida. Od samog po\u010detka te\u017eimo tome da napravimo razliku &#8211; prvi u zemlji smo po\u010deli proizvoditi korektivne metalne okvire. Godine 1989 pro\u0161irili smo svoje poslovanje na korekcijske le\u0107e, postav\u0161i pioniri u ovom podru\u010dju postavljaju\u0107i temelje za [&hellip;]\" \/>\n<meta property=\"og:url\" content=\"https:\/\/okm.si\/hr\/tvrtka\/povijest\/\" \/>\n<meta property=\"og:site_name\" content=\"OKM\" \/>\n<meta property=\"article:modified_time\" content=\"2025-04-23T06:34:02+00:00\" \/>\n<meta property=\"og:image\" content=\"https:\/\/okm.si\/wp-content\/uploads\/2025\/02\/certifikat1.png\" \/>\n\t<meta property=\"og:image:width\" content=\"900\" \/>\n\t<meta property=\"og:image:height\" content=\"140\" \/>\n\t<meta property=\"og:image:type\" content=\"image\/png\" \/>\n<meta name=\"twitter:card\" content=\"summary_large_image\" \/>\n<meta name=\"twitter:label1\" content=\"Procijenjeno vrijeme \u010ditanja\" \/>\n\t<meta name=\"twitter:data1\" content=\"1 minuta\" \/>\n<script type=\"application\/ld+json\" class=\"yoast-schema-graph\">{\"@context\":\"https:\\\/\\\/schema.org\",\"@graph\":[{\"@type\":\"WebPage\",\"@id\":\"https:\\\/\\\/okm.si\\\/hr\\\/tvrtka\\\/povijest\\\/\",\"url\":\"https:\\\/\\\/okm.si\\\/hr\\\/tvrtka\\\/povijest\\\/\",\"name\":\"Povijest - OKM\",\"isPartOf\":{\"@id\":\"https:\\\/\\\/okm.si\\\/sl\\\/#website\"},\"primaryImageOfPage\":{\"@id\":\"https:\\\/\\\/okm.si\\\/hr\\\/tvrtka\\\/povijest\\\/#primaryimage\"},\"image\":{\"@id\":\"https:\\\/\\\/okm.si\\\/hr\\\/tvrtka\\\/povijest\\\/#primaryimage\"},\"thumbnailUrl\":\"https:\\\/\\\/okm.si\\\/wp-content\\\/uploads\\\/2025\\\/02\\\/certifikat1.png\",\"datePublished\":\"2025-01-13T12:03:25+00:00\",\"dateModified\":\"2025-04-23T06:34:02+00:00\",\"breadcrumb\":{\"@id\":\"https:\\\/\\\/okm.si\\\/hr\\\/tvrtka\\\/povijest\\\/#breadcrumb\"},\"inLanguage\":\"hr\",\"potentialAction\":[{\"@type\":\"ReadAction\",\"target\":[\"https:\\\/\\\/okm.si\\\/hr\\\/tvrtka\\\/povijest\\\/\"]}]},{\"@type\":\"ImageObject\",\"inLanguage\":\"hr\",\"@id\":\"https:\\\/\\\/okm.si\\\/hr\\\/tvrtka\\\/povijest\\\/#primaryimage\",\"url\":\"https:\\\/\\\/okm.si\\\/wp-content\\\/uploads\\\/2025\\\/02\\\/certifikat1.png\",\"contentUrl\":\"https:\\\/\\\/okm.si\\\/wp-content\\\/uploads\\\/2025\\\/02\\\/certifikat1.png\"},{\"@type\":\"BreadcrumbList\",\"@id\":\"https:\\\/\\\/okm.si\\\/hr\\\/tvrtka\\\/povijest\\\/#breadcrumb\",\"itemListElement\":[{\"@type\":\"ListItem\",\"position\":1,\"name\":\"Home\",\"item\":\"https:\\\/\\\/okm.si\\\/hr\\\/\"},{\"@type\":\"ListItem\",\"position\":2,\"name\":\"Tvrtka\",\"item\":\"https:\\\/\\\/okm.si\\\/hr\\\/tvrtka\\\/\"},{\"@type\":\"ListItem\",\"position\":3,\"name\":\"Povijest\"}]},{\"@type\":\"WebSite\",\"@id\":\"https:\\\/\\\/okm.si\\\/sl\\\/#website\",\"url\":\"https:\\\/\\\/okm.si\\\/sl\\\/\",\"name\":\"OKM\",\"description\":\"Prescription Lenses manufacturing company\",\"publisher\":{\"@id\":\"https:\\\/\\\/okm.si\\\/sl\\\/#organization\"},\"potentialAction\":[{\"@type\":\"SearchAction\",\"target\":{\"@type\":\"EntryPoint\",\"urlTemplate\":\"https:\\\/\\\/okm.si\\\/sl\\\/?s={search_term_string}\"},\"query-input\":{\"@type\":\"PropertyValueSpecification\",\"valueRequired\":true,\"valueName\":\"search_term_string\"}}],\"inLanguage\":\"hr\"},{\"@type\":\"Organization\",\"@id\":\"https:\\\/\\\/okm.si\\\/sl\\\/#organization\",\"name\":\"OKM d.o.o.\",\"url\":\"https:\\\/\\\/okm.si\\\/sl\\\/\",\"logo\":{\"@type\":\"ImageObject\",\"inLanguage\":\"hr\",\"@id\":\"https:\\\/\\\/okm.si\\\/sl\\\/#\\\/schema\\\/logo\\\/image\\\/\",\"url\":\"https:\\\/\\\/okm.si\\\/wp-content\\\/uploads\\\/2024\\\/12\\\/logo-blue.svg\",\"contentUrl\":\"https:\\\/\\\/okm.si\\\/wp-content\\\/uploads\\\/2024\\\/12\\\/logo-blue.svg\",\"width\":112,\"height\":46,\"caption\":\"OKM d.o.o.\"},\"image\":{\"@id\":\"https:\\\/\\\/okm.si\\\/sl\\\/#\\\/schema\\\/logo\\\/image\\\/\"}}]}<\/script>\n<!-- \/ Yoast SEO plugin. -->","yoast_head_json":{"title":"Povijest - OKM","robots":{"index":"index","follow":"follow","max-snippet":"max-snippet:-1","max-image-preview":"max-image-preview:large","max-video-preview":"max-video-preview:-1"},"canonical":"https:\/\/okm.si\/hr\/tvrtka\/povijest\/","og_locale":"hr_HR","og_type":"article","og_title":"Povijest - OKM","og_description":"Povijest Strast za inovacijama od samog po\u010detkaTvrtka OKM osnovana je 1979 godine kao obiteljska tvrtka, s vizijom unaprijedjenja njege vida. Od samog po\u010detka te\u017eimo tome da napravimo razliku &#8211; prvi u zemlji smo po\u010deli proizvoditi korektivne metalne okvire. Godine 1989 pro\u0161irili smo svoje poslovanje na korekcijske le\u0107e, postav\u0161i pioniri u ovom podru\u010dju postavljaju\u0107i temelje za [&hellip;]","og_url":"https:\/\/okm.si\/hr\/tvrtka\/povijest\/","og_site_name":"OKM","article_modified_time":"2025-04-23T06:34:02+00:00","og_image":[{"width":900,"height":140,"url":"https:\/\/okm.si\/wp-content\/uploads\/2025\/02\/certifikat1.png","type":"image\/png"}],"twitter_card":"summary_large_image","twitter_misc":{"Procijenjeno vrijeme \u010ditanja":"1 minuta"},"schema":{"@context":"https:\/\/schema.org","@graph":[{"@type":"WebPage","@id":"https:\/\/okm.si\/hr\/tvrtka\/povijest\/","url":"https:\/\/okm.si\/hr\/tvrtka\/povijest\/","name":"Povijest - OKM","isPartOf":{"@id":"https:\/\/okm.si\/sl\/#website"},"primaryImageOfPage":{"@id":"https:\/\/okm.si\/hr\/tvrtka\/povijest\/#primaryimage"},"image":{"@id":"https:\/\/okm.si\/hr\/tvrtka\/povijest\/#primaryimage"},"thumbnailUrl":"https:\/\/okm.si\/wp-content\/uploads\/2025\/02\/certifikat1.png","datePublished":"2025-01-13T12:03:25+00:00","dateModified":"2025-04-23T06:34:02+00:00","breadcrumb":{"@id":"https:\/\/okm.si\/hr\/tvrtka\/povijest\/#breadcrumb"},"inLanguage":"hr","potentialAction":[{"@type":"ReadAction","target":["https:\/\/okm.si\/hr\/tvrtka\/povijest\/"]}]},{"@type":"ImageObject","inLanguage":"hr","@id":"https:\/\/okm.si\/hr\/tvrtka\/povijest\/#primaryimage","url":"https:\/\/okm.si\/wp-content\/uploads\/2025\/02\/certifikat1.png","contentUrl":"https:\/\/okm.si\/wp-content\/uploads\/2025\/02\/certifikat1.png"},{"@type":"BreadcrumbList","@id":"https:\/\/okm.si\/hr\/tvrtka\/povijest\/#breadcrumb","itemListElement":[{"@type":"ListItem","position":1,"name":"Home","item":"https:\/\/okm.si\/hr\/"},{"@type":"ListItem","position":2,"name":"Tvrtka","item":"https:\/\/okm.si\/hr\/tvrtka\/"},{"@type":"ListItem","position":3,"name":"Povijest"}]},{"@type":"WebSite","@id":"https:\/\/okm.si\/sl\/#website","url":"https:\/\/okm.si\/sl\/","name":"OKM","description":"Prescription Lenses manufacturing company","publisher":{"@id":"https:\/\/okm.si\/sl\/#organization"},"potentialAction":[{"@type":"SearchAction","target":{"@type":"EntryPoint","urlTemplate":"https:\/\/okm.si\/sl\/?s={search_term_string}"},"query-input":{"@type":"PropertyValueSpecification","valueRequired":true,"valueName":"search_term_string"}}],"inLanguage":"hr"},{"@type":"Organization","@id":"https:\/\/okm.si\/sl\/#organization","name":"OKM d.o.o.","url":"https:\/\/okm.si\/sl\/","logo":{"@type":"ImageObject","inLanguage":"hr","@id":"https:\/\/okm.si\/sl\/#\/schema\/logo\/image\/","url":"https:\/\/okm.si\/wp-content\/uploads\/2024\/12\/logo-blue.svg","contentUrl":"https:\/\/okm.si\/wp-content\/uploads\/2024\/12\/logo-blue.svg","width":112,"height":46,"caption":"OKM d.o.o."},"image":{"@id":"https:\/\/okm.si\/sl\/#\/schema\/logo\/image\/"}}]}},"_links":{"self":[{"href":"https:\/\/okm.si\/hr\/wp-json\/wp\/v2\/pages\/1771","targetHints":{"allow":["GET"]}}],"collection":[{"href":"https:\/\/okm.si\/hr\/wp-json\/wp\/v2\/pages"}],"about":[{"href":"https:\/\/okm.si\/hr\/wp-json\/wp\/v2\/types\/page"}],"author":[{"embeddable":true,"href":"https:\/\/okm.si\/hr\/wp-json\/wp\/v2\/users\/2"}],"replies":[{"embeddable":true,"href":"https:\/\/okm.si\/hr\/wp-json\/wp\/v2\/comments?post=1771"}],"version-history":[{"count":1,"href":"https:\/\/okm.si\/hr\/wp-json\/wp\/v2\/pages\/1771\/revisions"}],"predecessor-version":[{"id":2230,"href":"https:\/\/okm.si\/hr\/wp-json\/wp\/v2\/pages\/1771\/revisions\/2230"}],"up":[{"embeddable":true,"href":"https:\/\/okm.si\/hr\/wp-json\/wp\/v2\/pages\/1763"}],"wp:attachment":[{"href":"https:\/\/okm.si\/hr\/wp-json\/wp\/v2\/media?parent=1771"}],"curies":[{"name":"wp","href":"https:\/\/api.w.org\/{rel}","templated":true}]}}