{"id":1491,"date":"2024-12-12T12:24:36","date_gmt":"2024-12-12T11:24:36","guid":{"rendered":"https:\/\/okm.si\/privacy-policy-and-data-protection\/"},"modified":"2025-04-08T11:11:29","modified_gmt":"2025-04-08T09:11:29","slug":"datenschutzerklaerung","status":"publish","type":"page","link":"https:\/\/okm.si\/de\/datenschutzerklaerung\/","title":{"rendered":"Datenschutz\u00aderkl\u00e4rung"},"content":{"rendered":"\n<h1 class=\"wp-block-heading\">Datenschutz\u00aderkl\u00e4rung<\/h1>\n\n\n\n<p>Der Schutz Ihrer pers\u00f6nlichen Daten ist uns wichtig. Wir behandeln Ihre Daten gem\u00e4\u00df den geltenden Datenschutzgesetzen, insbesondere der DSGVO.<\/p>\n\n\n\n<h4 class=\"wp-block-heading\"><strong>Welche Daten erheben wir?<\/strong><\/h4>\n\n\n\n<p>Wenn Sie das Kontaktformular auf unserer Website <a href=\"http:\/\/www.okm.si\" target=\"_blank\" rel=\"noreferrer noopener\">www.okm.si<\/a> ausf\u00fcllen, erfassen wir folgende Informationen:<\/p>\n\n\n\n<ul class=\"wp-block-list\">\n<li>Ihren Vor- und Nachnamen<\/li>\n\n\n\n<li>Ihre E-Mail-Adresse<\/li>\n\n\n\n<li>Ihre Telefonnummer (sofern angegeben)<\/li>\n\n\n\n<li>Die Nachricht, die Sie uns senden<\/li>\n<\/ul>\n\n\n\n<h4 class=\"wp-block-heading\"><strong>Zweck der Datenerhebung<\/strong><\/h4>\n\n\n\n<p>Die erfassten Daten verwenden wir ausschlie\u00dflich zu folgenden Zwecken:<\/p>\n\n\n\n<ul class=\"wp-block-list\">\n<li>Zur Kontaktaufnahme und Beantwortung Ihrer Anfrage<\/li>\n\n\n\n<li>Zur Verbesserung der Nutzererfahrung auf unserer Website<\/li>\n\n\n\n<li>Zur Bereitstellung der angefragten Informationen und Leistungen<\/li>\n<\/ul>\n\n\n\n<h4 class=\"wp-block-heading\"><strong>Speicherung der Daten<\/strong><\/h4>\n\n\n\n<p>Ihre personenbezogenen Daten werden nur so lange gespeichert, wie es zur Erf\u00fcllung der oben genannten Zwecke erforderlich ist. Anschlie\u00dfend werden sie gel\u00f6scht. Eine Weitergabe an Dritte erfolgt nicht ohne Ihre ausdr\u00fcckliche Einwilligung.<\/p>\n\n\n\n<h4 class=\"wp-block-heading\"><strong>Ihre Rechte<\/strong><\/h4>\n\n\n\n<p>Sie haben gem\u00e4\u00df den geltenden gesetzlichen Bestimmungen das Recht auf Auskunft \u00fcber Ihre gespeicherten Daten, auf Berichtigung oder L\u00f6schung sowie auf Einschr\u00e4nkung der Verarbeitung. Zudem steht Ihnen das Recht zu, der Verarbeitung Ihrer Daten zu widersprechen. Wenn Sie eines dieser Rechte aus\u00fcben m\u00f6chten, kontaktieren Sie uns bitte unter <a class=\"\">okm@okm.si<\/a>.<\/p>\n\n\n\n<h4 class=\"wp-block-heading\"><strong>Contact Information<\/strong><\/h4>\n\n\n\n<p>Wenn Sie eines dieser Rechte wahrnehmen m\u00f6chten, wenden Sie sich bitte an uns:<br><strong>E-Mail: <\/strong><a href=\"mailto:okm@okm.si\">okm@okm.si<br><\/a><strong>Telefon:<\/strong> +386 (0)5 365 92 10<\/p>\n\n\n\n<p><\/p>\n","protected":false},"excerpt":{"rendered":"<p>Datenschutz\u00aderkl\u00e4rung Der Schutz Ihrer pers\u00f6nlichen Daten ist uns wichtig. Wir behandeln Ihre Daten gem\u00e4\u00df den geltenden Datenschutzgesetzen, insbesondere der DSGVO. Welche Daten erheben wir? Wenn Sie das Kontaktformular auf unserer Website www.okm.si ausf\u00fcllen, erfassen wir folgende Informationen: Zweck der Datenerhebung Die erfassten Daten verwenden wir ausschlie\u00dflich zu folgenden Zwecken: Speicherung der Daten Ihre personenbezogenen Daten [&hellip;]<\/p>\n","protected":false},"author":2,"featured_media":0,"parent":0,"menu_order":67,"comment_status":"closed","ping_status":"closed","template":"","meta":{"_acf_changed":false,"inline_featured_image":false,"footnotes":""},"class_list":["post-1491","page","type-page","status-publish","hentry"],"acf":[],"yoast_head":"<!-- This site is optimized with the Yoast SEO plugin v27.4 - https:\/\/yoast.com\/product\/yoast-seo-wordpress\/ -->\n<title>Datenschutz\u00aderkl\u00e4rung - OKM<\/title>\n<meta name=\"robots\" content=\"index, follow, max-snippet:-1, max-image-preview:large, max-video-preview:-1\" \/>\n<link rel=\"canonical\" href=\"https:\/\/okm.si\/de\/datenschutzerklaerung\/\" \/>\n<meta property=\"og:locale\" content=\"de_DE\" \/>\n<meta property=\"og:type\" content=\"article\" \/>\n<meta property=\"og:title\" content=\"Datenschutz\u00aderkl\u00e4rung - OKM\" \/>\n<meta property=\"og:description\" content=\"Datenschutz\u00aderkl\u00e4rung Der Schutz Ihrer pers\u00f6nlichen Daten ist uns wichtig. Wir behandeln Ihre Daten gem\u00e4\u00df den geltenden Datenschutzgesetzen, insbesondere der DSGVO. Welche Daten erheben wir? Wenn Sie das Kontaktformular auf unserer Website www.okm.si ausf\u00fcllen, erfassen wir folgende Informationen: Zweck der Datenerhebung Die erfassten Daten verwenden wir ausschlie\u00dflich zu folgenden Zwecken: Speicherung der Daten Ihre personenbezogenen Daten [&hellip;]\" \/>\n<meta property=\"og:url\" content=\"https:\/\/okm.si\/de\/datenschutzerklaerung\/\" \/>\n<meta property=\"og:site_name\" content=\"OKM\" \/>\n<meta property=\"article:modified_time\" content=\"2025-04-08T09:11:29+00:00\" \/>\n<meta name=\"twitter:card\" content=\"summary_large_image\" \/>\n<meta name=\"twitter:label1\" content=\"Gesch\u00e4tzte Lesezeit\" \/>\n\t<meta name=\"twitter:data1\" content=\"1\u00a0Minute\" \/>\n<script type=\"application\/ld+json\" class=\"yoast-schema-graph\">{\"@context\":\"https:\\\/\\\/schema.org\",\"@graph\":[{\"@type\":\"WebPage\",\"@id\":\"https:\\\/\\\/okm.si\\\/de\\\/datenschutzerklaerung\\\/\",\"url\":\"https:\\\/\\\/okm.si\\\/de\\\/datenschutzerklaerung\\\/\",\"name\":\"Datenschutz\u00aderkl\u00e4rung - OKM\",\"isPartOf\":{\"@id\":\"https:\\\/\\\/okm.si\\\/sl\\\/#website\"},\"datePublished\":\"2024-12-12T11:24:36+00:00\",\"dateModified\":\"2025-04-08T09:11:29+00:00\",\"breadcrumb\":{\"@id\":\"https:\\\/\\\/okm.si\\\/de\\\/datenschutzerklaerung\\\/#breadcrumb\"},\"inLanguage\":\"de\",\"potentialAction\":[{\"@type\":\"ReadAction\",\"target\":[\"https:\\\/\\\/okm.si\\\/de\\\/datenschutzerklaerung\\\/\"]}]},{\"@type\":\"BreadcrumbList\",\"@id\":\"https:\\\/\\\/okm.si\\\/de\\\/datenschutzerklaerung\\\/#breadcrumb\",\"itemListElement\":[{\"@type\":\"ListItem\",\"position\":1,\"name\":\"Home\",\"item\":\"https:\\\/\\\/okm.si\\\/de\\\/\"},{\"@type\":\"ListItem\",\"position\":2,\"name\":\"Datenschutz\u00aderkl\u00e4rung\"}]},{\"@type\":\"WebSite\",\"@id\":\"https:\\\/\\\/okm.si\\\/sl\\\/#website\",\"url\":\"https:\\\/\\\/okm.si\\\/sl\\\/\",\"name\":\"OKM\",\"description\":\"Prescription Lenses manufacturing company\",\"publisher\":{\"@id\":\"https:\\\/\\\/okm.si\\\/sl\\\/#organization\"},\"potentialAction\":[{\"@type\":\"SearchAction\",\"target\":{\"@type\":\"EntryPoint\",\"urlTemplate\":\"https:\\\/\\\/okm.si\\\/sl\\\/?s={search_term_string}\"},\"query-input\":{\"@type\":\"PropertyValueSpecification\",\"valueRequired\":true,\"valueName\":\"search_term_string\"}}],\"inLanguage\":\"de\"},{\"@type\":\"Organization\",\"@id\":\"https:\\\/\\\/okm.si\\\/sl\\\/#organization\",\"name\":\"OKM d.o.o.\",\"url\":\"https:\\\/\\\/okm.si\\\/sl\\\/\",\"logo\":{\"@type\":\"ImageObject\",\"inLanguage\":\"de\",\"@id\":\"https:\\\/\\\/okm.si\\\/sl\\\/#\\\/schema\\\/logo\\\/image\\\/\",\"url\":\"https:\\\/\\\/okm.si\\\/wp-content\\\/uploads\\\/2024\\\/12\\\/logo-blue.svg\",\"contentUrl\":\"https:\\\/\\\/okm.si\\\/wp-content\\\/uploads\\\/2024\\\/12\\\/logo-blue.svg\",\"width\":112,\"height\":46,\"caption\":\"OKM d.o.o.\"},\"image\":{\"@id\":\"https:\\\/\\\/okm.si\\\/sl\\\/#\\\/schema\\\/logo\\\/image\\\/\"}}]}<\/script>\n<!-- \/ Yoast SEO plugin. -->","yoast_head_json":{"title":"Datenschutz\u00aderkl\u00e4rung - OKM","robots":{"index":"index","follow":"follow","max-snippet":"max-snippet:-1","max-image-preview":"max-image-preview:large","max-video-preview":"max-video-preview:-1"},"canonical":"https:\/\/okm.si\/de\/datenschutzerklaerung\/","og_locale":"de_DE","og_type":"article","og_title":"Datenschutz\u00aderkl\u00e4rung - OKM","og_description":"Datenschutz\u00aderkl\u00e4rung Der Schutz Ihrer pers\u00f6nlichen Daten ist uns wichtig. Wir behandeln Ihre Daten gem\u00e4\u00df den geltenden Datenschutzgesetzen, insbesondere der DSGVO. Welche Daten erheben wir? Wenn Sie das Kontaktformular auf unserer Website www.okm.si ausf\u00fcllen, erfassen wir folgende Informationen: Zweck der Datenerhebung Die erfassten Daten verwenden wir ausschlie\u00dflich zu folgenden Zwecken: Speicherung der Daten Ihre personenbezogenen Daten [&hellip;]","og_url":"https:\/\/okm.si\/de\/datenschutzerklaerung\/","og_site_name":"OKM","article_modified_time":"2025-04-08T09:11:29+00:00","twitter_card":"summary_large_image","twitter_misc":{"Gesch\u00e4tzte Lesezeit":"1\u00a0Minute"},"schema":{"@context":"https:\/\/schema.org","@graph":[{"@type":"WebPage","@id":"https:\/\/okm.si\/de\/datenschutzerklaerung\/","url":"https:\/\/okm.si\/de\/datenschutzerklaerung\/","name":"Datenschutz\u00aderkl\u00e4rung - OKM","isPartOf":{"@id":"https:\/\/okm.si\/sl\/#website"},"datePublished":"2024-12-12T11:24:36+00:00","dateModified":"2025-04-08T09:11:29+00:00","breadcrumb":{"@id":"https:\/\/okm.si\/de\/datenschutzerklaerung\/#breadcrumb"},"inLanguage":"de","potentialAction":[{"@type":"ReadAction","target":["https:\/\/okm.si\/de\/datenschutzerklaerung\/"]}]},{"@type":"BreadcrumbList","@id":"https:\/\/okm.si\/de\/datenschutzerklaerung\/#breadcrumb","itemListElement":[{"@type":"ListItem","position":1,"name":"Home","item":"https:\/\/okm.si\/de\/"},{"@type":"ListItem","position":2,"name":"Datenschutz\u00aderkl\u00e4rung"}]},{"@type":"WebSite","@id":"https:\/\/okm.si\/sl\/#website","url":"https:\/\/okm.si\/sl\/","name":"OKM","description":"Prescription Lenses manufacturing company","publisher":{"@id":"https:\/\/okm.si\/sl\/#organization"},"potentialAction":[{"@type":"SearchAction","target":{"@type":"EntryPoint","urlTemplate":"https:\/\/okm.si\/sl\/?s={search_term_string}"},"query-input":{"@type":"PropertyValueSpecification","valueRequired":true,"valueName":"search_term_string"}}],"inLanguage":"de"},{"@type":"Organization","@id":"https:\/\/okm.si\/sl\/#organization","name":"OKM d.o.o.","url":"https:\/\/okm.si\/sl\/","logo":{"@type":"ImageObject","inLanguage":"de","@id":"https:\/\/okm.si\/sl\/#\/schema\/logo\/image\/","url":"https:\/\/okm.si\/wp-content\/uploads\/2024\/12\/logo-blue.svg","contentUrl":"https:\/\/okm.si\/wp-content\/uploads\/2024\/12\/logo-blue.svg","width":112,"height":46,"caption":"OKM d.o.o."},"image":{"@id":"https:\/\/okm.si\/sl\/#\/schema\/logo\/image\/"}}]}},"_links":{"self":[{"href":"https:\/\/okm.si\/de\/wp-json\/wp\/v2\/pages\/1491","targetHints":{"allow":["GET"]}}],"collection":[{"href":"https:\/\/okm.si\/de\/wp-json\/wp\/v2\/pages"}],"about":[{"href":"https:\/\/okm.si\/de\/wp-json\/wp\/v2\/types\/page"}],"author":[{"embeddable":true,"href":"https:\/\/okm.si\/de\/wp-json\/wp\/v2\/users\/2"}],"replies":[{"embeddable":true,"href":"https:\/\/okm.si\/de\/wp-json\/wp\/v2\/comments?post=1491"}],"version-history":[{"count":1,"href":"https:\/\/okm.si\/de\/wp-json\/wp\/v2\/pages\/1491\/revisions"}],"predecessor-version":[{"id":1493,"href":"https:\/\/okm.si\/de\/wp-json\/wp\/v2\/pages\/1491\/revisions\/1493"}],"wp:attachment":[{"href":"https:\/\/okm.si\/de\/wp-json\/wp\/v2\/media?parent=1491"}],"curies":[{"name":"wp","href":"https:\/\/api.w.org\/{rel}","templated":true}]}}