{"id":1488,"date":"2025-01-13T12:37:20","date_gmt":"2025-01-13T11:37:20","guid":{"rendered":"https:\/\/okm.si\/sustainability\/"},"modified":"2025-05-06T12:20:33","modified_gmt":"2025-05-06T10:20:33","slug":"nachhaltigkeit","status":"publish","type":"page","link":"https:\/\/okm.si\/de\/nachhaltigkeit\/","title":{"rendered":"Nachhaltigkeit"},"content":{"rendered":"\n<h2 class=\"wp-block-heading\">Nachhaltigkeit<\/h2>\n\n\n\n<div class=\"wp-block-columns is-layout-flex wp-container-core-columns-is-layout-9d6595d7 wp-block-columns-is-layout-flex\">\n<div class=\"wp-block-column is-layout-flow wp-block-column-is-layout-flow\" style=\"flex-basis:60%\">\n<p><strong>Verantwortung f\u00fcr heute und morgen<\/strong><\/p>\n\n\n\n<p><br>Nachhaltigkeit ist f\u00fcr uns nicht nur ein Wert, sondern eine Verpflichtung gegen\u00fcber kommenden Generationen. Unser Ziel ist es, h\u00f6chste Produktqualit\u00e4t mit umweltbewusstem Handeln zu vereinen. Deshalb integrieren wir erneuerbare und recycelbare Materialien in s\u00e4mtliche Produktions- und Betriebsprozesse.<\/p>\n\n\n\n<p>Im Sinne einer verantwortungsvollen Ressourcennutzung entwickeln wir unsere Arbeitsabl\u00e4ufe kontinuierlich weiter \u2013 mit dem Anspruch, Umwelt und Lebensgrundlagen langfristig zu sch\u00fctzen.<\/p>\n\n\n\n<p><br><strong>Eigene Energie \u2013 saubere L\u00f6sung<\/strong><br><br>Unser Engagement f\u00fcr Nachhaltigkeit geht \u00fcber die Produktion hinaus. Mit einer eigenen Photovoltaikanlage und einem unabh\u00e4ngigen Energieversorgungssystem reduzieren wir gezielt unsere Abh\u00e4ngigkeit von externen Stromquellen. Auf diese Weise leisten wir einen aktiven Beitrag zur Senkung von Emissionen und setzen bewusst auf erneuerbare Energiel\u00f6sungen.<\/p>\n\n\n\n<p><br><strong>Umweltbewusst in jedem Schritt<\/strong><br><br>Nachhaltigkeit ist in allen Phasen unserer Produktion fest verankert \u2013 von der Auswahl der Rohstoffe bis hin zum fertigen Produkt. Wir setzen konsequent auf energieeffiziente Maschinen, moderne Recyclingl\u00f6sungen und wassersparende Technologien, um Abfall zu reduzieren und unsere Umweltbelastung so gering wie m\u00f6glich zu halten.<\/p>\n\n\n\n<p>K\u00fchl- und Abfallsysteme werden aktiv \u00fcberwacht, um ein sauberes, umweltfreundliches Arbeitsumfeld zu gew\u00e4hrleisten. Unser Hartschichtverfahren ist speziell auf Energie- und Wassereffizienz ausgelegt. Dar\u00fcber hinaus arbeiten wir mit Dry-Cut-Technologie, die ohne Bl\u00f6cke und Pads auskommt \u2013 und so nicht nur den Ressourcenverbrauch, sondern auch den Papierbedarf im gesamten Ablauf deutlich reduziert.<\/p>\n\n\n\n<p>Durch all diese Ma\u00dfnahmen senken wir unseren CO\u2082-Fu\u00dfabdruck kontinuierlich und leisten einen aktiven Beitrag zu einer nachhaltigeren Zukunft.<\/p>\n\n\n\n<p><br><strong>Verantwortungsvoll versenden<br><\/strong><br>Unsere Umweltverantwortung endet nicht bei der Produktion \u2013 sie setzt sich auch in unseren Logistik- und Versandprozessen fort. Durch den gezielten Einsatz optimierter Verpackungen und umweltfreundlicher Transportmethoden reduzieren wir Emissionen und vermeiden unn\u00f6tigen Abfall.<\/p>\n\n\n\n<p>Dazu geh\u00f6rt auch die B\u00fcndelung von Sendungen sowie die Zusammenarbeit mit Transportunternehmen, die nachhaltige Praktiken f\u00f6rdern. So stellen wir sicher, dass unsere Produkte nicht nur sicher, sondern auch umweltschonend bei unseren Kundinnen und Kunden ankommen \u2013 im Einklang mit unseren \u00f6kologischen Grunds\u00e4tzen.<\/p>\n<\/div>\n\n\n\n<div class=\"wp-block-column is-layout-flow wp-block-column-is-layout-flow\" style=\"flex-basis:40%\"><\/div>\n<\/div>\n\n\n\n<p><\/p>\n","protected":false},"excerpt":{"rendered":"<p>Nachhaltigkeit Verantwortung f\u00fcr heute und morgen Nachhaltigkeit ist f\u00fcr uns nicht nur ein Wert, sondern eine Verpflichtung gegen\u00fcber kommenden Generationen. Unser Ziel ist es, h\u00f6chste Produktqualit\u00e4t mit umweltbewusstem Handeln zu vereinen. Deshalb integrieren wir erneuerbare und recycelbare Materialien in s\u00e4mtliche Produktions- und Betriebsprozesse. Im Sinne einer verantwortungsvollen Ressourcennutzung entwickeln wir unsere Arbeitsabl\u00e4ufe kontinuierlich weiter \u2013 [&hellip;]<\/p>\n","protected":false},"author":2,"featured_media":0,"parent":0,"menu_order":59,"comment_status":"closed","ping_status":"closed","template":"","meta":{"_acf_changed":false,"inline_featured_image":false,"footnotes":""},"class_list":["post-1488","page","type-page","status-publish","hentry"],"acf":[],"yoast_head":"<!-- This site is optimized with the Yoast SEO plugin v27.4 - https:\/\/yoast.com\/product\/yoast-seo-wordpress\/ -->\n<title>Nachhaltigkeit - OKM<\/title>\n<meta name=\"description\" content=\"OKM setzt auf umweltfreundliche Verpackungen, emissionsarme Transporte und verantwortungsvolle Logistikl\u00f6sungen.\" \/>\n<meta name=\"robots\" content=\"index, follow, max-snippet:-1, max-image-preview:large, max-video-preview:-1\" \/>\n<link rel=\"canonical\" href=\"https:\/\/okm.si\/de\/nachhaltigkeit\/\" \/>\n<meta property=\"og:locale\" content=\"de_DE\" \/>\n<meta property=\"og:type\" content=\"article\" \/>\n<meta property=\"og:title\" content=\"Nachhaltigkeit - OKM\" \/>\n<meta property=\"og:description\" content=\"OKM setzt auf umweltfreundliche Verpackungen, emissionsarme Transporte und verantwortungsvolle Logistikl\u00f6sungen.\" \/>\n<meta property=\"og:url\" content=\"https:\/\/okm.si\/de\/nachhaltigkeit\/\" \/>\n<meta property=\"og:site_name\" content=\"OKM\" \/>\n<meta property=\"article:modified_time\" content=\"2025-05-06T10:20:33+00:00\" \/>\n<meta name=\"twitter:card\" content=\"summary_large_image\" \/>\n<meta name=\"twitter:label1\" content=\"Gesch\u00e4tzte Lesezeit\" \/>\n\t<meta name=\"twitter:data1\" content=\"2\u00a0Minuten\" \/>\n<script type=\"application\/ld+json\" class=\"yoast-schema-graph\">{\"@context\":\"https:\\\/\\\/schema.org\",\"@graph\":[{\"@type\":\"WebPage\",\"@id\":\"https:\\\/\\\/okm.si\\\/de\\\/nachhaltigkeit\\\/\",\"url\":\"https:\\\/\\\/okm.si\\\/de\\\/nachhaltigkeit\\\/\",\"name\":\"Nachhaltigkeit - OKM\",\"isPartOf\":{\"@id\":\"https:\\\/\\\/okm.si\\\/sl\\\/#website\"},\"datePublished\":\"2025-01-13T11:37:20+00:00\",\"dateModified\":\"2025-05-06T10:20:33+00:00\",\"description\":\"OKM setzt auf umweltfreundliche Verpackungen, emissionsarme Transporte und verantwortungsvolle Logistikl\u00f6sungen.\",\"breadcrumb\":{\"@id\":\"https:\\\/\\\/okm.si\\\/de\\\/nachhaltigkeit\\\/#breadcrumb\"},\"inLanguage\":\"de\",\"potentialAction\":[{\"@type\":\"ReadAction\",\"target\":[\"https:\\\/\\\/okm.si\\\/de\\\/nachhaltigkeit\\\/\"]}]},{\"@type\":\"BreadcrumbList\",\"@id\":\"https:\\\/\\\/okm.si\\\/de\\\/nachhaltigkeit\\\/#breadcrumb\",\"itemListElement\":[{\"@type\":\"ListItem\",\"position\":1,\"name\":\"Home\",\"item\":\"https:\\\/\\\/okm.si\\\/de\\\/\"},{\"@type\":\"ListItem\",\"position\":2,\"name\":\"Nachhaltigkeit\"}]},{\"@type\":\"WebSite\",\"@id\":\"https:\\\/\\\/okm.si\\\/sl\\\/#website\",\"url\":\"https:\\\/\\\/okm.si\\\/sl\\\/\",\"name\":\"OKM\",\"description\":\"Prescription Lenses manufacturing company\",\"publisher\":{\"@id\":\"https:\\\/\\\/okm.si\\\/sl\\\/#organization\"},\"potentialAction\":[{\"@type\":\"SearchAction\",\"target\":{\"@type\":\"EntryPoint\",\"urlTemplate\":\"https:\\\/\\\/okm.si\\\/sl\\\/?s={search_term_string}\"},\"query-input\":{\"@type\":\"PropertyValueSpecification\",\"valueRequired\":true,\"valueName\":\"search_term_string\"}}],\"inLanguage\":\"de\"},{\"@type\":\"Organization\",\"@id\":\"https:\\\/\\\/okm.si\\\/sl\\\/#organization\",\"name\":\"OKM d.o.o.\",\"url\":\"https:\\\/\\\/okm.si\\\/sl\\\/\",\"logo\":{\"@type\":\"ImageObject\",\"inLanguage\":\"de\",\"@id\":\"https:\\\/\\\/okm.si\\\/sl\\\/#\\\/schema\\\/logo\\\/image\\\/\",\"url\":\"https:\\\/\\\/okm.si\\\/wp-content\\\/uploads\\\/2024\\\/12\\\/logo-blue.svg\",\"contentUrl\":\"https:\\\/\\\/okm.si\\\/wp-content\\\/uploads\\\/2024\\\/12\\\/logo-blue.svg\",\"width\":112,\"height\":46,\"caption\":\"OKM d.o.o.\"},\"image\":{\"@id\":\"https:\\\/\\\/okm.si\\\/sl\\\/#\\\/schema\\\/logo\\\/image\\\/\"}}]}<\/script>\n<!-- \/ Yoast SEO plugin. -->","yoast_head_json":{"title":"Nachhaltigkeit - OKM","description":"OKM setzt auf umweltfreundliche Verpackungen, emissionsarme Transporte und verantwortungsvolle Logistikl\u00f6sungen.","robots":{"index":"index","follow":"follow","max-snippet":"max-snippet:-1","max-image-preview":"max-image-preview:large","max-video-preview":"max-video-preview:-1"},"canonical":"https:\/\/okm.si\/de\/nachhaltigkeit\/","og_locale":"de_DE","og_type":"article","og_title":"Nachhaltigkeit - OKM","og_description":"OKM setzt auf umweltfreundliche Verpackungen, emissionsarme Transporte und verantwortungsvolle Logistikl\u00f6sungen.","og_url":"https:\/\/okm.si\/de\/nachhaltigkeit\/","og_site_name":"OKM","article_modified_time":"2025-05-06T10:20:33+00:00","twitter_card":"summary_large_image","twitter_misc":{"Gesch\u00e4tzte Lesezeit":"2\u00a0Minuten"},"schema":{"@context":"https:\/\/schema.org","@graph":[{"@type":"WebPage","@id":"https:\/\/okm.si\/de\/nachhaltigkeit\/","url":"https:\/\/okm.si\/de\/nachhaltigkeit\/","name":"Nachhaltigkeit - OKM","isPartOf":{"@id":"https:\/\/okm.si\/sl\/#website"},"datePublished":"2025-01-13T11:37:20+00:00","dateModified":"2025-05-06T10:20:33+00:00","description":"OKM setzt auf umweltfreundliche Verpackungen, emissionsarme Transporte und verantwortungsvolle Logistikl\u00f6sungen.","breadcrumb":{"@id":"https:\/\/okm.si\/de\/nachhaltigkeit\/#breadcrumb"},"inLanguage":"de","potentialAction":[{"@type":"ReadAction","target":["https:\/\/okm.si\/de\/nachhaltigkeit\/"]}]},{"@type":"BreadcrumbList","@id":"https:\/\/okm.si\/de\/nachhaltigkeit\/#breadcrumb","itemListElement":[{"@type":"ListItem","position":1,"name":"Home","item":"https:\/\/okm.si\/de\/"},{"@type":"ListItem","position":2,"name":"Nachhaltigkeit"}]},{"@type":"WebSite","@id":"https:\/\/okm.si\/sl\/#website","url":"https:\/\/okm.si\/sl\/","name":"OKM","description":"Prescription Lenses manufacturing company","publisher":{"@id":"https:\/\/okm.si\/sl\/#organization"},"potentialAction":[{"@type":"SearchAction","target":{"@type":"EntryPoint","urlTemplate":"https:\/\/okm.si\/sl\/?s={search_term_string}"},"query-input":{"@type":"PropertyValueSpecification","valueRequired":true,"valueName":"search_term_string"}}],"inLanguage":"de"},{"@type":"Organization","@id":"https:\/\/okm.si\/sl\/#organization","name":"OKM d.o.o.","url":"https:\/\/okm.si\/sl\/","logo":{"@type":"ImageObject","inLanguage":"de","@id":"https:\/\/okm.si\/sl\/#\/schema\/logo\/image\/","url":"https:\/\/okm.si\/wp-content\/uploads\/2024\/12\/logo-blue.svg","contentUrl":"https:\/\/okm.si\/wp-content\/uploads\/2024\/12\/logo-blue.svg","width":112,"height":46,"caption":"OKM d.o.o."},"image":{"@id":"https:\/\/okm.si\/sl\/#\/schema\/logo\/image\/"}}]}},"_links":{"self":[{"href":"https:\/\/okm.si\/de\/wp-json\/wp\/v2\/pages\/1488","targetHints":{"allow":["GET"]}}],"collection":[{"href":"https:\/\/okm.si\/de\/wp-json\/wp\/v2\/pages"}],"about":[{"href":"https:\/\/okm.si\/de\/wp-json\/wp\/v2\/types\/page"}],"author":[{"embeddable":true,"href":"https:\/\/okm.si\/de\/wp-json\/wp\/v2\/users\/2"}],"replies":[{"embeddable":true,"href":"https:\/\/okm.si\/de\/wp-json\/wp\/v2\/comments?post=1488"}],"version-history":[{"count":1,"href":"https:\/\/okm.si\/de\/wp-json\/wp\/v2\/pages\/1488\/revisions"}],"predecessor-version":[{"id":1490,"href":"https:\/\/okm.si\/de\/wp-json\/wp\/v2\/pages\/1488\/revisions\/1490"}],"wp:attachment":[{"href":"https:\/\/okm.si\/de\/wp-json\/wp\/v2\/media?parent=1488"}],"curies":[{"name":"wp","href":"https:\/\/api.w.org\/{rel}","templated":true}]}}