{"id":1482,"date":"2025-01-13T13:06:43","date_gmt":"2025-01-13T12:06:43","guid":{"rendered":"https:\/\/okm.si\/company\/team\/"},"modified":"2025-04-08T11:04:28","modified_gmt":"2025-04-08T09:04:28","slug":"unser-team","status":"publish","type":"page","link":"https:\/\/okm.si\/de\/unternehmen\/unser-team\/","title":{"rendered":"Unser Team"},"content":{"rendered":"\n<div class=\"wp-block-columns is-layout-flex wp-container-core-columns-is-layout-9d6595d7 wp-block-columns-is-layout-flex\">\n<div class=\"wp-block-column is-layout-flow wp-block-column-is-layout-flow\" style=\"flex-basis:60%\">\n<h2 class=\"wp-block-heading\">Unser Team<\/h2>\n\n\n\n<p><br><strong>Fachkompetenz, der man vertrauen kann<\/strong><\/p>\n\n\n\n<p><br>Bei OKM steht hinter jeder L\u00f6sung ein engagiertes Team. Jede Mitarbeiterin und jeder Mitarbeiter bringt Fachwissen, Kreativit\u00e4t und Leidenschaft in die t\u00e4gliche Arbeit ein \u2013 eine Kombination aus langj\u00e4hriger Erfahrung und frischen Perspektiven, die Innovation im Bereich der Korrektionsoptik vorantreibt.<\/p>\n\n\n\n<p>Unser eingespieltes Team arbeitet eng zusammen, f\u00f6rdert Vertrauen und Zusammenarbeit \u2013 und verk\u00f6rpert damit die Werte eines familiengef\u00fchrten Unternehmens, das sich gleichzeitig auf die Anforderungen eines internationalen Marktes ausrichtet.<\/p>\n\n\n\n<p>Gemeinsam entwickeln wir nicht nur Produkte, sondern bauen langfristige Partnerschaften auf und schaffen L\u00f6sungen, die Augenoptikerinnen und Augenoptikern helfen, erfolgreich zu sein.<\/p>\n\n\n\n<p><br><strong>Pr\u00e4zision mit Anspruch. Sehen mit Perspektive.<\/strong><\/p>\n<\/div>\n\n\n\n<div class=\"wp-block-column is-layout-flow wp-block-column-is-layout-flow\" style=\"flex-basis:40%\">\n<p><\/p>\n<\/div>\n<\/div>\n\n\n\n<p><\/p>\n","protected":false},"excerpt":{"rendered":"<p>Unser Team Fachkompetenz, der man vertrauen kann Bei OKM steht hinter jeder L\u00f6sung ein engagiertes Team. Jede Mitarbeiterin und jeder Mitarbeiter bringt Fachwissen, Kreativit\u00e4t und Leidenschaft in die t\u00e4gliche Arbeit ein \u2013 eine Kombination aus langj\u00e4hriger Erfahrung und frischen Perspektiven, die Innovation im Bereich der Korrektionsoptik vorantreibt. Unser eingespieltes Team arbeitet eng zusammen, f\u00f6rdert Vertrauen [&hellip;]<\/p>\n","protected":false},"author":2,"featured_media":0,"parent":1477,"menu_order":47,"comment_status":"closed","ping_status":"closed","template":"","meta":{"_acf_changed":false,"inline_featured_image":false,"footnotes":""},"class_list":["post-1482","page","type-page","status-publish","hentry"],"acf":[],"yoast_head":"<!-- This site is optimized with the Yoast SEO plugin v27.3 - https:\/\/yoast.com\/product\/yoast-seo-wordpress\/ -->\n<title>Unser Team - OKM<\/title>\n<meta name=\"robots\" content=\"index, follow, max-snippet:-1, max-image-preview:large, max-video-preview:-1\" \/>\n<link rel=\"canonical\" href=\"https:\/\/okm.si\/de\/unternehmen\/unser-team\/\" \/>\n<meta property=\"og:locale\" content=\"de_DE\" \/>\n<meta property=\"og:type\" content=\"article\" \/>\n<meta property=\"og:title\" content=\"Unser Team - OKM\" \/>\n<meta property=\"og:description\" content=\"Unser Team Fachkompetenz, der man vertrauen kann Bei OKM steht hinter jeder L\u00f6sung ein engagiertes Team. Jede Mitarbeiterin und jeder Mitarbeiter bringt Fachwissen, Kreativit\u00e4t und Leidenschaft in die t\u00e4gliche Arbeit ein \u2013 eine Kombination aus langj\u00e4hriger Erfahrung und frischen Perspektiven, die Innovation im Bereich der Korrektionsoptik vorantreibt. Unser eingespieltes Team arbeitet eng zusammen, f\u00f6rdert Vertrauen [&hellip;]\" \/>\n<meta property=\"og:url\" content=\"https:\/\/okm.si\/de\/unternehmen\/unser-team\/\" \/>\n<meta property=\"og:site_name\" content=\"OKM\" \/>\n<meta property=\"article:modified_time\" content=\"2025-04-08T09:04:28+00:00\" \/>\n<meta name=\"twitter:card\" content=\"summary_large_image\" \/>\n<meta name=\"twitter:label1\" content=\"Gesch\u00e4tzte Lesezeit\" \/>\n\t<meta name=\"twitter:data1\" content=\"1\u00a0Minute\" \/>\n<script type=\"application\/ld+json\" class=\"yoast-schema-graph\">{\"@context\":\"https:\\\/\\\/schema.org\",\"@graph\":[{\"@type\":\"WebPage\",\"@id\":\"https:\\\/\\\/okm.si\\\/de\\\/unternehmen\\\/unser-team\\\/\",\"url\":\"https:\\\/\\\/okm.si\\\/de\\\/unternehmen\\\/unser-team\\\/\",\"name\":\"Unser Team - OKM\",\"isPartOf\":{\"@id\":\"https:\\\/\\\/okm.si\\\/sl\\\/#website\"},\"datePublished\":\"2025-01-13T12:06:43+00:00\",\"dateModified\":\"2025-04-08T09:04:28+00:00\",\"breadcrumb\":{\"@id\":\"https:\\\/\\\/okm.si\\\/de\\\/unternehmen\\\/unser-team\\\/#breadcrumb\"},\"inLanguage\":\"de\",\"potentialAction\":[{\"@type\":\"ReadAction\",\"target\":[\"https:\\\/\\\/okm.si\\\/de\\\/unternehmen\\\/unser-team\\\/\"]}]},{\"@type\":\"BreadcrumbList\",\"@id\":\"https:\\\/\\\/okm.si\\\/de\\\/unternehmen\\\/unser-team\\\/#breadcrumb\",\"itemListElement\":[{\"@type\":\"ListItem\",\"position\":1,\"name\":\"Home\",\"item\":\"https:\\\/\\\/okm.si\\\/de\\\/\"},{\"@type\":\"ListItem\",\"position\":2,\"name\":\"Unternehmen\",\"item\":\"https:\\\/\\\/okm.si\\\/de\\\/unternehmen\\\/\"},{\"@type\":\"ListItem\",\"position\":3,\"name\":\"Unser Team\"}]},{\"@type\":\"WebSite\",\"@id\":\"https:\\\/\\\/okm.si\\\/sl\\\/#website\",\"url\":\"https:\\\/\\\/okm.si\\\/sl\\\/\",\"name\":\"OKM\",\"description\":\"Prescription Lenses manufacturing company\",\"publisher\":{\"@id\":\"https:\\\/\\\/okm.si\\\/sl\\\/#organization\"},\"potentialAction\":[{\"@type\":\"SearchAction\",\"target\":{\"@type\":\"EntryPoint\",\"urlTemplate\":\"https:\\\/\\\/okm.si\\\/sl\\\/?s={search_term_string}\"},\"query-input\":{\"@type\":\"PropertyValueSpecification\",\"valueRequired\":true,\"valueName\":\"search_term_string\"}}],\"inLanguage\":\"de\"},{\"@type\":\"Organization\",\"@id\":\"https:\\\/\\\/okm.si\\\/sl\\\/#organization\",\"name\":\"OKM d.o.o.\",\"url\":\"https:\\\/\\\/okm.si\\\/sl\\\/\",\"logo\":{\"@type\":\"ImageObject\",\"inLanguage\":\"de\",\"@id\":\"https:\\\/\\\/okm.si\\\/sl\\\/#\\\/schema\\\/logo\\\/image\\\/\",\"url\":\"https:\\\/\\\/okm.si\\\/wp-content\\\/uploads\\\/2024\\\/12\\\/logo-blue.svg\",\"contentUrl\":\"https:\\\/\\\/okm.si\\\/wp-content\\\/uploads\\\/2024\\\/12\\\/logo-blue.svg\",\"width\":112,\"height\":46,\"caption\":\"OKM d.o.o.\"},\"image\":{\"@id\":\"https:\\\/\\\/okm.si\\\/sl\\\/#\\\/schema\\\/logo\\\/image\\\/\"}}]}<\/script>\n<!-- \/ Yoast SEO plugin. -->","yoast_head_json":{"title":"Unser Team - OKM","robots":{"index":"index","follow":"follow","max-snippet":"max-snippet:-1","max-image-preview":"max-image-preview:large","max-video-preview":"max-video-preview:-1"},"canonical":"https:\/\/okm.si\/de\/unternehmen\/unser-team\/","og_locale":"de_DE","og_type":"article","og_title":"Unser Team - OKM","og_description":"Unser Team Fachkompetenz, der man vertrauen kann Bei OKM steht hinter jeder L\u00f6sung ein engagiertes Team. Jede Mitarbeiterin und jeder Mitarbeiter bringt Fachwissen, Kreativit\u00e4t und Leidenschaft in die t\u00e4gliche Arbeit ein \u2013 eine Kombination aus langj\u00e4hriger Erfahrung und frischen Perspektiven, die Innovation im Bereich der Korrektionsoptik vorantreibt. Unser eingespieltes Team arbeitet eng zusammen, f\u00f6rdert Vertrauen [&hellip;]","og_url":"https:\/\/okm.si\/de\/unternehmen\/unser-team\/","og_site_name":"OKM","article_modified_time":"2025-04-08T09:04:28+00:00","twitter_card":"summary_large_image","twitter_misc":{"Gesch\u00e4tzte Lesezeit":"1\u00a0Minute"},"schema":{"@context":"https:\/\/schema.org","@graph":[{"@type":"WebPage","@id":"https:\/\/okm.si\/de\/unternehmen\/unser-team\/","url":"https:\/\/okm.si\/de\/unternehmen\/unser-team\/","name":"Unser Team - OKM","isPartOf":{"@id":"https:\/\/okm.si\/sl\/#website"},"datePublished":"2025-01-13T12:06:43+00:00","dateModified":"2025-04-08T09:04:28+00:00","breadcrumb":{"@id":"https:\/\/okm.si\/de\/unternehmen\/unser-team\/#breadcrumb"},"inLanguage":"de","potentialAction":[{"@type":"ReadAction","target":["https:\/\/okm.si\/de\/unternehmen\/unser-team\/"]}]},{"@type":"BreadcrumbList","@id":"https:\/\/okm.si\/de\/unternehmen\/unser-team\/#breadcrumb","itemListElement":[{"@type":"ListItem","position":1,"name":"Home","item":"https:\/\/okm.si\/de\/"},{"@type":"ListItem","position":2,"name":"Unternehmen","item":"https:\/\/okm.si\/de\/unternehmen\/"},{"@type":"ListItem","position":3,"name":"Unser Team"}]},{"@type":"WebSite","@id":"https:\/\/okm.si\/sl\/#website","url":"https:\/\/okm.si\/sl\/","name":"OKM","description":"Prescription Lenses manufacturing company","publisher":{"@id":"https:\/\/okm.si\/sl\/#organization"},"potentialAction":[{"@type":"SearchAction","target":{"@type":"EntryPoint","urlTemplate":"https:\/\/okm.si\/sl\/?s={search_term_string}"},"query-input":{"@type":"PropertyValueSpecification","valueRequired":true,"valueName":"search_term_string"}}],"inLanguage":"de"},{"@type":"Organization","@id":"https:\/\/okm.si\/sl\/#organization","name":"OKM d.o.o.","url":"https:\/\/okm.si\/sl\/","logo":{"@type":"ImageObject","inLanguage":"de","@id":"https:\/\/okm.si\/sl\/#\/schema\/logo\/image\/","url":"https:\/\/okm.si\/wp-content\/uploads\/2024\/12\/logo-blue.svg","contentUrl":"https:\/\/okm.si\/wp-content\/uploads\/2024\/12\/logo-blue.svg","width":112,"height":46,"caption":"OKM d.o.o."},"image":{"@id":"https:\/\/okm.si\/sl\/#\/schema\/logo\/image\/"}}]}},"_links":{"self":[{"href":"https:\/\/okm.si\/de\/wp-json\/wp\/v2\/pages\/1482","targetHints":{"allow":["GET"]}}],"collection":[{"href":"https:\/\/okm.si\/de\/wp-json\/wp\/v2\/pages"}],"about":[{"href":"https:\/\/okm.si\/de\/wp-json\/wp\/v2\/types\/page"}],"author":[{"embeddable":true,"href":"https:\/\/okm.si\/de\/wp-json\/wp\/v2\/users\/2"}],"replies":[{"embeddable":true,"href":"https:\/\/okm.si\/de\/wp-json\/wp\/v2\/comments?post=1482"}],"version-history":[{"count":2,"href":"https:\/\/okm.si\/de\/wp-json\/wp\/v2\/pages\/1482\/revisions"}],"predecessor-version":[{"id":1780,"href":"https:\/\/okm.si\/de\/wp-json\/wp\/v2\/pages\/1482\/revisions\/1780"}],"up":[{"embeddable":true,"href":"https:\/\/okm.si\/de\/wp-json\/wp\/v2\/pages\/1477"}],"wp:attachment":[{"href":"https:\/\/okm.si\/de\/wp-json\/wp\/v2\/media?parent=1482"}],"curies":[{"name":"wp","href":"https:\/\/api.w.org\/{rel}","templated":true}]}}