{"id":1479,"date":"2025-01-13T13:03:25","date_gmt":"2025-01-13T12:03:25","guid":{"rendered":"https:\/\/okm.si\/company\/history\/"},"modified":"2025-04-08T11:02:30","modified_gmt":"2025-04-08T09:02:30","slug":"geschichte","status":"publish","type":"page","link":"https:\/\/okm.si\/de\/unternehmen\/geschichte\/","title":{"rendered":"Geschichte"},"content":{"rendered":"\n<div class=\"wp-block-columns is-layout-flex wp-container-core-columns-is-layout-9d6595d7 wp-block-columns-is-layout-flex\">\n<div class=\"wp-block-column is-layout-flow wp-block-column-is-layout-flow\" style=\"flex-basis:60%\">\n<h2 class=\"wp-block-heading\">Geschichte<\/h2>\n\n\n\n<p><br><strong>Von Anfang an getrieben von Innovationsgeist<\/strong><br><strong><br><\/strong>Seit der Gr\u00fcndung im Jahr 1979 ist OKM ein familiengef\u00fchrtes Unternehmen mit einer klaren Vision: die Qualit\u00e4t der Augenoptik stetig zu verbessern. Bereits in den Anfangsjahren setzten wir neue Ma\u00dfst\u00e4be, indem wir als Erste im Land Metallfassungen f\u00fcr Korrektionsbrillen entwickelten. 1989 wagten wir den Schritt in die Fertigung von Korrektionsgl\u00e4sern \u2013 ein Meilenstein, der unsere Begeisterung f\u00fcr Innovation und h\u00f6chste Qualit\u00e4t bis heute pr\u00e4gt.<\/p>\n\n\n\n<p><br><strong>Nachhaltiges Wachstum durch Vertrauen und Verl\u00e4sslichkeit<\/strong><br><strong><br><\/strong>Mit dem Wachstum des Unternehmens wuchs auch unser Anspruch an Qualit\u00e4t und Kundenzufriedenheit. 1991 erfolgte die Umwandlung in eine Gesellschaft mit beschr\u00e4nkter Haftung und die Zentralisierung unserer Aktivit\u00e4ten am Standort Ajdov\u0161\u010dina, um effizienter auf die Bed\u00fcrfnisse unserer Partner reagieren zu k\u00f6nnen. 1999 erweiterten wir unsere Pr\u00e4senz mit einer Vertriebsniederlassung in Kroatien und Serbien. Seit 2004 setzen wir auf modernste Freeform-Technologie und lancierten unsere eigene Marke f\u00fcr Gleitsichtgl\u00e4ser. Im Jahr 2009 haben wir in Novi Sad (Serbien) eine Produktionsst\u00e4tte f\u00fcr Korrektionsgl\u00e4ser eingerichtet, um den serbischen Markt gezielt zu bedienen. Gleichzeitig haben wir mit der Expansion in den deutschen Markt begonnen.<\/p>\n\n\n\n<p>Wir glauben an langfristige Partnerschaften und ma\u00dfgeschneiderte L\u00f6sungen \u2013 mit dem Ziel, Augenoptikerinnen und Augenoptiker in ihrer t\u00e4glichen Arbeit bestm\u00f6glich zu unterst\u00fctzen. So haben wir auch bisher gearbeitet und m\u00f6chten diesen Weg weiterhin gemeinsam gehen.<\/p>\n\n\n\n<p><br><strong>Gemeinsam in die Zukunft<\/strong><br><strong><br><\/strong>2024 haben wir unsere Aktivit\u00e4ten mit der Er\u00f6ffnung eines neuen Produktionszentrums in Novi Sad (Serbien) sowie dem Eintritt in den \u00f6sterreichischen Markt gezielt erweitert. Beides steht f\u00fcr unseren Anspruch, technologische Weiterentwicklung mit internationaler Pr\u00e4senz zu verbinden.<\/p>\n\n\n\n<p>O.K.M. bleibt ein familiengef\u00fchrtes Unternehmen \u2013 heute unter der Leitung von Jaka Kukovi\u010d in zweiter Generation. Unser Ziel ist es, hochwertige und individuell anpassbare L\u00f6sungen f\u00fcr die moderne Augenoptik bereitzustellen. Im Mittelpunkt stehen dabei stets unsere Partner, ihre Anforderungen und ihr Erfolg.<\/p>\n\n\n\n<p><br>Unsere Mission: Eine Vision von Qualit\u00e4t<\/p>\n\n\n\n<p><br>Als inhabergef\u00fchrter Unternehmen setzen wir auf klare Strukturen, Verl\u00e4sslichkeit, fachliche Kontinuit\u00e4t und partnerschaftliche Zusammenarbeit. Unser Anspruch ist es, Augenoptikerinnen und -optikern innovative Korrektionsglasl\u00f6sungen bereitzustellen, die den aktuellen Anforderungen des Marktes gerecht werden. Durch laufende Weiterentwicklung in Produktion, Materialien und Service schaffen wir die Grundlage f\u00fcr dauerhaft pr\u00e4zises Sehen \u2013 und f\u00fcr Vertrauen, das bleibt.<\/p>\n<\/div>\n\n\n\n<div class=\"wp-block-column is-layout-flow wp-block-column-is-layout-flow\" style=\"flex-basis:40%\">\n<figure class=\"wp-block-image size-full\"><img loading=\"lazy\" decoding=\"async\" width=\"900\" height=\"140\" src=\"https:\/\/okm.si\/wp-content\/uploads\/2025\/02\/certifikat1.png\" alt=\"\" class=\"wp-image-1194\" srcset=\"https:\/\/okm.si\/wp-content\/uploads\/2025\/02\/certifikat1.png 900w, https:\/\/okm.si\/wp-content\/uploads\/2025\/02\/certifikat1-300x47.png 300w, https:\/\/okm.si\/wp-content\/uploads\/2025\/02\/certifikat1-768x119.png 768w\" sizes=\"auto, (max-width: 900px) 100vw, 900px\" \/><\/figure>\n<\/div>\n<\/div>\n","protected":false},"excerpt":{"rendered":"<p>Geschichte Von Anfang an getrieben von InnovationsgeistSeit der Gr\u00fcndung im Jahr 1979 ist OKM ein familiengef\u00fchrtes Unternehmen mit einer klaren Vision: die Qualit\u00e4t der Augenoptik stetig zu verbessern. Bereits in den Anfangsjahren setzten wir neue Ma\u00dfst\u00e4be, indem wir als Erste im Land Metallfassungen f\u00fcr Korrektionsbrillen entwickelten. 1989 wagten wir den Schritt in die Fertigung von [&hellip;]<\/p>\n","protected":false},"author":2,"featured_media":0,"parent":1477,"menu_order":38,"comment_status":"closed","ping_status":"closed","template":"","meta":{"_acf_changed":false,"inline_featured_image":false,"footnotes":""},"class_list":["post-1479","page","type-page","status-publish","hentry"],"acf":[],"yoast_head":"<!-- This site is optimized with the Yoast SEO plugin v27.4 - https:\/\/yoast.com\/product\/yoast-seo-wordpress\/ -->\n<title>Geschichte - OKM<\/title>\n<meta name=\"robots\" content=\"index, follow, max-snippet:-1, max-image-preview:large, max-video-preview:-1\" \/>\n<link rel=\"canonical\" href=\"https:\/\/okm.si\/de\/unternehmen\/geschichte\/\" \/>\n<meta property=\"og:locale\" content=\"de_DE\" \/>\n<meta property=\"og:type\" content=\"article\" \/>\n<meta property=\"og:title\" content=\"Geschichte - OKM\" \/>\n<meta property=\"og:description\" content=\"Geschichte Von Anfang an getrieben von InnovationsgeistSeit der Gr\u00fcndung im Jahr 1979 ist OKM ein familiengef\u00fchrtes Unternehmen mit einer klaren Vision: die Qualit\u00e4t der Augenoptik stetig zu verbessern. Bereits in den Anfangsjahren setzten wir neue Ma\u00dfst\u00e4be, indem wir als Erste im Land Metallfassungen f\u00fcr Korrektionsbrillen entwickelten. 1989 wagten wir den Schritt in die Fertigung von [&hellip;]\" \/>\n<meta property=\"og:url\" content=\"https:\/\/okm.si\/de\/unternehmen\/geschichte\/\" \/>\n<meta property=\"og:site_name\" content=\"OKM\" \/>\n<meta property=\"article:modified_time\" content=\"2025-04-08T09:02:30+00:00\" \/>\n<meta property=\"og:image\" content=\"https:\/\/okm.si\/wp-content\/uploads\/2025\/02\/certifikat1.png\" \/>\n\t<meta property=\"og:image:width\" content=\"900\" \/>\n\t<meta property=\"og:image:height\" content=\"140\" \/>\n\t<meta property=\"og:image:type\" content=\"image\/png\" \/>\n<meta name=\"twitter:card\" content=\"summary_large_image\" \/>\n<meta name=\"twitter:label1\" content=\"Gesch\u00e4tzte Lesezeit\" \/>\n\t<meta name=\"twitter:data1\" content=\"2\u00a0Minuten\" \/>\n<script type=\"application\/ld+json\" class=\"yoast-schema-graph\">{\"@context\":\"https:\\\/\\\/schema.org\",\"@graph\":[{\"@type\":\"WebPage\",\"@id\":\"https:\\\/\\\/okm.si\\\/de\\\/unternehmen\\\/geschichte\\\/\",\"url\":\"https:\\\/\\\/okm.si\\\/de\\\/unternehmen\\\/geschichte\\\/\",\"name\":\"Geschichte - OKM\",\"isPartOf\":{\"@id\":\"https:\\\/\\\/okm.si\\\/sl\\\/#website\"},\"primaryImageOfPage\":{\"@id\":\"https:\\\/\\\/okm.si\\\/de\\\/unternehmen\\\/geschichte\\\/#primaryimage\"},\"image\":{\"@id\":\"https:\\\/\\\/okm.si\\\/de\\\/unternehmen\\\/geschichte\\\/#primaryimage\"},\"thumbnailUrl\":\"https:\\\/\\\/okm.si\\\/wp-content\\\/uploads\\\/2025\\\/02\\\/certifikat1.png\",\"datePublished\":\"2025-01-13T12:03:25+00:00\",\"dateModified\":\"2025-04-08T09:02:30+00:00\",\"breadcrumb\":{\"@id\":\"https:\\\/\\\/okm.si\\\/de\\\/unternehmen\\\/geschichte\\\/#breadcrumb\"},\"inLanguage\":\"de\",\"potentialAction\":[{\"@type\":\"ReadAction\",\"target\":[\"https:\\\/\\\/okm.si\\\/de\\\/unternehmen\\\/geschichte\\\/\"]}]},{\"@type\":\"ImageObject\",\"inLanguage\":\"de\",\"@id\":\"https:\\\/\\\/okm.si\\\/de\\\/unternehmen\\\/geschichte\\\/#primaryimage\",\"url\":\"https:\\\/\\\/okm.si\\\/wp-content\\\/uploads\\\/2025\\\/02\\\/certifikat1.png\",\"contentUrl\":\"https:\\\/\\\/okm.si\\\/wp-content\\\/uploads\\\/2025\\\/02\\\/certifikat1.png\"},{\"@type\":\"BreadcrumbList\",\"@id\":\"https:\\\/\\\/okm.si\\\/de\\\/unternehmen\\\/geschichte\\\/#breadcrumb\",\"itemListElement\":[{\"@type\":\"ListItem\",\"position\":1,\"name\":\"Home\",\"item\":\"https:\\\/\\\/okm.si\\\/de\\\/\"},{\"@type\":\"ListItem\",\"position\":2,\"name\":\"Unternehmen\",\"item\":\"https:\\\/\\\/okm.si\\\/de\\\/unternehmen\\\/\"},{\"@type\":\"ListItem\",\"position\":3,\"name\":\"Geschichte\"}]},{\"@type\":\"WebSite\",\"@id\":\"https:\\\/\\\/okm.si\\\/sl\\\/#website\",\"url\":\"https:\\\/\\\/okm.si\\\/sl\\\/\",\"name\":\"OKM\",\"description\":\"Prescription Lenses manufacturing company\",\"publisher\":{\"@id\":\"https:\\\/\\\/okm.si\\\/sl\\\/#organization\"},\"potentialAction\":[{\"@type\":\"SearchAction\",\"target\":{\"@type\":\"EntryPoint\",\"urlTemplate\":\"https:\\\/\\\/okm.si\\\/sl\\\/?s={search_term_string}\"},\"query-input\":{\"@type\":\"PropertyValueSpecification\",\"valueRequired\":true,\"valueName\":\"search_term_string\"}}],\"inLanguage\":\"de\"},{\"@type\":\"Organization\",\"@id\":\"https:\\\/\\\/okm.si\\\/sl\\\/#organization\",\"name\":\"OKM d.o.o.\",\"url\":\"https:\\\/\\\/okm.si\\\/sl\\\/\",\"logo\":{\"@type\":\"ImageObject\",\"inLanguage\":\"de\",\"@id\":\"https:\\\/\\\/okm.si\\\/sl\\\/#\\\/schema\\\/logo\\\/image\\\/\",\"url\":\"https:\\\/\\\/okm.si\\\/wp-content\\\/uploads\\\/2024\\\/12\\\/logo-blue.svg\",\"contentUrl\":\"https:\\\/\\\/okm.si\\\/wp-content\\\/uploads\\\/2024\\\/12\\\/logo-blue.svg\",\"width\":112,\"height\":46,\"caption\":\"OKM d.o.o.\"},\"image\":{\"@id\":\"https:\\\/\\\/okm.si\\\/sl\\\/#\\\/schema\\\/logo\\\/image\\\/\"}}]}<\/script>\n<!-- \/ Yoast SEO plugin. -->","yoast_head_json":{"title":"Geschichte - OKM","robots":{"index":"index","follow":"follow","max-snippet":"max-snippet:-1","max-image-preview":"max-image-preview:large","max-video-preview":"max-video-preview:-1"},"canonical":"https:\/\/okm.si\/de\/unternehmen\/geschichte\/","og_locale":"de_DE","og_type":"article","og_title":"Geschichte - OKM","og_description":"Geschichte Von Anfang an getrieben von InnovationsgeistSeit der Gr\u00fcndung im Jahr 1979 ist OKM ein familiengef\u00fchrtes Unternehmen mit einer klaren Vision: die Qualit\u00e4t der Augenoptik stetig zu verbessern. Bereits in den Anfangsjahren setzten wir neue Ma\u00dfst\u00e4be, indem wir als Erste im Land Metallfassungen f\u00fcr Korrektionsbrillen entwickelten. 1989 wagten wir den Schritt in die Fertigung von [&hellip;]","og_url":"https:\/\/okm.si\/de\/unternehmen\/geschichte\/","og_site_name":"OKM","article_modified_time":"2025-04-08T09:02:30+00:00","og_image":[{"width":900,"height":140,"url":"https:\/\/okm.si\/wp-content\/uploads\/2025\/02\/certifikat1.png","type":"image\/png"}],"twitter_card":"summary_large_image","twitter_misc":{"Gesch\u00e4tzte Lesezeit":"2\u00a0Minuten"},"schema":{"@context":"https:\/\/schema.org","@graph":[{"@type":"WebPage","@id":"https:\/\/okm.si\/de\/unternehmen\/geschichte\/","url":"https:\/\/okm.si\/de\/unternehmen\/geschichte\/","name":"Geschichte - OKM","isPartOf":{"@id":"https:\/\/okm.si\/sl\/#website"},"primaryImageOfPage":{"@id":"https:\/\/okm.si\/de\/unternehmen\/geschichte\/#primaryimage"},"image":{"@id":"https:\/\/okm.si\/de\/unternehmen\/geschichte\/#primaryimage"},"thumbnailUrl":"https:\/\/okm.si\/wp-content\/uploads\/2025\/02\/certifikat1.png","datePublished":"2025-01-13T12:03:25+00:00","dateModified":"2025-04-08T09:02:30+00:00","breadcrumb":{"@id":"https:\/\/okm.si\/de\/unternehmen\/geschichte\/#breadcrumb"},"inLanguage":"de","potentialAction":[{"@type":"ReadAction","target":["https:\/\/okm.si\/de\/unternehmen\/geschichte\/"]}]},{"@type":"ImageObject","inLanguage":"de","@id":"https:\/\/okm.si\/de\/unternehmen\/geschichte\/#primaryimage","url":"https:\/\/okm.si\/wp-content\/uploads\/2025\/02\/certifikat1.png","contentUrl":"https:\/\/okm.si\/wp-content\/uploads\/2025\/02\/certifikat1.png"},{"@type":"BreadcrumbList","@id":"https:\/\/okm.si\/de\/unternehmen\/geschichte\/#breadcrumb","itemListElement":[{"@type":"ListItem","position":1,"name":"Home","item":"https:\/\/okm.si\/de\/"},{"@type":"ListItem","position":2,"name":"Unternehmen","item":"https:\/\/okm.si\/de\/unternehmen\/"},{"@type":"ListItem","position":3,"name":"Geschichte"}]},{"@type":"WebSite","@id":"https:\/\/okm.si\/sl\/#website","url":"https:\/\/okm.si\/sl\/","name":"OKM","description":"Prescription Lenses manufacturing company","publisher":{"@id":"https:\/\/okm.si\/sl\/#organization"},"potentialAction":[{"@type":"SearchAction","target":{"@type":"EntryPoint","urlTemplate":"https:\/\/okm.si\/sl\/?s={search_term_string}"},"query-input":{"@type":"PropertyValueSpecification","valueRequired":true,"valueName":"search_term_string"}}],"inLanguage":"de"},{"@type":"Organization","@id":"https:\/\/okm.si\/sl\/#organization","name":"OKM d.o.o.","url":"https:\/\/okm.si\/sl\/","logo":{"@type":"ImageObject","inLanguage":"de","@id":"https:\/\/okm.si\/sl\/#\/schema\/logo\/image\/","url":"https:\/\/okm.si\/wp-content\/uploads\/2024\/12\/logo-blue.svg","contentUrl":"https:\/\/okm.si\/wp-content\/uploads\/2024\/12\/logo-blue.svg","width":112,"height":46,"caption":"OKM d.o.o."},"image":{"@id":"https:\/\/okm.si\/sl\/#\/schema\/logo\/image\/"}}]}},"_links":{"self":[{"href":"https:\/\/okm.si\/de\/wp-json\/wp\/v2\/pages\/1479","targetHints":{"allow":["GET"]}}],"collection":[{"href":"https:\/\/okm.si\/de\/wp-json\/wp\/v2\/pages"}],"about":[{"href":"https:\/\/okm.si\/de\/wp-json\/wp\/v2\/types\/page"}],"author":[{"embeddable":true,"href":"https:\/\/okm.si\/de\/wp-json\/wp\/v2\/users\/2"}],"replies":[{"embeddable":true,"href":"https:\/\/okm.si\/de\/wp-json\/wp\/v2\/comments?post=1479"}],"version-history":[{"count":1,"href":"https:\/\/okm.si\/de\/wp-json\/wp\/v2\/pages\/1479\/revisions"}],"predecessor-version":[{"id":1481,"href":"https:\/\/okm.si\/de\/wp-json\/wp\/v2\/pages\/1479\/revisions\/1481"}],"up":[{"embeddable":true,"href":"https:\/\/okm.si\/de\/wp-json\/wp\/v2\/pages\/1477"}],"wp:attachment":[{"href":"https:\/\/okm.si\/de\/wp-json\/wp\/v2\/media?parent=1479"}],"curies":[{"name":"wp","href":"https:\/\/api.w.org\/{rel}","templated":true}]}}